{"id":16101,"date":"2024-01-15T13:48:57","date_gmt":"2024-01-15T13:48:57","guid":{"rendered":"https:\/\/www.manheim-express.eu\/?page_id=16101"},"modified":"2024-01-15T13:48:58","modified_gmt":"2024-01-15T13:48:58","slug":"auto1","status":"publish","type":"page","link":"https:\/\/www.manheim-express.eu\/de\/glossar\/auto1\/","title":{"rendered":"Auto1"},"content":{"rendered":"\t\t<div data-elementor-type=\"wp-page\" data-elementor-id=\"16101\" class=\"elementor elementor-16101\" data-elementor-post-type=\"page\">\n\t\t\t\t\t\t<section class=\"elementor-section elementor-top-section elementor-element elementor-element-5ad223c elementor-section-full_width elementor-section-stretched elementor-section-height-default elementor-section-height-default\" data-id=\"5ad223c\" data-element_type=\"section\" data-settings=\"{&quot;stretch_section&quot;:&quot;section-stretched&quot;}\">\n\t\t\t\t\t\t<div class=\"elementor-container elementor-column-gap-default\">\n\t\t\t\t\t<div class=\"elementor-column elementor-col-50 elementor-top-column elementor-element elementor-element-d3b519c\" data-id=\"d3b519c\" data-element_type=\"column\" data-settings=\"{&quot;background_background&quot;:&quot;classic&quot;}\">\n\t\t\t<div class=\"elementor-widget-wrap elementor-element-populated\">\n\t\t\t\t\t\t<div class=\"elementor-element elementor-element-036dc3a elementor-widget elementor-widget-text-editor\" data-id=\"036dc3a\" data-element_type=\"widget\" data-widget_type=\"text-editor.default\">\n\t\t\t\t<div class=\"elementor-widget-container\">\n\t\t\t\t\t\t\t\t\t<h2>Erfahren Sie mehr zu Auto1 und Manheim Express<\/h2>\t\t\t\t\t\t\t\t<\/div>\n\t\t\t\t<\/div>\n\t\t\t\t<div class=\"elementor-element elementor-element-21c3353 elementor-widget elementor-widget-text-editor\" data-id=\"21c3353\" data-element_type=\"widget\" data-widget_type=\"text-editor.default\">\n\t\t\t\t<div class=\"elementor-widget-container\">\n\t\t\t\t\t\t\t\t\t<h3 class=\"\">Willkommen im Informationsbereich von Manheim Express!<\/h3>\t\t\t\t\t\t\t\t<\/div>\n\t\t\t\t<\/div>\n\t\t\t\t<div class=\"elementor-element elementor-element-c37119d elementor-widget elementor-widget-text-editor\" data-id=\"c37119d\" data-element_type=\"widget\" data-widget_type=\"text-editor.default\">\n\t\t\t\t<div class=\"elementor-widget-container\">\n\t\t\t\t\t\t\t\t\t<p>Wir bieten Ihnen ein breites Spektrum an Informationen und Optionen zum Thema Online-Trading mit gebrauchten Fahrzeugen. Als innovative Handelsplattform sind wir Ihr Partner beim Zu- und Ankauf von Gebrauchtwagen im H\u00e4ndlergesch\u00e4ft.<\/p><p>Inzahlungnahmen lassen sich mit Manheim Express deutlich schneller und einfacher abwickeln als mit anderen Anbietern. Schauen Sie sich in Ruhe auf unserem Portal um.<\/p>\t\t\t\t\t\t\t\t<\/div>\n\t\t\t\t<\/div>\n\t\t\t\t<div class=\"elementor-element elementor-element-76774e4 elementor-widget elementor-widget-button\" data-id=\"76774e4\" data-element_type=\"widget\" data-widget_type=\"button.default\">\n\t\t\t\t<div class=\"elementor-widget-container\">\n\t\t\t\t\t\t\t\t\t<div class=\"elementor-button-wrapper\">\n\t\t\t\t\t<a class=\"elementor-button elementor-button-link elementor-size-lg\" href=\"#\">\n\t\t\t\t\t\t<span class=\"elementor-button-content-wrapper\">\n\t\t\t\t\t\t\t\t\t<span class=\"elementor-button-text\">Mehr Infos finden Sie hier<\/span>\n\t\t\t\t\t<\/span>\n\t\t\t\t\t<\/a>\n\t\t\t\t<\/div>\n\t\t\t\t\t\t\t\t<\/div>\n\t\t\t\t<\/div>\n\t\t\t\t<div class=\"elementor-element elementor-element-93513c7 elementor-widget elementor-widget-image\" data-id=\"93513c7\" data-element_type=\"widget\" data-widget_type=\"image.default\">\n\t\t\t\t<div class=\"elementor-widget-container\">\n\t\t\t\t\t\t\t\t\t\t\t\t\t\t\t<img fetchpriority=\"high\" decoding=\"async\" width=\"800\" height=\"389\" src=\"https:\/\/www.manheim-express.eu\/wp-content\/uploads\/2022\/11\/Manheim-Express-Estate-car.png\" class=\"attachment-large size-large wp-image-14639\" alt=\"\" srcset=\"https:\/\/www.manheim-express.eu\/wp-content\/uploads\/2022\/11\/Manheim-Express-Estate-car.png 1024w, https:\/\/www.manheim-express.eu\/wp-content\/uploads\/2022\/11\/Manheim-Express-Estate-car-300x146.png 300w, https:\/\/www.manheim-express.eu\/wp-content\/uploads\/2022\/11\/Manheim-Express-Estate-car-768x374.png 768w\" sizes=\"(max-width: 800px) 100vw, 800px\" \/>\t\t\t\t\t\t\t\t\t\t\t\t\t\t\t<\/div>\n\t\t\t\t<\/div>\n\t\t\t\t\t<\/div>\n\t\t<\/div>\n\t\t\t\t<div class=\"elementor-column elementor-col-50 elementor-top-column elementor-element elementor-element-213236b\" data-id=\"213236b\" data-element_type=\"column\" data-settings=\"{&quot;background_background&quot;:&quot;classic&quot;}\">\n\t\t\t<div class=\"elementor-widget-wrap elementor-element-populated\">\n\t\t\t\t\t\t<div class=\"elementor-element elementor-element-e9c050a elementor-widget elementor-widget-text-editor\" data-id=\"e9c050a\" data-element_type=\"widget\" data-widget_type=\"text-editor.default\">\n\t\t\t\t<div class=\"elementor-widget-container\">\n\t\t\t\t\t\t\t\t\t<h2>AUTO1 \u2013 Allgemeine Informationen<\/h2>\t\t\t\t\t\t\t\t<\/div>\n\t\t\t\t<\/div>\n\t\t\t\t<div class=\"elementor-element elementor-element-8d896a4 elementor-widget elementor-widget-text-editor\" data-id=\"8d896a4\" data-element_type=\"widget\" data-widget_type=\"text-editor.default\">\n\t\t\t\t<div class=\"elementor-widget-container\">\n\t\t\t\t\t\t\t\t\t<p>AUTO1 ist ein markenunabh\u00e4ngiger Automobilgro\u00dfh\u00e4ndler, der sich an den gewerblichen Fachhandel richtet. Das Unternehmen wurde 2013 in Berlin gegr\u00fcndet, dort befindet sich auch der Hauptsitz von AUTO1. Erste Niederlassungen im europ\u00e4ischen Ausland entstanden in der Folge in Italien, Polen und den Niederlanden. Es folgte eine weitere Expansion in das europ\u00e4ische Ausland. Als Dienstleister f\u00fcr den Handel von H\u00e4ndler zu H\u00e4ndler bietet AUTO1 seinen Kunden Zugang zu einem hauseigenen Fahrzeugbestand. Damit positioniert sich AUTO1 nicht als Vermittler zwischen H\u00e4ndlern, sondern als eigenst\u00e4ndiger Vermarkter von gebrauchten Fahrzeugen f\u00fcr den gewerblichen Handel. Die Zukaufkan\u00e4le von AUTO1 f\u00e4chern sich in unterschiedliche Quellen auf: Inzahlungnahmen von Privatpersonen, Autoh\u00e4user, Leasinggesellschaften, Insolvenzverwalter und Autobanken. Das Einstellen von Fahrzeugen ist f\u00fcr H\u00e4ndler geb\u00fchrenfrei. AUTO1 betreibt keine physischen Verkaufspl\u00e4tze, der gesamte Handel wird \u00fcber die Online-Plattform des Unternehmens abgewickelt. Zur Prozessabwicklung greift AUTO1 auf unterschiedliche Partner aus Logistik sowie Prozess- und Finanzdienstleistung zur\u00fcck.<\/p>\t\t\t\t\t\t\t\t<\/div>\n\t\t\t\t<\/div>\n\t\t\t\t<div class=\"elementor-element elementor-element-b3d2cf9 elementor-widget elementor-widget-text-editor\" data-id=\"b3d2cf9\" data-element_type=\"widget\" data-widget_type=\"text-editor.default\">\n\t\t\t\t<div class=\"elementor-widget-container\">\n\t\t\t\t\t\t\t\t\t<h2>Zukauf von Gebrauchtfahrzeugen \u00fcber AUTO1<\/h2>\t\t\t\t\t\t\t\t<\/div>\n\t\t\t\t<\/div>\n\t\t\t\t<div class=\"elementor-element elementor-element-76f2c0f elementor-widget elementor-widget-text-editor\" data-id=\"76f2c0f\" data-element_type=\"widget\" data-widget_type=\"text-editor.default\">\n\t\t\t\t<div class=\"elementor-widget-container\">\n\t\t\t\t\t\t\t\t\t<p>AUTO1 verkauft ausschlie\u00dflich Fahrzeuge an registrierte Automobilh\u00e4ndler. Alle angebotenen Fahrzeuge sind Eigentum von AUTO1. Wird \u00fcber das Portal ein Kaufvertrag geschlossen, wird eine Auktionsgeb\u00fchr f\u00e4llig. Beim Kauf eines Fahrzeuges \u00fcber AUTO1 gelten die Nutzungsbedingungen des Portals, anderweitige Gesch\u00e4ftsbedingungen k\u00f6nnen nur durch ausdr\u00fcckliche schriftliche Zustimmung durch AUTO1 anerkannt werden. Das Portal von AUTO1 gliedert sich in die Rubriken: \u201eSofort-Kaufen\u201c, \u201e24h Auktion\u201c, \u201eKundenauktion\u201c, \u201eKatalog Auktion\u201c und \u201eLetzte Chance\u201c. H\u00e4ndler k\u00f6nnen bei Interesse an einem Fahrzeug Kaufangebote abgeben. Die Modi der Gebotsabgabe richten sich nach den Regelungen der einzelnen Rubriken. Angebote durch den H\u00e4ndler sind dabei verbindlich. Nach erfolgreich zustande gekommenem Kaufvertrag stellt AUTO1 elektronische Services (Tools) zur m\u00f6glichst schnellen Abwicklung zur Verf\u00fcgung, zu deren Nutzung der K\u00e4ufer verpflichtet ist. Neben der Zahlung des Kaufpreises wird eine Auktionsgeb\u00fchr f\u00e4llig. Bei Zahlungsverzug durch den K\u00e4ufer kann AUTO1 vom Kaufvertrag zur\u00fccktreten. In diesem Fall werden Bearbeitungskosten und ggf. weitere Schadensersatzanspr\u00fcche f\u00e4llig. Die Abholung der Fahrzeuge erfolgt durch den H\u00e4ndler. Neben der pers\u00f6nlichen Abholung ist eine Abholung des oder der Fahrzeuge durch ein externes Transportunternehmen m\u00f6glich. F\u00fcr den Umgang mit Sachm\u00e4ngeln und Reklamationen an den Fahrzeugen gelten die von AUTO1 in den Allgemeinen Gesch\u00e4ftsbedingungen ausgef\u00fchrten Regelungen.<\/p>\t\t\t\t\t\t\t\t<\/div>\n\t\t\t\t<\/div>\n\t\t\t\t\t<\/div>\n\t\t<\/div>\n\t\t\t\t\t<\/div>\n\t\t<\/section>\n\t\t\t\t<\/div>\n\t\t","protected":false},"excerpt":{"rendered":"<p>Erfahren Sie mehr zu Auto1 und Manheim Express Willkommen im Informationsbereich von Manheim Express! Wir bieten Ihnen ein breites Spektrum an Informationen und Optionen zum Thema Online-Trading mit gebrauchten Fahrzeugen. Als innovative Handelsplattform sind wir Ihr Partner beim Zu- und Ankauf von Gebrauchtwagen im H\u00e4ndlergesch\u00e4ft. Inzahlungnahmen lassen sich mit Manheim Express deutlich schneller und einfacher [&hellip;]<\/p>\n","protected":false},"author":7,"featured_media":0,"parent":11571,"menu_order":0,"comment_status":"closed","ping_status":"closed","template":"","meta":{"_acf_changed":false,"footnotes":""},"wf_page_folders":[156],"class_list":["post-16101","page","type-page","status-publish","hentry"],"acf":[],"yoast_head":"<!-- This site is optimized with the Yoast SEO plugin v25.8 - https:\/\/yoast.com\/wordpress\/plugins\/seo\/ -->\n<title>Auto1 - Manheim Express die neue Auktionsplattform f\u00fcr den KFZ Handel<\/title>\n<meta name=\"description\" content=\"AUTO1 ist ein markenunabh\u00e4ngiger Automobilgro\u00dfh\u00e4ndler, der sich an den gewerblichen Fachhandel richtet.\" \/>\n<meta name=\"robots\" content=\"index, follow, max-snippet:-1, max-image-preview:large, max-video-preview:-1\" \/>\n<link rel=\"canonical\" href=\"https:\/\/www.manheim-express.eu\/de\/glossar\/auto1\/\" \/>\n<meta property=\"og:locale\" content=\"de_DE\" \/>\n<meta property=\"og:type\" content=\"article\" \/>\n<meta property=\"og:title\" content=\"Auto1 - Manheim Express die neue Auktionsplattform f\u00fcr den KFZ Handel\" \/>\n<meta property=\"og:description\" content=\"AUTO1 ist ein markenunabh\u00e4ngiger Automobilgro\u00dfh\u00e4ndler, der sich an den gewerblichen Fachhandel richtet.\" \/>\n<meta property=\"og:url\" content=\"https:\/\/www.manheim-express.eu\/de\/glossar\/auto1\/\" \/>\n<meta property=\"og:site_name\" content=\"Manheim Express\" \/>\n<meta property=\"article:publisher\" content=\"https:\/\/www.facebook.com\/manheimexpresseurope\/\" \/>\n<meta property=\"article:modified_time\" content=\"2024-01-15T13:48:58+00:00\" \/>\n<meta property=\"og:image\" content=\"https:\/\/www.manheim-express.eu\/wp-content\/uploads\/2022\/11\/Manheim-Express-Estate-car.png\" \/>\n<meta name=\"twitter:card\" content=\"summary_large_image\" \/>\n<meta name=\"twitter:label1\" content=\"Gesch\u00e4tzte Lesezeit\" \/>\n\t<meta name=\"twitter:data1\" content=\"2\u00a0Minuten\" \/>\n<script type=\"application\/ld+json\" class=\"yoast-schema-graph\">{\"@context\":\"https:\/\/schema.org\",\"@graph\":[{\"@type\":\"WebPage\",\"@id\":\"https:\/\/www.manheim-express.eu\/de\/glossar\/auto1\/\",\"url\":\"https:\/\/www.manheim-express.eu\/de\/glossar\/auto1\/\",\"name\":\"Auto1 - Manheim Express die neue Auktionsplattform f\u00fcr den KFZ Handel\",\"isPartOf\":{\"@id\":\"https:\/\/www.manheim-express.eu\/de\/#website\"},\"primaryImageOfPage\":{\"@id\":\"https:\/\/www.manheim-express.eu\/de\/glossar\/auto1\/#primaryimage\"},\"image\":{\"@id\":\"https:\/\/www.manheim-express.eu\/de\/glossar\/auto1\/#primaryimage\"},\"thumbnailUrl\":\"https:\/\/www.manheim-express.eu\/wp-content\/uploads\/2022\/11\/Manheim-Express-Estate-car.png\",\"datePublished\":\"2024-01-15T13:48:57+00:00\",\"dateModified\":\"2024-01-15T13:48:58+00:00\",\"description\":\"AUTO1 ist ein markenunabh\u00e4ngiger Automobilgro\u00dfh\u00e4ndler, der sich an den gewerblichen Fachhandel richtet.\",\"breadcrumb\":{\"@id\":\"https:\/\/www.manheim-express.eu\/de\/glossar\/auto1\/#breadcrumb\"},\"inLanguage\":\"de\",\"potentialAction\":[{\"@type\":\"ReadAction\",\"target\":[\"https:\/\/www.manheim-express.eu\/de\/glossar\/auto1\/\"]}]},{\"@type\":\"ImageObject\",\"inLanguage\":\"de\",\"@id\":\"https:\/\/www.manheim-express.eu\/de\/glossar\/auto1\/#primaryimage\",\"url\":\"https:\/\/www.manheim-express.eu\/wp-content\/uploads\/2022\/11\/Manheim-Express-Estate-car.png\",\"contentUrl\":\"https:\/\/www.manheim-express.eu\/wp-content\/uploads\/2022\/11\/Manheim-Express-Estate-car.png\"},{\"@type\":\"BreadcrumbList\",\"@id\":\"https:\/\/www.manheim-express.eu\/de\/glossar\/auto1\/#breadcrumb\",\"itemListElement\":[{\"@type\":\"ListItem\",\"position\":1,\"name\":\"Home\",\"item\":\"https:\/\/www.manheim-express.eu\/de\/\"},{\"@type\":\"ListItem\",\"position\":2,\"name\":\"Glossar\",\"item\":\"https:\/\/www.manheim-express.eu\/de\/glossar\/\"},{\"@type\":\"ListItem\",\"position\":3,\"name\":\"Auto1\"}]},{\"@type\":\"WebSite\",\"@id\":\"https:\/\/www.manheim-express.eu\/de\/#website\",\"url\":\"https:\/\/www.manheim-express.eu\/de\/\",\"name\":\"Manheim Express\",\"description\":\"\",\"publisher\":{\"@id\":\"https:\/\/www.manheim-express.eu\/de\/#organization\"},\"potentialAction\":[{\"@type\":\"SearchAction\",\"target\":{\"@type\":\"EntryPoint\",\"urlTemplate\":\"https:\/\/www.manheim-express.eu\/de\/?s={search_term_string}\"},\"query-input\":{\"@type\":\"PropertyValueSpecification\",\"valueRequired\":true,\"valueName\":\"search_term_string\"}}],\"inLanguage\":\"de\"},{\"@type\":\"Organization\",\"@id\":\"https:\/\/www.manheim-express.eu\/de\/#organization\",\"name\":\"Manheim Express\",\"url\":\"https:\/\/www.manheim-express.eu\/de\/\",\"logo\":{\"@type\":\"ImageObject\",\"inLanguage\":\"de\",\"@id\":\"https:\/\/www.manheim-express.eu\/de\/#\/schema\/logo\/image\/\",\"url\":\"https:\/\/www.manheim-express.eu\/wp-content\/uploads\/2021\/07\/manheim-express-logo-light.png\",\"contentUrl\":\"https:\/\/www.manheim-express.eu\/wp-content\/uploads\/2021\/07\/manheim-express-logo-light.png\",\"width\":1163,\"height\":392,\"caption\":\"Manheim Express\"},\"image\":{\"@id\":\"https:\/\/www.manheim-express.eu\/de\/#\/schema\/logo\/image\/\"},\"sameAs\":[\"https:\/\/www.facebook.com\/manheimexpresseurope\/\",\"https:\/\/www.instagram.com\/manheim.express\",\"https:\/\/www.linkedin.com\/company\/manheim-express\/\",\"https:\/\/www.youtube.com\/channel\/UCRKJajJPvJv-ao7Tk7qra5Q\/\"]}]}<\/script>\n<!-- \/ Yoast SEO plugin. -->","yoast_head_json":{"title":"Auto1 - Manheim Express die neue Auktionsplattform f\u00fcr den KFZ Handel","description":"AUTO1 ist ein markenunabh\u00e4ngiger Automobilgro\u00dfh\u00e4ndler, der sich an den gewerblichen Fachhandel richtet.","robots":{"index":"index","follow":"follow","max-snippet":"max-snippet:-1","max-image-preview":"max-image-preview:large","max-video-preview":"max-video-preview:-1"},"canonical":"https:\/\/www.manheim-express.eu\/de\/glossar\/auto1\/","og_locale":"de_DE","og_type":"article","og_title":"Auto1 - Manheim Express die neue Auktionsplattform f\u00fcr den KFZ Handel","og_description":"AUTO1 ist ein markenunabh\u00e4ngiger Automobilgro\u00dfh\u00e4ndler, der sich an den gewerblichen Fachhandel richtet.","og_url":"https:\/\/www.manheim-express.eu\/de\/glossar\/auto1\/","og_site_name":"Manheim Express","article_publisher":"https:\/\/www.facebook.com\/manheimexpresseurope\/","article_modified_time":"2024-01-15T13:48:58+00:00","og_image":[{"url":"https:\/\/www.manheim-express.eu\/wp-content\/uploads\/2022\/11\/Manheim-Express-Estate-car.png","type":"","width":"","height":""}],"twitter_card":"summary_large_image","twitter_misc":{"Gesch\u00e4tzte Lesezeit":"2\u00a0Minuten"},"schema":{"@context":"https:\/\/schema.org","@graph":[{"@type":"WebPage","@id":"https:\/\/www.manheim-express.eu\/de\/glossar\/auto1\/","url":"https:\/\/www.manheim-express.eu\/de\/glossar\/auto1\/","name":"Auto1 - Manheim Express die neue Auktionsplattform f\u00fcr den KFZ Handel","isPartOf":{"@id":"https:\/\/www.manheim-express.eu\/de\/#website"},"primaryImageOfPage":{"@id":"https:\/\/www.manheim-express.eu\/de\/glossar\/auto1\/#primaryimage"},"image":{"@id":"https:\/\/www.manheim-express.eu\/de\/glossar\/auto1\/#primaryimage"},"thumbnailUrl":"https:\/\/www.manheim-express.eu\/wp-content\/uploads\/2022\/11\/Manheim-Express-Estate-car.png","datePublished":"2024-01-15T13:48:57+00:00","dateModified":"2024-01-15T13:48:58+00:00","description":"AUTO1 ist ein markenunabh\u00e4ngiger Automobilgro\u00dfh\u00e4ndler, der sich an den gewerblichen Fachhandel richtet.","breadcrumb":{"@id":"https:\/\/www.manheim-express.eu\/de\/glossar\/auto1\/#breadcrumb"},"inLanguage":"de","potentialAction":[{"@type":"ReadAction","target":["https:\/\/www.manheim-express.eu\/de\/glossar\/auto1\/"]}]},{"@type":"ImageObject","inLanguage":"de","@id":"https:\/\/www.manheim-express.eu\/de\/glossar\/auto1\/#primaryimage","url":"https:\/\/www.manheim-express.eu\/wp-content\/uploads\/2022\/11\/Manheim-Express-Estate-car.png","contentUrl":"https:\/\/www.manheim-express.eu\/wp-content\/uploads\/2022\/11\/Manheim-Express-Estate-car.png"},{"@type":"BreadcrumbList","@id":"https:\/\/www.manheim-express.eu\/de\/glossar\/auto1\/#breadcrumb","itemListElement":[{"@type":"ListItem","position":1,"name":"Home","item":"https:\/\/www.manheim-express.eu\/de\/"},{"@type":"ListItem","position":2,"name":"Glossar","item":"https:\/\/www.manheim-express.eu\/de\/glossar\/"},{"@type":"ListItem","position":3,"name":"Auto1"}]},{"@type":"WebSite","@id":"https:\/\/www.manheim-express.eu\/de\/#website","url":"https:\/\/www.manheim-express.eu\/de\/","name":"Manheim Express","description":"","publisher":{"@id":"https:\/\/www.manheim-express.eu\/de\/#organization"},"potentialAction":[{"@type":"SearchAction","target":{"@type":"EntryPoint","urlTemplate":"https:\/\/www.manheim-express.eu\/de\/?s={search_term_string}"},"query-input":{"@type":"PropertyValueSpecification","valueRequired":true,"valueName":"search_term_string"}}],"inLanguage":"de"},{"@type":"Organization","@id":"https:\/\/www.manheim-express.eu\/de\/#organization","name":"Manheim Express","url":"https:\/\/www.manheim-express.eu\/de\/","logo":{"@type":"ImageObject","inLanguage":"de","@id":"https:\/\/www.manheim-express.eu\/de\/#\/schema\/logo\/image\/","url":"https:\/\/www.manheim-express.eu\/wp-content\/uploads\/2021\/07\/manheim-express-logo-light.png","contentUrl":"https:\/\/www.manheim-express.eu\/wp-content\/uploads\/2021\/07\/manheim-express-logo-light.png","width":1163,"height":392,"caption":"Manheim Express"},"image":{"@id":"https:\/\/www.manheim-express.eu\/de\/#\/schema\/logo\/image\/"},"sameAs":["https:\/\/www.facebook.com\/manheimexpresseurope\/","https:\/\/www.instagram.com\/manheim.express","https:\/\/www.linkedin.com\/company\/manheim-express\/","https:\/\/www.youtube.com\/channel\/UCRKJajJPvJv-ao7Tk7qra5Q\/"]}]}},"_links":{"self":[{"href":"https:\/\/www.manheim-express.eu\/de\/wp-json\/wp\/v2\/pages\/16101","targetHints":{"allow":["GET"]}}],"collection":[{"href":"https:\/\/www.manheim-express.eu\/de\/wp-json\/wp\/v2\/pages"}],"about":[{"href":"https:\/\/www.manheim-express.eu\/de\/wp-json\/wp\/v2\/types\/page"}],"author":[{"embeddable":true,"href":"https:\/\/www.manheim-express.eu\/de\/wp-json\/wp\/v2\/users\/7"}],"replies":[{"embeddable":true,"href":"https:\/\/www.manheim-express.eu\/de\/wp-json\/wp\/v2\/comments?post=16101"}],"version-history":[{"count":7,"href":"https:\/\/www.manheim-express.eu\/de\/wp-json\/wp\/v2\/pages\/16101\/revisions"}],"predecessor-version":[{"id":16108,"href":"https:\/\/www.manheim-express.eu\/de\/wp-json\/wp\/v2\/pages\/16101\/revisions\/16108"}],"up":[{"embeddable":true,"href":"https:\/\/www.manheim-express.eu\/de\/wp-json\/wp\/v2\/pages\/11571"}],"wp:attachment":[{"href":"https:\/\/www.manheim-express.eu\/de\/wp-json\/wp\/v2\/media?parent=16101"}],"wp:term":[{"taxonomy":"wf_page_folders","embeddable":true,"href":"https:\/\/www.manheim-express.eu\/de\/wp-json\/wp\/v2\/wf_page_folders?post=16101"}],"curies":[{"name":"wp","href":"https:\/\/api.w.org\/{rel}","templated":true}]}}