{"id":16093,"date":"2023-11-29T15:04:17","date_gmt":"2023-11-29T15:04:17","guid":{"rendered":"https:\/\/www.manheim-express.eu\/?page_id=16093"},"modified":"2024-01-15T13:33:29","modified_gmt":"2024-01-15T13:33:29","slug":"auktion-nutzfahrzeuge","status":"publish","type":"page","link":"https:\/\/www.manheim-express.eu\/de\/glossar\/auktion-nutzfahrzeuge\/","title":{"rendered":"Auktion Nutzfahrzeuge"},"content":{"rendered":"\t\t<div data-elementor-type=\"wp-page\" data-elementor-id=\"16093\" class=\"elementor elementor-16093\" data-elementor-post-type=\"page\">\n\t\t\t\t\t\t<section class=\"elementor-section elementor-top-section elementor-element elementor-element-5ad223c elementor-section-full_width elementor-section-stretched elementor-section-height-default elementor-section-height-default\" data-id=\"5ad223c\" data-element_type=\"section\" data-settings=\"{&quot;stretch_section&quot;:&quot;section-stretched&quot;}\">\n\t\t\t\t\t\t<div class=\"elementor-container elementor-column-gap-default\">\n\t\t\t\t\t<div class=\"elementor-column elementor-col-50 elementor-top-column elementor-element elementor-element-d3b519c\" data-id=\"d3b519c\" data-element_type=\"column\" data-settings=\"{&quot;background_background&quot;:&quot;classic&quot;}\">\n\t\t\t<div class=\"elementor-widget-wrap elementor-element-populated\">\n\t\t\t\t\t\t<div class=\"elementor-element elementor-element-036dc3a elementor-widget elementor-widget-text-editor\" data-id=\"036dc3a\" data-element_type=\"widget\" data-widget_type=\"text-editor.default\">\n\t\t\t\t<div class=\"elementor-widget-container\">\n\t\t\t\t\t\t\t\t\t<h2>Ihr schneller Weg zum gebrauchten Transporter oder Lkw<\/h2>\t\t\t\t\t\t\t\t<\/div>\n\t\t\t\t<\/div>\n\t\t\t\t<div class=\"elementor-element elementor-element-21c3353 elementor-widget elementor-widget-text-editor\" data-id=\"21c3353\" data-element_type=\"widget\" data-widget_type=\"text-editor.default\">\n\t\t\t\t<div class=\"elementor-widget-container\">\n\t\t\t\t\t\t\t\t\t<h3>Manheim Express \u2014 Die innovative Auktion f\u00fcr Nutzfahrzeuge<\/h3>\t\t\t\t\t\t\t\t<\/div>\n\t\t\t\t<\/div>\n\t\t\t\t<div class=\"elementor-element elementor-element-c37119d elementor-widget elementor-widget-text-editor\" data-id=\"c37119d\" data-element_type=\"widget\" data-widget_type=\"text-editor.default\">\n\t\t\t\t<div class=\"elementor-widget-container\">\n\t\t\t\t\t\t\t\t\t<p>Wenn es darum geht, das eigene Unternehmen mit Nutzfahrzeugen auszustatten, geraten viele Gesch\u00e4ftsf\u00fchrer und Inhaber in Bedr\u00e4ngnis. Der Markt f\u00fcr Nutzfahrzeuge ist riesig und gleichzeitig sind die eigenen Erfahrungswerte in der Regel auf die eigene Flotte beschr\u00e4nkt. Lohnt sich der Wechsel des Fabrikats oder Modells oder sollte man beim bew\u00e4hrten Fuhrpark bleiben? Wie ist die Lage auf dem Markt f\u00fcr Nutzfahrzeuge? Rechnet sich der Verkauf, oder ist es ratsam, noch zu warten? Mit Manheim Express ergeben sich f\u00fcr Gewerbetreibende vielf\u00e4ltige M\u00f6glichkeiten, den Markt im Auge zu behalten und Nutzfahrzeuge einzukaufen oder zu verkaufen \u2013 flexibel und nach Bedarf per Auktion oder im Sofort-Kaufen-Modus.<\/p>\t\t\t\t\t\t\t\t<\/div>\n\t\t\t\t<\/div>\n\t\t\t\t<div class=\"elementor-element elementor-element-76774e4 elementor-widget elementor-widget-button\" data-id=\"76774e4\" data-element_type=\"widget\" data-widget_type=\"button.default\">\n\t\t\t\t<div class=\"elementor-widget-container\">\n\t\t\t\t\t\t\t\t\t<div class=\"elementor-button-wrapper\">\n\t\t\t\t\t<a class=\"elementor-button elementor-button-link elementor-size-lg\" href=\"#\">\n\t\t\t\t\t\t<span class=\"elementor-button-content-wrapper\">\n\t\t\t\t\t\t\t\t\t<span class=\"elementor-button-text\">Mehr Infos finden Sie hier<\/span>\n\t\t\t\t\t<\/span>\n\t\t\t\t\t<\/a>\n\t\t\t\t<\/div>\n\t\t\t\t\t\t\t\t<\/div>\n\t\t\t\t<\/div>\n\t\t\t\t<div class=\"elementor-element elementor-element-93513c7 elementor-widget elementor-widget-image\" data-id=\"93513c7\" data-element_type=\"widget\" data-widget_type=\"image.default\">\n\t\t\t\t<div class=\"elementor-widget-container\">\n\t\t\t\t\t\t\t\t\t\t\t\t\t\t\t<img fetchpriority=\"high\" decoding=\"async\" width=\"800\" height=\"389\" src=\"https:\/\/www.manheim-express.eu\/wp-content\/uploads\/2022\/11\/Manheim-Express-Estate-car.png\" class=\"attachment-large size-large wp-image-14639\" alt=\"\" srcset=\"https:\/\/www.manheim-express.eu\/wp-content\/uploads\/2022\/11\/Manheim-Express-Estate-car.png 1024w, https:\/\/www.manheim-express.eu\/wp-content\/uploads\/2022\/11\/Manheim-Express-Estate-car-300x146.png 300w, https:\/\/www.manheim-express.eu\/wp-content\/uploads\/2022\/11\/Manheim-Express-Estate-car-768x374.png 768w\" sizes=\"(max-width: 800px) 100vw, 800px\" \/>\t\t\t\t\t\t\t\t\t\t\t\t\t\t\t<\/div>\n\t\t\t\t<\/div>\n\t\t\t\t\t<\/div>\n\t\t<\/div>\n\t\t\t\t<div class=\"elementor-column elementor-col-50 elementor-top-column elementor-element elementor-element-213236b\" data-id=\"213236b\" data-element_type=\"column\" data-settings=\"{&quot;background_background&quot;:&quot;classic&quot;}\">\n\t\t\t<div class=\"elementor-widget-wrap elementor-element-populated\">\n\t\t\t\t\t\t<div class=\"elementor-element elementor-element-e9c050a elementor-widget elementor-widget-text-editor\" data-id=\"e9c050a\" data-element_type=\"widget\" data-widget_type=\"text-editor.default\">\n\t\t\t\t<div class=\"elementor-widget-container\">\n\t\t\t\t\t\t\t\t\t<h2>Besonderheiten der Auktion f\u00fcr Nutzfahrzeuge<\/h2>\t\t\t\t\t\t\t\t<\/div>\n\t\t\t\t<\/div>\n\t\t\t\t<div class=\"elementor-element elementor-element-8d896a4 elementor-widget elementor-widget-text-editor\" data-id=\"8d896a4\" data-element_type=\"widget\" data-widget_type=\"text-editor.default\">\n\t\t\t\t<div class=\"elementor-widget-container\">\n\t\t\t\t\t\t\t\t\t<p>Wer sich erstmalig mit Auktionen f\u00fcr Nutzfahrzeuge besch\u00e4ftigt und sich auf dem Markt umsieht, wird mit einem beeindruckenden Mix aus den unterschiedlichsten Fahrzeugen konfrontiert. Das vielf\u00e4ltige Angebot ist allerdings auf den zweiten Blick nicht \u00fcberraschend: Man muss sich nur vergegenw\u00e4rtigen, in wie vielen unterschiedlichen Branchen, Bereichen und Einsatzgebieten Nutzfahrzeuge eingesetzt werden. Doch was unterscheidet eine Auktion von Nutzfahrzeugen von einer Auktion f\u00fcr Pkw? Hier gilt: Was bereits f\u00fcr die Aktion mit Pkw wichtig ist, muss bei der Auktion f\u00fcr Nutzfahrzeuge nochmals mit Nachdruck betont werden: Jedes Fahrzeug ist einzigartig in seinem Zustand und seiner Ausstattung und sollte daher immer genau in den Blick genommen werden. Bei der Auktion f\u00fcr Nutzfahrzeuge kommen Fahrzeuge aus den unterschiedlichsten Handels- und Einsatzgebieten und mit allen erdenklichen Merkmalen, Nutzungsspuren und Ausstattungsdetails auf den Markt. Das liegt einfach daran, dass Nutzfahrzeuge h\u00e4ufig von den Unternehmen auf spezialisierte Aufgaben hin ausgestattet und beschriftet werden. Und genau diese Vielfalt kann man sich durch gezieltes Vorgehen als Gewerbetreibender in der Auktion zu Nutze machen.<\/p>\t\t\t\t\t\t\t\t<\/div>\n\t\t\t\t<\/div>\n\t\t\t\t<div class=\"elementor-element elementor-element-b3d2cf9 elementor-widget elementor-widget-text-editor\" data-id=\"b3d2cf9\" data-element_type=\"widget\" data-widget_type=\"text-editor.default\">\n\t\t\t\t<div class=\"elementor-widget-container\">\n\t\t\t\t\t\t\t\t\t<h2 class=\"text-center\">Wie Sie eine Auktion f\u00fcr Nutzfahrzeuge gezielt nutzen<\/h2>\t\t\t\t\t\t\t\t<\/div>\n\t\t\t\t<\/div>\n\t\t\t\t<div class=\"elementor-element elementor-element-76f2c0f elementor-widget elementor-widget-text-editor\" data-id=\"76f2c0f\" data-element_type=\"widget\" data-widget_type=\"text-editor.default\">\n\t\t\t\t<div class=\"elementor-widget-container\">\n\t\t\t\t\t\t\t\t\t<p>Wir haben es bei Manheim Express schon oft erlebt: So mancher Unternehmer hat sich vom Auktions-Skeptiker geradezu zum Fan der Auktion f\u00fcr Nutzfahrzeuge oder Pkw entwickelt. Wer erst einmal auf den Geschmack gekommen ist, so scheint es, der will nicht mehr darauf verzichten. Den Reiz und die Faszination der Auktion f\u00fcr Nutzfahrzeuge haben wir bereits beschrieben: Es ist die unglaubliche Vielfalt an Fahrzeugen und Ausstattungsdetails und damit immer wieder die Option, ein geradezu ma\u00dfgeschneidertes Fahrzeug zu einem g\u00fcnstigen Preis ersteigern zu k\u00f6nnen. Wir empfehlen Unternehmern mit noch wenig Erfahrung mit der Auktion f\u00fcr Nutzfahrzeuge, sich vor dem ersten Kauf etwas Zeit zu nehmen und die individuellen Anforderungen an das Nutzfahrzeug zu analysieren. Wer pr\u00e4zise wei\u00df, was er will, kann deutlich souver\u00e4ner entscheiden, ob ein Angebot f\u00fcr ihn in Frage kommt oder nicht. Auch Druck und Hektik sollte man beim Ersteigern m\u00f6glichst vermeiden, denn damit erh\u00f6ht sich das Risiko, ein Fahrzeug zu erwerben, das nicht den eigenen Bed\u00fcrfnissen entspricht. Beratung und Service erhalten Sie bei pkwNOW nat\u00fcrlich individuell nach Ihrem Bedarf.<\/p>\t\t\t\t\t\t\t\t<\/div>\n\t\t\t\t<\/div>\n\t\t\t\t<div class=\"elementor-element elementor-element-171c6db elementor-widget elementor-widget-text-editor\" data-id=\"171c6db\" data-element_type=\"widget\" data-widget_type=\"text-editor.default\">\n\t\t\t\t<div class=\"elementor-widget-container\">\n\t\t\t\t\t\t\t\t\t<h2 class=\"text-center\">Nutzfahrzeuge mit MANHEIM EXPRESS ersteigern<\/h2>\t\t\t\t\t\t\t\t<\/div>\n\t\t\t\t<\/div>\n\t\t\t\t<div class=\"elementor-element elementor-element-ca51b1d elementor-widget elementor-widget-text-editor\" data-id=\"ca51b1d\" data-element_type=\"widget\" data-widget_type=\"text-editor.default\">\n\t\t\t\t<div class=\"elementor-widget-container\">\n\t\t\t\t\t\t\t\t\t<p>Manheim Express ist die Auktions- und Verkaufsplattform f\u00fcr Gewerbetreibende. Wir haben es uns zur Aufgabe gemacht, H\u00e4ndlern und anderen Gewerbetreibenden den Zu- und Verkauf von Pkw und Nutzfahrzeugen so einfach wie m\u00f6glich zu machen. Das bedeutet: um Manheim Express zu nutzen, m\u00fcssen Sie kein Seminar f\u00fcr Online-Trading absolviert haben. Die Plattform ist so aufgebaut, dass der Nutzer von der Anmeldung an geleitet und in seinen Absichten und Zielen unterst\u00fctzt wird. Hinzu kommt nat\u00fcrlich die Unterst\u00fctzung durch das Team von Manheim Express. Der Vorteil: die Plattform ist vielseitig und einfach zugleich. Egal, ob Sie als Gewerbetreibender erstmals an einer Auktion f\u00fcr ein Nutzfahrzeug teilnehmen wollen, oder als alter Auktions-Hasen schon genau wissen, was Sie wollen. Manheim Express passt sich Ihren Bed\u00fcrfnissen an und ist flexibel auf ganz unterschiedliche Gesch\u00e4ftsmodelle und kurzfristige Anforderungen, die das eigene Unternehmen stellt, anpassbar. So nutzen Sie die M\u00f6glichkeiten und Reichweite unserer Plattform und bleiben gleichzeitig als H\u00e4ndler und Unternehmer vollkommen unabh\u00e4ngig in Ihren Gesch\u00e4ftsentscheidungen.<\/p>\t\t\t\t\t\t\t\t<\/div>\n\t\t\t\t<\/div>\n\t\t\t\t\t<\/div>\n\t\t<\/div>\n\t\t\t\t\t<\/div>\n\t\t<\/section>\n\t\t\t\t<\/div>\n\t\t","protected":false},"excerpt":{"rendered":"<p>Ihr schneller Weg zum gebrauchten Transporter oder Lkw Manheim Express \u2014 Die innovative Auktion f\u00fcr Nutzfahrzeuge Wenn es darum geht, das eigene Unternehmen mit Nutzfahrzeugen auszustatten, geraten viele Gesch\u00e4ftsf\u00fchrer und Inhaber in Bedr\u00e4ngnis. Der Markt f\u00fcr Nutzfahrzeuge ist riesig und gleichzeitig sind die eigenen Erfahrungswerte in der Regel auf die eigene Flotte beschr\u00e4nkt. Lohnt sich [&hellip;]<\/p>\n","protected":false},"author":7,"featured_media":0,"parent":11571,"menu_order":0,"comment_status":"closed","ping_status":"closed","template":"","meta":{"_acf_changed":false,"footnotes":""},"wf_page_folders":[156],"class_list":["post-16093","page","type-page","status-publish","hentry"],"acf":[],"yoast_head":"<!-- This site is optimized with the Yoast SEO plugin v25.8 - https:\/\/yoast.com\/wordpress\/plugins\/seo\/ -->\n<title>Auktion Nutzfahrzeuge - Manheim Express die neue Auktionsplattform f\u00fcr den KFZ Handel<\/title>\n<meta name=\"description\" content=\"Wer sich erstmalig mit Auktionen f\u00fcr Nutzfahrzeuge besch\u00e4ftigt und sich auf dem Markt umsieht, wird mit einem beeindruckenden Mix aus den unterschiedlichsten Fahrzeugen konfrontiert.\" \/>\n<meta name=\"robots\" content=\"index, follow, max-snippet:-1, max-image-preview:large, max-video-preview:-1\" \/>\n<link rel=\"canonical\" href=\"https:\/\/www.manheim-express.eu\/de\/glossar\/auktion-nutzfahrzeuge\/\" \/>\n<meta property=\"og:locale\" content=\"de_DE\" \/>\n<meta property=\"og:type\" content=\"article\" \/>\n<meta property=\"og:title\" content=\"Auktion Nutzfahrzeuge - Manheim Express die neue Auktionsplattform f\u00fcr den KFZ Handel\" \/>\n<meta property=\"og:description\" content=\"Wer sich erstmalig mit Auktionen f\u00fcr Nutzfahrzeuge besch\u00e4ftigt und sich auf dem Markt umsieht, wird mit einem beeindruckenden Mix aus den unterschiedlichsten Fahrzeugen konfrontiert.\" \/>\n<meta property=\"og:url\" content=\"https:\/\/www.manheim-express.eu\/de\/glossar\/auktion-nutzfahrzeuge\/\" \/>\n<meta property=\"og:site_name\" content=\"Manheim Express\" \/>\n<meta property=\"article:publisher\" content=\"https:\/\/www.facebook.com\/manheimexpresseurope\/\" \/>\n<meta property=\"article:modified_time\" content=\"2024-01-15T13:33:29+00:00\" \/>\n<meta property=\"og:image\" content=\"https:\/\/www.manheim-express.eu\/wp-content\/uploads\/2022\/11\/Manheim-Express-Estate-car.png\" \/>\n<meta name=\"twitter:card\" content=\"summary_large_image\" \/>\n<meta name=\"twitter:label1\" content=\"Gesch\u00e4tzte Lesezeit\" \/>\n\t<meta name=\"twitter:data1\" content=\"3\u00a0Minuten\" \/>\n<script type=\"application\/ld+json\" class=\"yoast-schema-graph\">{\"@context\":\"https:\/\/schema.org\",\"@graph\":[{\"@type\":\"WebPage\",\"@id\":\"https:\/\/www.manheim-express.eu\/de\/glossar\/auktion-nutzfahrzeuge\/\",\"url\":\"https:\/\/www.manheim-express.eu\/de\/glossar\/auktion-nutzfahrzeuge\/\",\"name\":\"Auktion Nutzfahrzeuge - Manheim Express die neue Auktionsplattform f\u00fcr den KFZ Handel\",\"isPartOf\":{\"@id\":\"https:\/\/www.manheim-express.eu\/de\/#website\"},\"primaryImageOfPage\":{\"@id\":\"https:\/\/www.manheim-express.eu\/de\/glossar\/auktion-nutzfahrzeuge\/#primaryimage\"},\"image\":{\"@id\":\"https:\/\/www.manheim-express.eu\/de\/glossar\/auktion-nutzfahrzeuge\/#primaryimage\"},\"thumbnailUrl\":\"https:\/\/www.manheim-express.eu\/wp-content\/uploads\/2022\/11\/Manheim-Express-Estate-car.png\",\"datePublished\":\"2023-11-29T15:04:17+00:00\",\"dateModified\":\"2024-01-15T13:33:29+00:00\",\"description\":\"Wer sich erstmalig mit Auktionen f\u00fcr Nutzfahrzeuge besch\u00e4ftigt und sich auf dem Markt umsieht, wird mit einem beeindruckenden Mix aus den unterschiedlichsten Fahrzeugen konfrontiert.\",\"breadcrumb\":{\"@id\":\"https:\/\/www.manheim-express.eu\/de\/glossar\/auktion-nutzfahrzeuge\/#breadcrumb\"},\"inLanguage\":\"de\",\"potentialAction\":[{\"@type\":\"ReadAction\",\"target\":[\"https:\/\/www.manheim-express.eu\/de\/glossar\/auktion-nutzfahrzeuge\/\"]}]},{\"@type\":\"ImageObject\",\"inLanguage\":\"de\",\"@id\":\"https:\/\/www.manheim-express.eu\/de\/glossar\/auktion-nutzfahrzeuge\/#primaryimage\",\"url\":\"https:\/\/www.manheim-express.eu\/wp-content\/uploads\/2022\/11\/Manheim-Express-Estate-car.png\",\"contentUrl\":\"https:\/\/www.manheim-express.eu\/wp-content\/uploads\/2022\/11\/Manheim-Express-Estate-car.png\"},{\"@type\":\"BreadcrumbList\",\"@id\":\"https:\/\/www.manheim-express.eu\/de\/glossar\/auktion-nutzfahrzeuge\/#breadcrumb\",\"itemListElement\":[{\"@type\":\"ListItem\",\"position\":1,\"name\":\"Home\",\"item\":\"https:\/\/www.manheim-express.eu\/de\/\"},{\"@type\":\"ListItem\",\"position\":2,\"name\":\"Glossar\",\"item\":\"https:\/\/www.manheim-express.eu\/de\/glossar\/\"},{\"@type\":\"ListItem\",\"position\":3,\"name\":\"Auktion Nutzfahrzeuge\"}]},{\"@type\":\"WebSite\",\"@id\":\"https:\/\/www.manheim-express.eu\/de\/#website\",\"url\":\"https:\/\/www.manheim-express.eu\/de\/\",\"name\":\"Manheim Express\",\"description\":\"\",\"publisher\":{\"@id\":\"https:\/\/www.manheim-express.eu\/de\/#organization\"},\"potentialAction\":[{\"@type\":\"SearchAction\",\"target\":{\"@type\":\"EntryPoint\",\"urlTemplate\":\"https:\/\/www.manheim-express.eu\/de\/?s={search_term_string}\"},\"query-input\":{\"@type\":\"PropertyValueSpecification\",\"valueRequired\":true,\"valueName\":\"search_term_string\"}}],\"inLanguage\":\"de\"},{\"@type\":\"Organization\",\"@id\":\"https:\/\/www.manheim-express.eu\/de\/#organization\",\"name\":\"Manheim Express\",\"url\":\"https:\/\/www.manheim-express.eu\/de\/\",\"logo\":{\"@type\":\"ImageObject\",\"inLanguage\":\"de\",\"@id\":\"https:\/\/www.manheim-express.eu\/de\/#\/schema\/logo\/image\/\",\"url\":\"https:\/\/www.manheim-express.eu\/wp-content\/uploads\/2021\/07\/manheim-express-logo-light.png\",\"contentUrl\":\"https:\/\/www.manheim-express.eu\/wp-content\/uploads\/2021\/07\/manheim-express-logo-light.png\",\"width\":1163,\"height\":392,\"caption\":\"Manheim Express\"},\"image\":{\"@id\":\"https:\/\/www.manheim-express.eu\/de\/#\/schema\/logo\/image\/\"},\"sameAs\":[\"https:\/\/www.facebook.com\/manheimexpresseurope\/\",\"https:\/\/www.instagram.com\/manheim.express\",\"https:\/\/www.linkedin.com\/company\/manheim-express\/\",\"https:\/\/www.youtube.com\/channel\/UCRKJajJPvJv-ao7Tk7qra5Q\/\"]}]}<\/script>\n<!-- \/ Yoast SEO plugin. -->","yoast_head_json":{"title":"Auktion Nutzfahrzeuge - Manheim Express die neue Auktionsplattform f\u00fcr den KFZ Handel","description":"Wer sich erstmalig mit Auktionen f\u00fcr Nutzfahrzeuge besch\u00e4ftigt und sich auf dem Markt umsieht, wird mit einem beeindruckenden Mix aus den unterschiedlichsten Fahrzeugen konfrontiert.","robots":{"index":"index","follow":"follow","max-snippet":"max-snippet:-1","max-image-preview":"max-image-preview:large","max-video-preview":"max-video-preview:-1"},"canonical":"https:\/\/www.manheim-express.eu\/de\/glossar\/auktion-nutzfahrzeuge\/","og_locale":"de_DE","og_type":"article","og_title":"Auktion Nutzfahrzeuge - Manheim Express die neue Auktionsplattform f\u00fcr den KFZ Handel","og_description":"Wer sich erstmalig mit Auktionen f\u00fcr Nutzfahrzeuge besch\u00e4ftigt und sich auf dem Markt umsieht, wird mit einem beeindruckenden Mix aus den unterschiedlichsten Fahrzeugen konfrontiert.","og_url":"https:\/\/www.manheim-express.eu\/de\/glossar\/auktion-nutzfahrzeuge\/","og_site_name":"Manheim Express","article_publisher":"https:\/\/www.facebook.com\/manheimexpresseurope\/","article_modified_time":"2024-01-15T13:33:29+00:00","og_image":[{"url":"https:\/\/www.manheim-express.eu\/wp-content\/uploads\/2022\/11\/Manheim-Express-Estate-car.png","type":"","width":"","height":""}],"twitter_card":"summary_large_image","twitter_misc":{"Gesch\u00e4tzte Lesezeit":"3\u00a0Minuten"},"schema":{"@context":"https:\/\/schema.org","@graph":[{"@type":"WebPage","@id":"https:\/\/www.manheim-express.eu\/de\/glossar\/auktion-nutzfahrzeuge\/","url":"https:\/\/www.manheim-express.eu\/de\/glossar\/auktion-nutzfahrzeuge\/","name":"Auktion Nutzfahrzeuge - Manheim Express die neue Auktionsplattform f\u00fcr den KFZ Handel","isPartOf":{"@id":"https:\/\/www.manheim-express.eu\/de\/#website"},"primaryImageOfPage":{"@id":"https:\/\/www.manheim-express.eu\/de\/glossar\/auktion-nutzfahrzeuge\/#primaryimage"},"image":{"@id":"https:\/\/www.manheim-express.eu\/de\/glossar\/auktion-nutzfahrzeuge\/#primaryimage"},"thumbnailUrl":"https:\/\/www.manheim-express.eu\/wp-content\/uploads\/2022\/11\/Manheim-Express-Estate-car.png","datePublished":"2023-11-29T15:04:17+00:00","dateModified":"2024-01-15T13:33:29+00:00","description":"Wer sich erstmalig mit Auktionen f\u00fcr Nutzfahrzeuge besch\u00e4ftigt und sich auf dem Markt umsieht, wird mit einem beeindruckenden Mix aus den unterschiedlichsten Fahrzeugen konfrontiert.","breadcrumb":{"@id":"https:\/\/www.manheim-express.eu\/de\/glossar\/auktion-nutzfahrzeuge\/#breadcrumb"},"inLanguage":"de","potentialAction":[{"@type":"ReadAction","target":["https:\/\/www.manheim-express.eu\/de\/glossar\/auktion-nutzfahrzeuge\/"]}]},{"@type":"ImageObject","inLanguage":"de","@id":"https:\/\/www.manheim-express.eu\/de\/glossar\/auktion-nutzfahrzeuge\/#primaryimage","url":"https:\/\/www.manheim-express.eu\/wp-content\/uploads\/2022\/11\/Manheim-Express-Estate-car.png","contentUrl":"https:\/\/www.manheim-express.eu\/wp-content\/uploads\/2022\/11\/Manheim-Express-Estate-car.png"},{"@type":"BreadcrumbList","@id":"https:\/\/www.manheim-express.eu\/de\/glossar\/auktion-nutzfahrzeuge\/#breadcrumb","itemListElement":[{"@type":"ListItem","position":1,"name":"Home","item":"https:\/\/www.manheim-express.eu\/de\/"},{"@type":"ListItem","position":2,"name":"Glossar","item":"https:\/\/www.manheim-express.eu\/de\/glossar\/"},{"@type":"ListItem","position":3,"name":"Auktion Nutzfahrzeuge"}]},{"@type":"WebSite","@id":"https:\/\/www.manheim-express.eu\/de\/#website","url":"https:\/\/www.manheim-express.eu\/de\/","name":"Manheim Express","description":"","publisher":{"@id":"https:\/\/www.manheim-express.eu\/de\/#organization"},"potentialAction":[{"@type":"SearchAction","target":{"@type":"EntryPoint","urlTemplate":"https:\/\/www.manheim-express.eu\/de\/?s={search_term_string}"},"query-input":{"@type":"PropertyValueSpecification","valueRequired":true,"valueName":"search_term_string"}}],"inLanguage":"de"},{"@type":"Organization","@id":"https:\/\/www.manheim-express.eu\/de\/#organization","name":"Manheim Express","url":"https:\/\/www.manheim-express.eu\/de\/","logo":{"@type":"ImageObject","inLanguage":"de","@id":"https:\/\/www.manheim-express.eu\/de\/#\/schema\/logo\/image\/","url":"https:\/\/www.manheim-express.eu\/wp-content\/uploads\/2021\/07\/manheim-express-logo-light.png","contentUrl":"https:\/\/www.manheim-express.eu\/wp-content\/uploads\/2021\/07\/manheim-express-logo-light.png","width":1163,"height":392,"caption":"Manheim Express"},"image":{"@id":"https:\/\/www.manheim-express.eu\/de\/#\/schema\/logo\/image\/"},"sameAs":["https:\/\/www.facebook.com\/manheimexpresseurope\/","https:\/\/www.instagram.com\/manheim.express","https:\/\/www.linkedin.com\/company\/manheim-express\/","https:\/\/www.youtube.com\/channel\/UCRKJajJPvJv-ao7Tk7qra5Q\/"]}]}},"_links":{"self":[{"href":"https:\/\/www.manheim-express.eu\/de\/wp-json\/wp\/v2\/pages\/16093","targetHints":{"allow":["GET"]}}],"collection":[{"href":"https:\/\/www.manheim-express.eu\/de\/wp-json\/wp\/v2\/pages"}],"about":[{"href":"https:\/\/www.manheim-express.eu\/de\/wp-json\/wp\/v2\/types\/page"}],"author":[{"embeddable":true,"href":"https:\/\/www.manheim-express.eu\/de\/wp-json\/wp\/v2\/users\/7"}],"replies":[{"embeddable":true,"href":"https:\/\/www.manheim-express.eu\/de\/wp-json\/wp\/v2\/comments?post=16093"}],"version-history":[{"count":10,"href":"https:\/\/www.manheim-express.eu\/de\/wp-json\/wp\/v2\/pages\/16093\/revisions"}],"predecessor-version":[{"id":16723,"href":"https:\/\/www.manheim-express.eu\/de\/wp-json\/wp\/v2\/pages\/16093\/revisions\/16723"}],"up":[{"embeddable":true,"href":"https:\/\/www.manheim-express.eu\/de\/wp-json\/wp\/v2\/pages\/11571"}],"wp:attachment":[{"href":"https:\/\/www.manheim-express.eu\/de\/wp-json\/wp\/v2\/media?parent=16093"}],"wp:term":[{"taxonomy":"wf_page_folders","embeddable":true,"href":"https:\/\/www.manheim-express.eu\/de\/wp-json\/wp\/v2\/wf_page_folders?post=16093"}],"curies":[{"name":"wp","href":"https:\/\/api.w.org\/{rel}","templated":true}]}}