{"id":16084,"date":"2024-01-15T13:28:27","date_gmt":"2024-01-15T13:28:27","guid":{"rendered":"https:\/\/www.manheim-express.eu\/?page_id=16084"},"modified":"2024-01-15T13:28:28","modified_gmt":"2024-01-15T13:28:28","slug":"auktion-markt","status":"publish","type":"page","link":"https:\/\/www.manheim-express.eu\/de\/glossar\/auktion-markt\/","title":{"rendered":"Auktion &amp; Markt"},"content":{"rendered":"\t\t<div data-elementor-type=\"wp-page\" data-elementor-id=\"16084\" class=\"elementor elementor-16084\" data-elementor-post-type=\"page\">\n\t\t\t\t\t\t<section class=\"elementor-section elementor-top-section elementor-element elementor-element-5ad223c elementor-section-full_width elementor-section-stretched elementor-section-height-default elementor-section-height-default\" data-id=\"5ad223c\" data-element_type=\"section\" data-settings=\"{&quot;stretch_section&quot;:&quot;section-stretched&quot;}\">\n\t\t\t\t\t\t<div class=\"elementor-container elementor-column-gap-default\">\n\t\t\t\t\t<div class=\"elementor-column elementor-col-50 elementor-top-column elementor-element elementor-element-d3b519c\" data-id=\"d3b519c\" data-element_type=\"column\" data-settings=\"{&quot;background_background&quot;:&quot;classic&quot;}\">\n\t\t\t<div class=\"elementor-widget-wrap elementor-element-populated\">\n\t\t\t\t\t\t<div class=\"elementor-element elementor-element-036dc3a elementor-widget elementor-widget-text-editor\" data-id=\"036dc3a\" data-element_type=\"widget\" data-widget_type=\"text-editor.default\">\n\t\t\t\t<div class=\"elementor-widget-container\">\n\t\t\t\t\t\t\t\t\t<h2>Vielen Dank f\u00fcr Ihr Interesse an Auktion &amp; Markt!<\/h2>\t\t\t\t\t\t\t\t<\/div>\n\t\t\t\t<\/div>\n\t\t\t\t<div class=\"elementor-element elementor-element-21c3353 elementor-widget elementor-widget-text-editor\" data-id=\"21c3353\" data-element_type=\"widget\" data-widget_type=\"text-editor.default\">\n\t\t\t\t<div class=\"elementor-widget-container\">\n\t\t\t\t\t\t\t\t\t<h3 class=\"\">Erfahren Sie hier mehr \u00fcber zeitgem\u00e4\u00dfes Cartrading!<\/h3>\t\t\t\t\t\t\t\t<\/div>\n\t\t\t\t<\/div>\n\t\t\t\t<div class=\"elementor-element elementor-element-c37119d elementor-widget elementor-widget-text-editor\" data-id=\"c37119d\" data-element_type=\"widget\" data-widget_type=\"text-editor.default\">\n\t\t\t\t<div class=\"elementor-widget-container\">\n\t\t\t\t\t\t\t\t\t<p>Die Plattform Manheim Express versteht sich als Informations- und Handelsplattform f\u00fcr den professionellen Handel mit Gebrauchtwagen. Nat\u00fcrlich informieren wir Sie auch \u00fcber wichtige Portale wie Auktion &amp; Markt und andere Anbieter.<\/p><p>Mit Manheim Express werden Sie mit wenigen Mausklicks professioneller Online-Trader im Gebrauchtwagenmarkt. Die Anmeldung ist denkbar einfach und das Einstellen und Verkaufen von Fahrzeugen problemlos m\u00f6glich.<\/p>\t\t\t\t\t\t\t\t<\/div>\n\t\t\t\t<\/div>\n\t\t\t\t<div class=\"elementor-element elementor-element-76774e4 elementor-widget elementor-widget-button\" data-id=\"76774e4\" data-element_type=\"widget\" data-widget_type=\"button.default\">\n\t\t\t\t<div class=\"elementor-widget-container\">\n\t\t\t\t\t\t\t\t\t<div class=\"elementor-button-wrapper\">\n\t\t\t\t\t<a class=\"elementor-button elementor-button-link elementor-size-lg\" href=\"#\">\n\t\t\t\t\t\t<span class=\"elementor-button-content-wrapper\">\n\t\t\t\t\t\t\t\t\t<span class=\"elementor-button-text\">Mehr Infos finden Sie hier<\/span>\n\t\t\t\t\t<\/span>\n\t\t\t\t\t<\/a>\n\t\t\t\t<\/div>\n\t\t\t\t\t\t\t\t<\/div>\n\t\t\t\t<\/div>\n\t\t\t\t<div class=\"elementor-element elementor-element-93513c7 elementor-widget elementor-widget-image\" data-id=\"93513c7\" data-element_type=\"widget\" data-widget_type=\"image.default\">\n\t\t\t\t<div class=\"elementor-widget-container\">\n\t\t\t\t\t\t\t\t\t\t\t\t\t\t\t<img fetchpriority=\"high\" decoding=\"async\" width=\"800\" height=\"389\" src=\"https:\/\/www.manheim-express.eu\/wp-content\/uploads\/2022\/11\/Manheim-Express-Estate-car.png\" class=\"attachment-large size-large wp-image-14639\" alt=\"\" srcset=\"https:\/\/www.manheim-express.eu\/wp-content\/uploads\/2022\/11\/Manheim-Express-Estate-car.png 1024w, https:\/\/www.manheim-express.eu\/wp-content\/uploads\/2022\/11\/Manheim-Express-Estate-car-300x146.png 300w, https:\/\/www.manheim-express.eu\/wp-content\/uploads\/2022\/11\/Manheim-Express-Estate-car-768x374.png 768w\" sizes=\"(max-width: 800px) 100vw, 800px\" \/>\t\t\t\t\t\t\t\t\t\t\t\t\t\t\t<\/div>\n\t\t\t\t<\/div>\n\t\t\t\t\t<\/div>\n\t\t<\/div>\n\t\t\t\t<div class=\"elementor-column elementor-col-50 elementor-top-column elementor-element elementor-element-213236b\" data-id=\"213236b\" data-element_type=\"column\" data-settings=\"{&quot;background_background&quot;:&quot;classic&quot;}\">\n\t\t\t<div class=\"elementor-widget-wrap elementor-element-populated\">\n\t\t\t\t\t\t<div class=\"elementor-element elementor-element-e9c050a elementor-widget elementor-widget-text-editor\" data-id=\"e9c050a\" data-element_type=\"widget\" data-widget_type=\"text-editor.default\">\n\t\t\t\t<div class=\"elementor-widget-container\">\n\t\t\t\t\t\t\t\t\t<h2>Auktion &amp; Markt \u2013 die Unternehmensgeschichte im \u00dcberblick<\/h2>\t\t\t\t\t\t\t\t<\/div>\n\t\t\t\t<\/div>\n\t\t\t\t<div class=\"elementor-element elementor-element-8d896a4 elementor-widget elementor-widget-text-editor\" data-id=\"8d896a4\" data-element_type=\"widget\" data-widget_type=\"text-editor.default\">\n\t\t\t\t<div class=\"elementor-widget-container\">\n\t\t\t\t\t\t\t\t\t<p>Die Auktion &amp; Markt AG ist ein mittelst\u00e4ndisches, inhabergef\u00fchrtes Unternehmen f\u00fcr den professionellen Handel mit Gebrauchtwagen. Unter der Marke: autobid.de betreibt Auktion &amp; Markt mehrere Auktionszentren in Deutschland sowie eine Online-Plattform f\u00fcr Autoauktionen. Der Sitz der Hauptverwaltung des Unternehmens befindet sich in Wiesbaden. Gegr\u00fcndet wurde Auktion &amp; Markt 1988 in Wiesbaden von dem Auktionator Karl Rolf Muth. Versteigert wurden zu Beginn vor Ort Fahrzeuge sowohl an H\u00e4ndler als auch Endkunden. Die Versteigerung von Kraftfahrzeugen war zu diesem Zeitpunkt f\u00fcr Deutschland in dieser Form ungew\u00f6hnlich, da die professionelle Vermarktung \u00fcber H\u00e4ndler und Autoh\u00e4user die g\u00e4ngige Verkaufsform war. In den Folgejahren expandierte das Unternehmen und trug dazu bei, Autoauktionen in Deutschland popul\u00e4rer zu machen. Im Jahr 2000 entschied die Unternehmensleitung, sich vollst\u00e4ndig auf den Automobilhandel zu konzentrieren und Privatverk\u00e4ufer aus den Auktionen auszuschlie\u00dfen. Auktionen wurden im Rahmen des neuen Konzeptes nun verst\u00e4rkt beim Handel vor Ort durchgef\u00fchrt. In der Folge er\u00f6ffnete Auktion &amp; Markt die ersten eigenen Auktionszentren in Deutschland. Im Jahr 2003 startete Auktion &amp; Markt die Auktionsplattform autobid.de f\u00fcr den B2B-Handel im Internet. Im Jahr 2004 wurde das Unternehmen in eine Aktiengesellschaft umgewandelt. 2007 startete Auktion &amp; Markt mit den ersten Netlive-Auktionen. In dieser Auktionsform k\u00f6nnen Fahrzeuge sowohl von Bietern vor Ort als auch \u00fcber das Internet ersteigert werden. Die Folgejahre f\u00fchrten zu einer Expansion des Unternehmens in Deutschland und Europa, die auch mit der Gr\u00fcndung diverser Gesch\u00e4ftsbereiche verbunden war. 2011 wurde die erste App von Auktion &amp; Markt ver\u00f6ffentlicht. Neben der Marke autobid.de, die seit 2012 alle Gesch\u00e4ftsbereiche von Auktion &amp; Markt umfasst, wurde 2013 der Gesch\u00e4ftsbereich propertybid.de gegr\u00fcndet. Auf dem Portal k\u00f6nnen Immobilientransaktionen abgewickelt werden. Der Schwerpunkt liegt bei diesem Segment von Auktion &amp; Markt in der Versteigerung von gewerblichen Immobilien in den Kategorien: Einzelhandel, B\u00fcro, Logistik\/Industrie, gemischte Nutzung und Sonstiges. In der Sparte classicbid.de wird seit 2014 der Handel und die Versteigerung von klassischen Automobilen angeboten. Der Anteil der Fahrzeuge, die im Online-Bereich ersteigert werden, betr\u00e4gt bei Auktion &amp; Markt gegenw\u00e4rtig 85%.<\/p>\t\t\t\t\t\t\t\t<\/div>\n\t\t\t\t<\/div>\n\t\t\t\t<div class=\"elementor-element elementor-element-b3d2cf9 elementor-widget elementor-widget-text-editor\" data-id=\"b3d2cf9\" data-element_type=\"widget\" data-widget_type=\"text-editor.default\">\n\t\t\t\t<div class=\"elementor-widget-container\">\n\t\t\t\t\t\t\t\t\t<h2>Mit welchen Partnern arbeitet Auktion &amp; Markt zusammen?<\/h2>\t\t\t\t\t\t\t\t<\/div>\n\t\t\t\t<\/div>\n\t\t\t\t<div class=\"elementor-element elementor-element-76f2c0f elementor-widget elementor-widget-text-editor\" data-id=\"76f2c0f\" data-element_type=\"widget\" data-widget_type=\"text-editor.default\">\n\t\t\t\t<div class=\"elementor-widget-container\">\n\t\t\t\t\t\t\t\t\t<p>Das Spektrum von Kooperationen f\u00e4chert sich bei Auktion &amp; Markt in Auktionspartner, Lizenzpartner, Kooperationspartner und Dienstleistungspartner auf. Auktionspartner aus dem In- und Ausland sind Autovermieter und Hersteller, Niederlassungen und Vertretungen, Banken und Leasingfirmen sowie Gro\u00dfh\u00e4ndler und Importeure. F\u00fcr renommierte Automarken stellt Auktion &amp; Markt eigene Markenportale zur Verf\u00fcgung. Als Lizenzpartner k\u00f6nnen externe Unternehmen die Auktionsmodule der Segmente von Auktion &amp; Markt nutzen. Der Lizenzpartner agiert dabei in eigenem Namen und auf eigene Rechnung. Das Dienstleistungsspektrum der von Auktion &amp; Markt bzw. von autobid.de betriebenen Marken wird durch die Kooperation mit unterschiedlichen, auf die jeweilige Dienstleistung spezialisierten Partnern, erg\u00e4nzt. Zu den Dienstleistungspartnern geh\u00f6ren ebenfalls Pr\u00fcforganisationen zur Begutachtung und Vorbereitung der Fahrzeuge auf die Auktionen.<\/p>\t\t\t\t\t\t\t\t<\/div>\n\t\t\t\t<\/div>\n\t\t\t\t\t<\/div>\n\t\t<\/div>\n\t\t\t\t\t<\/div>\n\t\t<\/section>\n\t\t\t\t<\/div>\n\t\t","protected":false},"excerpt":{"rendered":"<p>Vielen Dank f\u00fcr Ihr Interesse an Auktion &amp; Markt! Erfahren Sie hier mehr \u00fcber zeitgem\u00e4\u00dfes Cartrading! Die Plattform Manheim Express versteht sich als Informations- und Handelsplattform f\u00fcr den professionellen Handel mit Gebrauchtwagen. Nat\u00fcrlich informieren wir Sie auch \u00fcber wichtige Portale wie Auktion &amp; Markt und andere Anbieter. Mit Manheim Express werden Sie mit wenigen Mausklicks [&hellip;]<\/p>\n","protected":false},"author":7,"featured_media":0,"parent":11571,"menu_order":0,"comment_status":"closed","ping_status":"closed","template":"","meta":{"_acf_changed":false,"footnotes":""},"wf_page_folders":[156],"class_list":["post-16084","page","type-page","status-publish","hentry"],"acf":[],"yoast_head":"<!-- This site is optimized with the Yoast SEO plugin v25.8 - https:\/\/yoast.com\/wordpress\/plugins\/seo\/ -->\n<title>Auktion &amp; Markt - Manheim Express die neue Auktionsplattform f\u00fcr den KFZ Handel<\/title>\n<meta name=\"description\" content=\"Unter der Marke: autobid.de betreibt Auktion &amp; Markt mehrere Auktionszentren in Deutschland sowie eine Online-Plattform f\u00fcr Autoauktionen.\" \/>\n<meta name=\"robots\" content=\"index, follow, max-snippet:-1, max-image-preview:large, max-video-preview:-1\" \/>\n<link rel=\"canonical\" href=\"https:\/\/www.manheim-express.eu\/de\/glossar\/auktion-markt\/\" \/>\n<meta property=\"og:locale\" content=\"de_DE\" \/>\n<meta property=\"og:type\" content=\"article\" \/>\n<meta property=\"og:title\" content=\"Auktion &amp; Markt - Manheim Express die neue Auktionsplattform f\u00fcr den KFZ Handel\" \/>\n<meta property=\"og:description\" content=\"Unter der Marke: autobid.de betreibt Auktion &amp; Markt mehrere Auktionszentren in Deutschland sowie eine Online-Plattform f\u00fcr Autoauktionen.\" \/>\n<meta property=\"og:url\" content=\"https:\/\/www.manheim-express.eu\/de\/glossar\/auktion-markt\/\" \/>\n<meta property=\"og:site_name\" content=\"Manheim Express\" \/>\n<meta property=\"article:publisher\" content=\"https:\/\/www.facebook.com\/manheimexpresseurope\/\" \/>\n<meta property=\"article:modified_time\" content=\"2024-01-15T13:28:28+00:00\" \/>\n<meta property=\"og:image\" content=\"https:\/\/www.manheim-express.eu\/wp-content\/uploads\/2022\/11\/Manheim-Express-Estate-car.png\" \/>\n<meta name=\"twitter:card\" content=\"summary_large_image\" \/>\n<meta name=\"twitter:label1\" content=\"Gesch\u00e4tzte Lesezeit\" \/>\n\t<meta name=\"twitter:data1\" content=\"3\u00a0Minuten\" \/>\n<script type=\"application\/ld+json\" class=\"yoast-schema-graph\">{\"@context\":\"https:\/\/schema.org\",\"@graph\":[{\"@type\":\"WebPage\",\"@id\":\"https:\/\/www.manheim-express.eu\/de\/glossar\/auktion-markt\/\",\"url\":\"https:\/\/www.manheim-express.eu\/de\/glossar\/auktion-markt\/\",\"name\":\"Auktion &amp; Markt - Manheim Express die neue Auktionsplattform f\u00fcr den KFZ Handel\",\"isPartOf\":{\"@id\":\"https:\/\/www.manheim-express.eu\/de\/#website\"},\"primaryImageOfPage\":{\"@id\":\"https:\/\/www.manheim-express.eu\/de\/glossar\/auktion-markt\/#primaryimage\"},\"image\":{\"@id\":\"https:\/\/www.manheim-express.eu\/de\/glossar\/auktion-markt\/#primaryimage\"},\"thumbnailUrl\":\"https:\/\/www.manheim-express.eu\/wp-content\/uploads\/2022\/11\/Manheim-Express-Estate-car.png\",\"datePublished\":\"2024-01-15T13:28:27+00:00\",\"dateModified\":\"2024-01-15T13:28:28+00:00\",\"description\":\"Unter der Marke: autobid.de betreibt Auktion & Markt mehrere Auktionszentren in Deutschland sowie eine Online-Plattform f\u00fcr Autoauktionen.\",\"breadcrumb\":{\"@id\":\"https:\/\/www.manheim-express.eu\/de\/glossar\/auktion-markt\/#breadcrumb\"},\"inLanguage\":\"de\",\"potentialAction\":[{\"@type\":\"ReadAction\",\"target\":[\"https:\/\/www.manheim-express.eu\/de\/glossar\/auktion-markt\/\"]}]},{\"@type\":\"ImageObject\",\"inLanguage\":\"de\",\"@id\":\"https:\/\/www.manheim-express.eu\/de\/glossar\/auktion-markt\/#primaryimage\",\"url\":\"https:\/\/www.manheim-express.eu\/wp-content\/uploads\/2022\/11\/Manheim-Express-Estate-car.png\",\"contentUrl\":\"https:\/\/www.manheim-express.eu\/wp-content\/uploads\/2022\/11\/Manheim-Express-Estate-car.png\"},{\"@type\":\"BreadcrumbList\",\"@id\":\"https:\/\/www.manheim-express.eu\/de\/glossar\/auktion-markt\/#breadcrumb\",\"itemListElement\":[{\"@type\":\"ListItem\",\"position\":1,\"name\":\"Home\",\"item\":\"https:\/\/www.manheim-express.eu\/de\/\"},{\"@type\":\"ListItem\",\"position\":2,\"name\":\"Glossar\",\"item\":\"https:\/\/www.manheim-express.eu\/de\/glossar\/\"},{\"@type\":\"ListItem\",\"position\":3,\"name\":\"Auktion &amp; Markt\"}]},{\"@type\":\"WebSite\",\"@id\":\"https:\/\/www.manheim-express.eu\/de\/#website\",\"url\":\"https:\/\/www.manheim-express.eu\/de\/\",\"name\":\"Manheim Express\",\"description\":\"\",\"publisher\":{\"@id\":\"https:\/\/www.manheim-express.eu\/de\/#organization\"},\"potentialAction\":[{\"@type\":\"SearchAction\",\"target\":{\"@type\":\"EntryPoint\",\"urlTemplate\":\"https:\/\/www.manheim-express.eu\/de\/?s={search_term_string}\"},\"query-input\":{\"@type\":\"PropertyValueSpecification\",\"valueRequired\":true,\"valueName\":\"search_term_string\"}}],\"inLanguage\":\"de\"},{\"@type\":\"Organization\",\"@id\":\"https:\/\/www.manheim-express.eu\/de\/#organization\",\"name\":\"Manheim Express\",\"url\":\"https:\/\/www.manheim-express.eu\/de\/\",\"logo\":{\"@type\":\"ImageObject\",\"inLanguage\":\"de\",\"@id\":\"https:\/\/www.manheim-express.eu\/de\/#\/schema\/logo\/image\/\",\"url\":\"https:\/\/www.manheim-express.eu\/wp-content\/uploads\/2021\/07\/manheim-express-logo-light.png\",\"contentUrl\":\"https:\/\/www.manheim-express.eu\/wp-content\/uploads\/2021\/07\/manheim-express-logo-light.png\",\"width\":1163,\"height\":392,\"caption\":\"Manheim Express\"},\"image\":{\"@id\":\"https:\/\/www.manheim-express.eu\/de\/#\/schema\/logo\/image\/\"},\"sameAs\":[\"https:\/\/www.facebook.com\/manheimexpresseurope\/\",\"https:\/\/www.instagram.com\/manheim.express\",\"https:\/\/www.linkedin.com\/company\/manheim-express\/\",\"https:\/\/www.youtube.com\/channel\/UCRKJajJPvJv-ao7Tk7qra5Q\/\"]}]}<\/script>\n<!-- \/ Yoast SEO plugin. -->","yoast_head_json":{"title":"Auktion &amp; Markt - Manheim Express die neue Auktionsplattform f\u00fcr den KFZ Handel","description":"Unter der Marke: autobid.de betreibt Auktion & Markt mehrere Auktionszentren in Deutschland sowie eine Online-Plattform f\u00fcr Autoauktionen.","robots":{"index":"index","follow":"follow","max-snippet":"max-snippet:-1","max-image-preview":"max-image-preview:large","max-video-preview":"max-video-preview:-1"},"canonical":"https:\/\/www.manheim-express.eu\/de\/glossar\/auktion-markt\/","og_locale":"de_DE","og_type":"article","og_title":"Auktion &amp; Markt - Manheim Express die neue Auktionsplattform f\u00fcr den KFZ Handel","og_description":"Unter der Marke: autobid.de betreibt Auktion & Markt mehrere Auktionszentren in Deutschland sowie eine Online-Plattform f\u00fcr Autoauktionen.","og_url":"https:\/\/www.manheim-express.eu\/de\/glossar\/auktion-markt\/","og_site_name":"Manheim Express","article_publisher":"https:\/\/www.facebook.com\/manheimexpresseurope\/","article_modified_time":"2024-01-15T13:28:28+00:00","og_image":[{"url":"https:\/\/www.manheim-express.eu\/wp-content\/uploads\/2022\/11\/Manheim-Express-Estate-car.png","type":"","width":"","height":""}],"twitter_card":"summary_large_image","twitter_misc":{"Gesch\u00e4tzte Lesezeit":"3\u00a0Minuten"},"schema":{"@context":"https:\/\/schema.org","@graph":[{"@type":"WebPage","@id":"https:\/\/www.manheim-express.eu\/de\/glossar\/auktion-markt\/","url":"https:\/\/www.manheim-express.eu\/de\/glossar\/auktion-markt\/","name":"Auktion &amp; Markt - Manheim Express die neue Auktionsplattform f\u00fcr den KFZ Handel","isPartOf":{"@id":"https:\/\/www.manheim-express.eu\/de\/#website"},"primaryImageOfPage":{"@id":"https:\/\/www.manheim-express.eu\/de\/glossar\/auktion-markt\/#primaryimage"},"image":{"@id":"https:\/\/www.manheim-express.eu\/de\/glossar\/auktion-markt\/#primaryimage"},"thumbnailUrl":"https:\/\/www.manheim-express.eu\/wp-content\/uploads\/2022\/11\/Manheim-Express-Estate-car.png","datePublished":"2024-01-15T13:28:27+00:00","dateModified":"2024-01-15T13:28:28+00:00","description":"Unter der Marke: autobid.de betreibt Auktion & Markt mehrere Auktionszentren in Deutschland sowie eine Online-Plattform f\u00fcr Autoauktionen.","breadcrumb":{"@id":"https:\/\/www.manheim-express.eu\/de\/glossar\/auktion-markt\/#breadcrumb"},"inLanguage":"de","potentialAction":[{"@type":"ReadAction","target":["https:\/\/www.manheim-express.eu\/de\/glossar\/auktion-markt\/"]}]},{"@type":"ImageObject","inLanguage":"de","@id":"https:\/\/www.manheim-express.eu\/de\/glossar\/auktion-markt\/#primaryimage","url":"https:\/\/www.manheim-express.eu\/wp-content\/uploads\/2022\/11\/Manheim-Express-Estate-car.png","contentUrl":"https:\/\/www.manheim-express.eu\/wp-content\/uploads\/2022\/11\/Manheim-Express-Estate-car.png"},{"@type":"BreadcrumbList","@id":"https:\/\/www.manheim-express.eu\/de\/glossar\/auktion-markt\/#breadcrumb","itemListElement":[{"@type":"ListItem","position":1,"name":"Home","item":"https:\/\/www.manheim-express.eu\/de\/"},{"@type":"ListItem","position":2,"name":"Glossar","item":"https:\/\/www.manheim-express.eu\/de\/glossar\/"},{"@type":"ListItem","position":3,"name":"Auktion &amp; Markt"}]},{"@type":"WebSite","@id":"https:\/\/www.manheim-express.eu\/de\/#website","url":"https:\/\/www.manheim-express.eu\/de\/","name":"Manheim Express","description":"","publisher":{"@id":"https:\/\/www.manheim-express.eu\/de\/#organization"},"potentialAction":[{"@type":"SearchAction","target":{"@type":"EntryPoint","urlTemplate":"https:\/\/www.manheim-express.eu\/de\/?s={search_term_string}"},"query-input":{"@type":"PropertyValueSpecification","valueRequired":true,"valueName":"search_term_string"}}],"inLanguage":"de"},{"@type":"Organization","@id":"https:\/\/www.manheim-express.eu\/de\/#organization","name":"Manheim Express","url":"https:\/\/www.manheim-express.eu\/de\/","logo":{"@type":"ImageObject","inLanguage":"de","@id":"https:\/\/www.manheim-express.eu\/de\/#\/schema\/logo\/image\/","url":"https:\/\/www.manheim-express.eu\/wp-content\/uploads\/2021\/07\/manheim-express-logo-light.png","contentUrl":"https:\/\/www.manheim-express.eu\/wp-content\/uploads\/2021\/07\/manheim-express-logo-light.png","width":1163,"height":392,"caption":"Manheim Express"},"image":{"@id":"https:\/\/www.manheim-express.eu\/de\/#\/schema\/logo\/image\/"},"sameAs":["https:\/\/www.facebook.com\/manheimexpresseurope\/","https:\/\/www.instagram.com\/manheim.express","https:\/\/www.linkedin.com\/company\/manheim-express\/","https:\/\/www.youtube.com\/channel\/UCRKJajJPvJv-ao7Tk7qra5Q\/"]}]}},"_links":{"self":[{"href":"https:\/\/www.manheim-express.eu\/de\/wp-json\/wp\/v2\/pages\/16084","targetHints":{"allow":["GET"]}}],"collection":[{"href":"https:\/\/www.manheim-express.eu\/de\/wp-json\/wp\/v2\/pages"}],"about":[{"href":"https:\/\/www.manheim-express.eu\/de\/wp-json\/wp\/v2\/types\/page"}],"author":[{"embeddable":true,"href":"https:\/\/www.manheim-express.eu\/de\/wp-json\/wp\/v2\/users\/7"}],"replies":[{"embeddable":true,"href":"https:\/\/www.manheim-express.eu\/de\/wp-json\/wp\/v2\/comments?post=16084"}],"version-history":[{"count":7,"href":"https:\/\/www.manheim-express.eu\/de\/wp-json\/wp\/v2\/pages\/16084\/revisions"}],"predecessor-version":[{"id":16091,"href":"https:\/\/www.manheim-express.eu\/de\/wp-json\/wp\/v2\/pages\/16084\/revisions\/16091"}],"up":[{"embeddable":true,"href":"https:\/\/www.manheim-express.eu\/de\/wp-json\/wp\/v2\/pages\/11571"}],"wp:attachment":[{"href":"https:\/\/www.manheim-express.eu\/de\/wp-json\/wp\/v2\/media?parent=16084"}],"wp:term":[{"taxonomy":"wf_page_folders","embeddable":true,"href":"https:\/\/www.manheim-express.eu\/de\/wp-json\/wp\/v2\/wf_page_folders?post=16084"}],"curies":[{"name":"wp","href":"https:\/\/api.w.org\/{rel}","templated":true}]}}