{"id":16073,"date":"2024-01-15T13:26:09","date_gmt":"2024-01-15T13:26:09","guid":{"rendered":"https:\/\/www.manheim-express.eu\/?page_id=16073"},"modified":"2024-01-15T13:26:11","modified_gmt":"2024-01-15T13:26:11","slug":"agb-gebrauchtwagenhandel","status":"publish","type":"page","link":"https:\/\/www.manheim-express.eu\/de\/glossar\/agb-gebrauchtwagenhandel\/","title":{"rendered":"AGB Gebrauchtwagenhandel"},"content":{"rendered":"\t\t<div data-elementor-type=\"wp-page\" data-elementor-id=\"16073\" class=\"elementor elementor-16073\" data-elementor-post-type=\"page\">\n\t\t\t\t\t\t<section class=\"elementor-section elementor-top-section elementor-element elementor-element-5ad223c elementor-section-full_width elementor-section-stretched elementor-section-height-default elementor-section-height-default\" data-id=\"5ad223c\" data-element_type=\"section\" data-settings=\"{&quot;stretch_section&quot;:&quot;section-stretched&quot;}\">\n\t\t\t\t\t\t<div class=\"elementor-container elementor-column-gap-default\">\n\t\t\t\t\t<div class=\"elementor-column elementor-col-50 elementor-top-column elementor-element elementor-element-d3b519c\" data-id=\"d3b519c\" data-element_type=\"column\" data-settings=\"{&quot;background_background&quot;:&quot;classic&quot;}\">\n\t\t\t<div class=\"elementor-widget-wrap elementor-element-populated\">\n\t\t\t\t\t\t<div class=\"elementor-element elementor-element-036dc3a elementor-widget elementor-widget-text-editor\" data-id=\"036dc3a\" data-element_type=\"widget\" data-widget_type=\"text-editor.default\">\n\t\t\t\t<div class=\"elementor-widget-container\">\n\t\t\t\t\t\t\t\t\t<h2>Fragen zu den AGB im Gebrauchtwagenhandel?<\/h2>\t\t\t\t\t\t\t\t<\/div>\n\t\t\t\t<\/div>\n\t\t\t\t<div class=\"elementor-element elementor-element-21c3353 elementor-widget elementor-widget-text-editor\" data-id=\"21c3353\" data-element_type=\"widget\" data-widget_type=\"text-editor.default\">\n\t\t\t\t<div class=\"elementor-widget-container\">\n\t\t\t\t\t\t\t\t\t<h3 class=\"\">Manheim Express gibt Tipps und Hinweise f\u00fcr H\u00e4ndler<\/h3>\t\t\t\t\t\t\t\t<\/div>\n\t\t\t\t<\/div>\n\t\t\t\t<div class=\"elementor-element elementor-element-c37119d elementor-widget elementor-widget-text-editor\" data-id=\"c37119d\" data-element_type=\"widget\" data-widget_type=\"text-editor.default\">\n\t\t\t\t<div class=\"elementor-widget-container\">\n\t\t\t\t\t\t\t\t\t<p>Der sorgf\u00e4ltige Umgang mit den allgemeinen Gesch\u00e4ftsbedingungen ist f\u00fcr jeden Gewerbetreibenden wichtig. Doch wenn man genauer hinsieht, stellt man immer wieder fest, dass im Gebrauchtwagenhandel die AGB mitunter stiefm\u00fctterlich behandelt werden. Zwar beruft sich kaum noch ein H\u00e4ndler darauf, dass es keine Pflicht gibt, AGB zu ver\u00f6ffentlichen und verzichtet ganz darauf \u2014 oft wird aber bei der Zusammenstellung und Formulierung der AGB nachl\u00e4ssig vorgegangen. Seri\u00f6se H\u00e4ndler sollten diesen Beispielen nicht folgen, ihre AGB sorgf\u00e4ltig erstellen und dem Gesch\u00e4ftspartner jederzeit erl\u00e4utern k\u00f6nnen. So lassen sich bereits im Vorfeld Missverst\u00e4ndnisse und \u00c4rger vermeiden. Zudem wird das Kundenvertrauen gest\u00e4rkt und schnelle und erfolgreiche Vertragsabschl\u00fcsse f\u00fcr beide Seiten erleichtert.<\/p>\t\t\t\t\t\t\t\t<\/div>\n\t\t\t\t<\/div>\n\t\t\t\t<div class=\"elementor-element elementor-element-76774e4 elementor-widget elementor-widget-button\" data-id=\"76774e4\" data-element_type=\"widget\" data-widget_type=\"button.default\">\n\t\t\t\t<div class=\"elementor-widget-container\">\n\t\t\t\t\t\t\t\t\t<div class=\"elementor-button-wrapper\">\n\t\t\t\t\t<a class=\"elementor-button elementor-button-link elementor-size-lg\" href=\"#\">\n\t\t\t\t\t\t<span class=\"elementor-button-content-wrapper\">\n\t\t\t\t\t\t\t\t\t<span class=\"elementor-button-text\">Mehr Infos finden Sie hier<\/span>\n\t\t\t\t\t<\/span>\n\t\t\t\t\t<\/a>\n\t\t\t\t<\/div>\n\t\t\t\t\t\t\t\t<\/div>\n\t\t\t\t<\/div>\n\t\t\t\t<div class=\"elementor-element elementor-element-93513c7 elementor-widget elementor-widget-image\" data-id=\"93513c7\" data-element_type=\"widget\" data-widget_type=\"image.default\">\n\t\t\t\t<div class=\"elementor-widget-container\">\n\t\t\t\t\t\t\t\t\t\t\t\t\t\t\t<img fetchpriority=\"high\" decoding=\"async\" width=\"800\" height=\"389\" src=\"https:\/\/www.manheim-express.eu\/wp-content\/uploads\/2022\/11\/Manheim-Express-Estate-car.png\" class=\"attachment-large size-large wp-image-14639\" alt=\"\" srcset=\"https:\/\/www.manheim-express.eu\/wp-content\/uploads\/2022\/11\/Manheim-Express-Estate-car.png 1024w, https:\/\/www.manheim-express.eu\/wp-content\/uploads\/2022\/11\/Manheim-Express-Estate-car-300x146.png 300w, https:\/\/www.manheim-express.eu\/wp-content\/uploads\/2022\/11\/Manheim-Express-Estate-car-768x374.png 768w\" sizes=\"(max-width: 800px) 100vw, 800px\" \/>\t\t\t\t\t\t\t\t\t\t\t\t\t\t\t<\/div>\n\t\t\t\t<\/div>\n\t\t\t\t\t<\/div>\n\t\t<\/div>\n\t\t\t\t<div class=\"elementor-column elementor-col-50 elementor-top-column elementor-element elementor-element-213236b\" data-id=\"213236b\" data-element_type=\"column\" data-settings=\"{&quot;background_background&quot;:&quot;classic&quot;}\">\n\t\t\t<div class=\"elementor-widget-wrap elementor-element-populated\">\n\t\t\t\t\t\t<div class=\"elementor-element elementor-element-e9c050a elementor-widget elementor-widget-text-editor\" data-id=\"e9c050a\" data-element_type=\"widget\" data-widget_type=\"text-editor.default\">\n\t\t\t\t<div class=\"elementor-widget-container\">\n\t\t\t\t\t\t\t\t\t<h2>AGB im Gebrauchtwagenhandel &#8211; Sorgfalt zahlt sich aus<\/h2>\t\t\t\t\t\t\t\t<\/div>\n\t\t\t\t<\/div>\n\t\t\t\t<div class=\"elementor-element elementor-element-8d896a4 elementor-widget elementor-widget-text-editor\" data-id=\"8d896a4\" data-element_type=\"widget\" data-widget_type=\"text-editor.default\">\n\t\t\t\t<div class=\"elementor-widget-container\">\n\t\t\t\t\t\t\t\t\t<p>Die Erstellung und Ver\u00f6ffentlichung der allgemeinen Gesch\u00e4ftsbedingungen ist gerade f\u00fcr viele kleinere Unternehmer im Gebrauchtwagenhandel eine eher unbeliebte Aufgabe. Der H\u00e4ndler will sich schlie\u00dflich nicht mit juristischen Formulierungen herumschlagen, sondern sein Gesch\u00e4ft betreiben und erfolgreich Autos verkaufen. Dennoch sollte man als H\u00e4ndler den AGB gen\u00fcgend Aufmerksamkeit schenken, denn ihre fehlerfreie und eindeutige Formulierung kann den Gesch\u00e4ftsalltag deutlich erleichtern und auch die Kundenzufriedenheit merklich erh\u00f6hen. Der klare Bezug zum potenziellen Kundenkreis und zum eigenen Gesch\u00e4ftsmodell ist daher auch einer der zentralen Aspekte bei der Erstellung der AGB. F\u00fcr die Vertragsabschl\u00fcsse mit Privatkunden gelten beispielsweise andere rechtliche Regeln und M\u00f6glichkeiten als beim Handel zwischen H\u00e4ndlern \u2014 im Gebrauchtwagensektor ein wichtiger Unterschied, der, je nach Gesch\u00e4ftsmodell, in den AGB ber\u00fccksichtigt werden muss. Grunds\u00e4tzlich gilt bei der Erstellung der AGB im Gebrauchtwagenhandel: Der H\u00e4ndler sollte darauf achten, seine AGB m\u00f6glichst pr\u00e4zise und passgenau an sein Unternehmen und seine Kunden anzupassen, denn oft sind es gerade Details und vermeintliche Kleinigkeiten, die einen juristischen Unterschied machen. Daher gilt: besser einmal mit etwas mehr Sorgfalt und am Besten mit Hilfe eines Fachanwaltes vorgehen. So l\u00e4sst sich mit gutem Gewissen seinen Gesch\u00e4ften nachgehen und eine Reihe von Missverst\u00e4ndnissen k\u00f6nnen im Voraus vermieden werden.<\/p>\t\t\t\t\t\t\t\t<\/div>\n\t\t\t\t<\/div>\n\t\t\t\t<div class=\"elementor-element elementor-element-b3d2cf9 elementor-widget elementor-widget-text-editor\" data-id=\"b3d2cf9\" data-element_type=\"widget\" data-widget_type=\"text-editor.default\">\n\t\t\t\t<div class=\"elementor-widget-container\">\n\t\t\t\t\t\t\t\t\t<h2 class=\"text-center\">Erstellen der AGB im Gebrauchtwagenhandel \u2014 Tipps f\u00fcr H\u00e4ndler<\/h2>\t\t\t\t\t\t\t\t<\/div>\n\t\t\t\t<\/div>\n\t\t\t\t<div class=\"elementor-element elementor-element-76f2c0f elementor-widget elementor-widget-text-editor\" data-id=\"76f2c0f\" data-element_type=\"widget\" data-widget_type=\"text-editor.default\">\n\t\t\t\t<div class=\"elementor-widget-container\">\n\t\t\t\t\t\t\t\t\t<p>Sowohl Verbraucher als auch Gewerbetreibende sind st\u00e4ndig mit rechtlich geregelten Situationen oder Vertragsverh\u00e4ltnissen konfrontiert. Und jeder wei\u00df aus eigener Erfahrung, dass es gar nicht m\u00f6glich ist, die jeweiligen AGB aller abgeschlossenen Vertr\u00e4ge durchzuarbeiten. Das kann solange gut gehen, wie man es mit kulanten und seri\u00f6sen Unternehmen zu tun hat, wird aber dann mitunter \u00e4rgerlich, wenn ein Gesch\u00e4ftsabschluss nicht zustande kommt, M\u00e4ngel oder Reklamationen auftreten. F\u00fcr H\u00e4ndler im Gebrauchtwagenhandel empfiehlt es sich, bei der Formulierung ihrer AGB mit Umsicht und Sorgfalt vorzugehen: denn sowohl die Kunden als auch der H\u00e4ndler profitiert letztlich davon. Denn auch wenn sich die Gesch\u00e4ftsmodelle in der Branche oft \u00e4hneln, ist doch jeder Gebrauchtwagenhandel einzigartig und die jeweiligen AGB sollten sich pr\u00e4zise am jeweiligen Gesch\u00e4ftsmodell orientieren. Grunds\u00e4tzlich empfiehlt es sich, die eigenen ABG mit der Unterst\u00fctzung eines spezialisierten Rechtsanwaltes zu erstellen. Die Kosten f\u00fcr den Anwalt zahlen sich aus, denn der juristische Fachmann sorgt daf\u00fcr, dass die AGB wirklich alle Gesch\u00e4ftsbereiche des Unternehmens abdecken und auch die Hinweise auf die AGB korrekt angebracht sind. Abzuraten ist von der \u00dcbernahme vorformulierter AGB aus dem Internet oder gar die \u00dcbernahme von AGB anderer Anbieter. Hier kann sogar eine Abmahnung drohen. Auch vom Versuch, sich durch spezielle Formulierungen oder Klauseln Vorteile zu sichern, die mit der Gesetzgebung nicht vereinbar sind, muss klar abgeraten werden \u2014 solche Klausen sind schlicht ung\u00fcltig.<\/p>\t\t\t\t\t\t\t\t<\/div>\n\t\t\t\t<\/div>\n\t\t\t\t\t<\/div>\n\t\t<\/div>\n\t\t\t\t\t<\/div>\n\t\t<\/section>\n\t\t\t\t<\/div>\n\t\t","protected":false},"excerpt":{"rendered":"<p>Fragen zu den AGB im Gebrauchtwagenhandel? Manheim Express gibt Tipps und Hinweise f\u00fcr H\u00e4ndler Der sorgf\u00e4ltige Umgang mit den allgemeinen Gesch\u00e4ftsbedingungen ist f\u00fcr jeden Gewerbetreibenden wichtig. Doch wenn man genauer hinsieht, stellt man immer wieder fest, dass im Gebrauchtwagenhandel die AGB mitunter stiefm\u00fctterlich behandelt werden. Zwar beruft sich kaum noch ein H\u00e4ndler darauf, dass es [&hellip;]<\/p>\n","protected":false},"author":7,"featured_media":0,"parent":11571,"menu_order":0,"comment_status":"closed","ping_status":"closed","template":"","meta":{"_acf_changed":false,"footnotes":""},"wf_page_folders":[156],"class_list":["post-16073","page","type-page","status-publish","hentry"],"acf":[],"yoast_head":"<!-- This site is optimized with the Yoast SEO plugin v25.8 - https:\/\/yoast.com\/wordpress\/plugins\/seo\/ -->\n<title>AGB Gebrauchtwagenhandel - Manheim Express die neue Auktionsplattform f\u00fcr den KFZ Handel<\/title>\n<meta name=\"description\" content=\"Die Erstellung und Ver\u00f6ffentlichung der allgemeinen Gesch\u00e4ftsbedingungen ist gerade f\u00fcr viele kleinere Unternehmer im Gebrauchtwagenhandel eine eher unbeliebte Aufgabe.\" \/>\n<meta name=\"robots\" content=\"index, follow, max-snippet:-1, max-image-preview:large, max-video-preview:-1\" \/>\n<link rel=\"canonical\" href=\"https:\/\/www.manheim-express.eu\/de\/glossar\/agb-gebrauchtwagenhandel\/\" \/>\n<meta property=\"og:locale\" content=\"de_DE\" \/>\n<meta property=\"og:type\" content=\"article\" \/>\n<meta property=\"og:title\" content=\"AGB Gebrauchtwagenhandel - Manheim Express die neue Auktionsplattform f\u00fcr den KFZ Handel\" \/>\n<meta property=\"og:description\" content=\"Die Erstellung und Ver\u00f6ffentlichung der allgemeinen Gesch\u00e4ftsbedingungen ist gerade f\u00fcr viele kleinere Unternehmer im Gebrauchtwagenhandel eine eher unbeliebte Aufgabe.\" \/>\n<meta property=\"og:url\" content=\"https:\/\/www.manheim-express.eu\/de\/glossar\/agb-gebrauchtwagenhandel\/\" \/>\n<meta property=\"og:site_name\" content=\"Manheim Express\" \/>\n<meta property=\"article:publisher\" content=\"https:\/\/www.facebook.com\/manheimexpresseurope\/\" \/>\n<meta property=\"article:modified_time\" content=\"2024-01-15T13:26:11+00:00\" \/>\n<meta property=\"og:image\" content=\"https:\/\/www.manheim-express.eu\/wp-content\/uploads\/2022\/11\/Manheim-Express-Estate-car.png\" \/>\n<meta name=\"twitter:card\" content=\"summary_large_image\" \/>\n<meta name=\"twitter:label1\" content=\"Gesch\u00e4tzte Lesezeit\" \/>\n\t<meta name=\"twitter:data1\" content=\"3\u00a0Minuten\" \/>\n<script type=\"application\/ld+json\" class=\"yoast-schema-graph\">{\"@context\":\"https:\/\/schema.org\",\"@graph\":[{\"@type\":\"WebPage\",\"@id\":\"https:\/\/www.manheim-express.eu\/de\/glossar\/agb-gebrauchtwagenhandel\/\",\"url\":\"https:\/\/www.manheim-express.eu\/de\/glossar\/agb-gebrauchtwagenhandel\/\",\"name\":\"AGB Gebrauchtwagenhandel - Manheim Express die neue Auktionsplattform f\u00fcr den KFZ Handel\",\"isPartOf\":{\"@id\":\"https:\/\/www.manheim-express.eu\/de\/#website\"},\"primaryImageOfPage\":{\"@id\":\"https:\/\/www.manheim-express.eu\/de\/glossar\/agb-gebrauchtwagenhandel\/#primaryimage\"},\"image\":{\"@id\":\"https:\/\/www.manheim-express.eu\/de\/glossar\/agb-gebrauchtwagenhandel\/#primaryimage\"},\"thumbnailUrl\":\"https:\/\/www.manheim-express.eu\/wp-content\/uploads\/2022\/11\/Manheim-Express-Estate-car.png\",\"datePublished\":\"2024-01-15T13:26:09+00:00\",\"dateModified\":\"2024-01-15T13:26:11+00:00\",\"description\":\"Die Erstellung und Ver\u00f6ffentlichung der allgemeinen Gesch\u00e4ftsbedingungen ist gerade f\u00fcr viele kleinere Unternehmer im Gebrauchtwagenhandel eine eher unbeliebte Aufgabe.\",\"breadcrumb\":{\"@id\":\"https:\/\/www.manheim-express.eu\/de\/glossar\/agb-gebrauchtwagenhandel\/#breadcrumb\"},\"inLanguage\":\"de\",\"potentialAction\":[{\"@type\":\"ReadAction\",\"target\":[\"https:\/\/www.manheim-express.eu\/de\/glossar\/agb-gebrauchtwagenhandel\/\"]}]},{\"@type\":\"ImageObject\",\"inLanguage\":\"de\",\"@id\":\"https:\/\/www.manheim-express.eu\/de\/glossar\/agb-gebrauchtwagenhandel\/#primaryimage\",\"url\":\"https:\/\/www.manheim-express.eu\/wp-content\/uploads\/2022\/11\/Manheim-Express-Estate-car.png\",\"contentUrl\":\"https:\/\/www.manheim-express.eu\/wp-content\/uploads\/2022\/11\/Manheim-Express-Estate-car.png\"},{\"@type\":\"BreadcrumbList\",\"@id\":\"https:\/\/www.manheim-express.eu\/de\/glossar\/agb-gebrauchtwagenhandel\/#breadcrumb\",\"itemListElement\":[{\"@type\":\"ListItem\",\"position\":1,\"name\":\"Home\",\"item\":\"https:\/\/www.manheim-express.eu\/de\/\"},{\"@type\":\"ListItem\",\"position\":2,\"name\":\"Glossar\",\"item\":\"https:\/\/www.manheim-express.eu\/de\/glossar\/\"},{\"@type\":\"ListItem\",\"position\":3,\"name\":\"AGB Gebrauchtwagenhandel\"}]},{\"@type\":\"WebSite\",\"@id\":\"https:\/\/www.manheim-express.eu\/de\/#website\",\"url\":\"https:\/\/www.manheim-express.eu\/de\/\",\"name\":\"Manheim Express\",\"description\":\"\",\"publisher\":{\"@id\":\"https:\/\/www.manheim-express.eu\/de\/#organization\"},\"potentialAction\":[{\"@type\":\"SearchAction\",\"target\":{\"@type\":\"EntryPoint\",\"urlTemplate\":\"https:\/\/www.manheim-express.eu\/de\/?s={search_term_string}\"},\"query-input\":{\"@type\":\"PropertyValueSpecification\",\"valueRequired\":true,\"valueName\":\"search_term_string\"}}],\"inLanguage\":\"de\"},{\"@type\":\"Organization\",\"@id\":\"https:\/\/www.manheim-express.eu\/de\/#organization\",\"name\":\"Manheim Express\",\"url\":\"https:\/\/www.manheim-express.eu\/de\/\",\"logo\":{\"@type\":\"ImageObject\",\"inLanguage\":\"de\",\"@id\":\"https:\/\/www.manheim-express.eu\/de\/#\/schema\/logo\/image\/\",\"url\":\"https:\/\/www.manheim-express.eu\/wp-content\/uploads\/2021\/07\/manheim-express-logo-light.png\",\"contentUrl\":\"https:\/\/www.manheim-express.eu\/wp-content\/uploads\/2021\/07\/manheim-express-logo-light.png\",\"width\":1163,\"height\":392,\"caption\":\"Manheim Express\"},\"image\":{\"@id\":\"https:\/\/www.manheim-express.eu\/de\/#\/schema\/logo\/image\/\"},\"sameAs\":[\"https:\/\/www.facebook.com\/manheimexpresseurope\/\",\"https:\/\/www.instagram.com\/manheim.express\",\"https:\/\/www.linkedin.com\/company\/manheim-express\/\",\"https:\/\/www.youtube.com\/channel\/UCRKJajJPvJv-ao7Tk7qra5Q\/\"]}]}<\/script>\n<!-- \/ Yoast SEO plugin. -->","yoast_head_json":{"title":"AGB Gebrauchtwagenhandel - Manheim Express die neue Auktionsplattform f\u00fcr den KFZ Handel","description":"Die Erstellung und Ver\u00f6ffentlichung der allgemeinen Gesch\u00e4ftsbedingungen ist gerade f\u00fcr viele kleinere Unternehmer im Gebrauchtwagenhandel eine eher unbeliebte Aufgabe.","robots":{"index":"index","follow":"follow","max-snippet":"max-snippet:-1","max-image-preview":"max-image-preview:large","max-video-preview":"max-video-preview:-1"},"canonical":"https:\/\/www.manheim-express.eu\/de\/glossar\/agb-gebrauchtwagenhandel\/","og_locale":"de_DE","og_type":"article","og_title":"AGB Gebrauchtwagenhandel - Manheim Express die neue Auktionsplattform f\u00fcr den KFZ Handel","og_description":"Die Erstellung und Ver\u00f6ffentlichung der allgemeinen Gesch\u00e4ftsbedingungen ist gerade f\u00fcr viele kleinere Unternehmer im Gebrauchtwagenhandel eine eher unbeliebte Aufgabe.","og_url":"https:\/\/www.manheim-express.eu\/de\/glossar\/agb-gebrauchtwagenhandel\/","og_site_name":"Manheim Express","article_publisher":"https:\/\/www.facebook.com\/manheimexpresseurope\/","article_modified_time":"2024-01-15T13:26:11+00:00","og_image":[{"url":"https:\/\/www.manheim-express.eu\/wp-content\/uploads\/2022\/11\/Manheim-Express-Estate-car.png","type":"","width":"","height":""}],"twitter_card":"summary_large_image","twitter_misc":{"Gesch\u00e4tzte Lesezeit":"3\u00a0Minuten"},"schema":{"@context":"https:\/\/schema.org","@graph":[{"@type":"WebPage","@id":"https:\/\/www.manheim-express.eu\/de\/glossar\/agb-gebrauchtwagenhandel\/","url":"https:\/\/www.manheim-express.eu\/de\/glossar\/agb-gebrauchtwagenhandel\/","name":"AGB Gebrauchtwagenhandel - Manheim Express die neue Auktionsplattform f\u00fcr den KFZ Handel","isPartOf":{"@id":"https:\/\/www.manheim-express.eu\/de\/#website"},"primaryImageOfPage":{"@id":"https:\/\/www.manheim-express.eu\/de\/glossar\/agb-gebrauchtwagenhandel\/#primaryimage"},"image":{"@id":"https:\/\/www.manheim-express.eu\/de\/glossar\/agb-gebrauchtwagenhandel\/#primaryimage"},"thumbnailUrl":"https:\/\/www.manheim-express.eu\/wp-content\/uploads\/2022\/11\/Manheim-Express-Estate-car.png","datePublished":"2024-01-15T13:26:09+00:00","dateModified":"2024-01-15T13:26:11+00:00","description":"Die Erstellung und Ver\u00f6ffentlichung der allgemeinen Gesch\u00e4ftsbedingungen ist gerade f\u00fcr viele kleinere Unternehmer im Gebrauchtwagenhandel eine eher unbeliebte Aufgabe.","breadcrumb":{"@id":"https:\/\/www.manheim-express.eu\/de\/glossar\/agb-gebrauchtwagenhandel\/#breadcrumb"},"inLanguage":"de","potentialAction":[{"@type":"ReadAction","target":["https:\/\/www.manheim-express.eu\/de\/glossar\/agb-gebrauchtwagenhandel\/"]}]},{"@type":"ImageObject","inLanguage":"de","@id":"https:\/\/www.manheim-express.eu\/de\/glossar\/agb-gebrauchtwagenhandel\/#primaryimage","url":"https:\/\/www.manheim-express.eu\/wp-content\/uploads\/2022\/11\/Manheim-Express-Estate-car.png","contentUrl":"https:\/\/www.manheim-express.eu\/wp-content\/uploads\/2022\/11\/Manheim-Express-Estate-car.png"},{"@type":"BreadcrumbList","@id":"https:\/\/www.manheim-express.eu\/de\/glossar\/agb-gebrauchtwagenhandel\/#breadcrumb","itemListElement":[{"@type":"ListItem","position":1,"name":"Home","item":"https:\/\/www.manheim-express.eu\/de\/"},{"@type":"ListItem","position":2,"name":"Glossar","item":"https:\/\/www.manheim-express.eu\/de\/glossar\/"},{"@type":"ListItem","position":3,"name":"AGB Gebrauchtwagenhandel"}]},{"@type":"WebSite","@id":"https:\/\/www.manheim-express.eu\/de\/#website","url":"https:\/\/www.manheim-express.eu\/de\/","name":"Manheim Express","description":"","publisher":{"@id":"https:\/\/www.manheim-express.eu\/de\/#organization"},"potentialAction":[{"@type":"SearchAction","target":{"@type":"EntryPoint","urlTemplate":"https:\/\/www.manheim-express.eu\/de\/?s={search_term_string}"},"query-input":{"@type":"PropertyValueSpecification","valueRequired":true,"valueName":"search_term_string"}}],"inLanguage":"de"},{"@type":"Organization","@id":"https:\/\/www.manheim-express.eu\/de\/#organization","name":"Manheim Express","url":"https:\/\/www.manheim-express.eu\/de\/","logo":{"@type":"ImageObject","inLanguage":"de","@id":"https:\/\/www.manheim-express.eu\/de\/#\/schema\/logo\/image\/","url":"https:\/\/www.manheim-express.eu\/wp-content\/uploads\/2021\/07\/manheim-express-logo-light.png","contentUrl":"https:\/\/www.manheim-express.eu\/wp-content\/uploads\/2021\/07\/manheim-express-logo-light.png","width":1163,"height":392,"caption":"Manheim Express"},"image":{"@id":"https:\/\/www.manheim-express.eu\/de\/#\/schema\/logo\/image\/"},"sameAs":["https:\/\/www.facebook.com\/manheimexpresseurope\/","https:\/\/www.instagram.com\/manheim.express","https:\/\/www.linkedin.com\/company\/manheim-express\/","https:\/\/www.youtube.com\/channel\/UCRKJajJPvJv-ao7Tk7qra5Q\/"]}]}},"_links":{"self":[{"href":"https:\/\/www.manheim-express.eu\/de\/wp-json\/wp\/v2\/pages\/16073","targetHints":{"allow":["GET"]}}],"collection":[{"href":"https:\/\/www.manheim-express.eu\/de\/wp-json\/wp\/v2\/pages"}],"about":[{"href":"https:\/\/www.manheim-express.eu\/de\/wp-json\/wp\/v2\/types\/page"}],"author":[{"embeddable":true,"href":"https:\/\/www.manheim-express.eu\/de\/wp-json\/wp\/v2\/users\/7"}],"replies":[{"embeddable":true,"href":"https:\/\/www.manheim-express.eu\/de\/wp-json\/wp\/v2\/comments?post=16073"}],"version-history":[{"count":10,"href":"https:\/\/www.manheim-express.eu\/de\/wp-json\/wp\/v2\/pages\/16073\/revisions"}],"predecessor-version":[{"id":16083,"href":"https:\/\/www.manheim-express.eu\/de\/wp-json\/wp\/v2\/pages\/16073\/revisions\/16083"}],"up":[{"embeddable":true,"href":"https:\/\/www.manheim-express.eu\/de\/wp-json\/wp\/v2\/pages\/11571"}],"wp:attachment":[{"href":"https:\/\/www.manheim-express.eu\/de\/wp-json\/wp\/v2\/media?parent=16073"}],"wp:term":[{"taxonomy":"wf_page_folders","embeddable":true,"href":"https:\/\/www.manheim-express.eu\/de\/wp-json\/wp\/v2\/wf_page_folders?post=16073"}],"curies":[{"name":"wp","href":"https:\/\/api.w.org\/{rel}","templated":true}]}}