{"id":16054,"date":"2023-11-20T11:27:12","date_gmt":"2023-11-20T11:27:12","guid":{"rendered":"https:\/\/www.manheim-express.eu\/?page_id=16054"},"modified":"2024-01-15T17:01:12","modified_gmt":"2024-01-15T17:01:12","slug":"zoll-auktion","status":"publish","type":"page","link":"https:\/\/www.manheim-express.eu\/de\/glossar\/zoll-auktion\/","title":{"rendered":"Zoll Auktion"},"content":{"rendered":"\t\t<div data-elementor-type=\"wp-page\" data-elementor-id=\"16054\" class=\"elementor elementor-16054\" data-elementor-post-type=\"page\">\n\t\t\t\t\t\t<section class=\"elementor-section elementor-top-section elementor-element elementor-element-5ad223c elementor-section-full_width elementor-section-stretched elementor-section-height-default elementor-section-height-default\" data-id=\"5ad223c\" data-element_type=\"section\" data-settings=\"{&quot;stretch_section&quot;:&quot;section-stretched&quot;}\">\n\t\t\t\t\t\t<div class=\"elementor-container elementor-column-gap-default\">\n\t\t\t\t\t<div class=\"elementor-column elementor-col-50 elementor-top-column elementor-element elementor-element-d3b519c\" data-id=\"d3b519c\" data-element_type=\"column\" data-settings=\"{&quot;background_background&quot;:&quot;classic&quot;}\">\n\t\t\t<div class=\"elementor-widget-wrap elementor-element-populated\">\n\t\t\t\t\t\t<div class=\"elementor-element elementor-element-036dc3a elementor-widget elementor-widget-text-editor\" data-id=\"036dc3a\" data-element_type=\"widget\" data-widget_type=\"text-editor.default\">\n\t\t\t\t<div class=\"elementor-widget-container\">\n\t\t\t\t\t\t\t\t\t<h2>Sie haben Interesse an einer Zoll Auktion?<br \/><br \/><\/h2>\t\t\t\t\t\t\t\t<\/div>\n\t\t\t\t<\/div>\n\t\t\t\t<div class=\"elementor-element elementor-element-21c3353 elementor-widget elementor-widget-text-editor\" data-id=\"21c3353\" data-element_type=\"widget\" data-widget_type=\"text-editor.default\">\n\t\t\t\t<div class=\"elementor-widget-container\">\n\t\t\t\t\t\t\t\t\t<h3>Erfahren Sie mit Manheim Express, worauf Sie achten m\u00fcssen.<\/h3>\t\t\t\t\t\t\t\t<\/div>\n\t\t\t\t<\/div>\n\t\t\t\t<div class=\"elementor-element elementor-element-c37119d elementor-widget elementor-widget-text-editor\" data-id=\"c37119d\" data-element_type=\"widget\" data-widget_type=\"text-editor.default\">\n\t\t\t\t<div class=\"elementor-widget-container\">\n\t\t\t\t\t\t\t\t\t<p>Um das Thema Zoll Auktion kursieren einige Mythen, Ger\u00fcchte und leider auch Fehlinformationen. Daher m\u00f6chten wir Ihnen an dieser Stelle erkl\u00e4ren, was genau eine Zoll Auktion ist und welche Chancen und Risiken damit verbunden sind. Auf der Plattform Manheim Express k\u00f6nnen Sie \u00fcbrigens ebenfalls eine Vielzahl an Fahrzeugen unterschiedlichster Herkunft zu g\u00fcnstigen Preisen finden. H\u00e4ndler haben exklusiven Zugang und profitieren von Tools und Serviceangeboten, die speziell auf die Bed\u00fcrfnisse des kommerziellen Gebrauchtwagenhandels zugeschnitten sind.<\/p>\t\t\t\t\t\t\t\t<\/div>\n\t\t\t\t<\/div>\n\t\t\t\t<div class=\"elementor-element elementor-element-76774e4 elementor-widget elementor-widget-button\" data-id=\"76774e4\" data-element_type=\"widget\" data-widget_type=\"button.default\">\n\t\t\t\t<div class=\"elementor-widget-container\">\n\t\t\t\t\t\t\t\t\t<div class=\"elementor-button-wrapper\">\n\t\t\t\t\t<a class=\"elementor-button elementor-button-link elementor-size-lg\" href=\"#\">\n\t\t\t\t\t\t<span class=\"elementor-button-content-wrapper\">\n\t\t\t\t\t\t\t\t\t<span class=\"elementor-button-text\">Hier Klicken<\/span>\n\t\t\t\t\t<\/span>\n\t\t\t\t\t<\/a>\n\t\t\t\t<\/div>\n\t\t\t\t\t\t\t\t<\/div>\n\t\t\t\t<\/div>\n\t\t\t\t<div class=\"elementor-element elementor-element-93513c7 elementor-widget elementor-widget-image\" data-id=\"93513c7\" data-element_type=\"widget\" data-widget_type=\"image.default\">\n\t\t\t\t<div class=\"elementor-widget-container\">\n\t\t\t\t\t\t\t\t\t\t\t\t\t\t\t<img fetchpriority=\"high\" decoding=\"async\" width=\"800\" height=\"389\" src=\"https:\/\/www.manheim-express.eu\/wp-content\/uploads\/2022\/11\/Manheim-Express-Estate-car.png\" class=\"attachment-large size-large wp-image-14639\" alt=\"\" srcset=\"https:\/\/www.manheim-express.eu\/wp-content\/uploads\/2022\/11\/Manheim-Express-Estate-car.png 1024w, https:\/\/www.manheim-express.eu\/wp-content\/uploads\/2022\/11\/Manheim-Express-Estate-car-300x146.png 300w, https:\/\/www.manheim-express.eu\/wp-content\/uploads\/2022\/11\/Manheim-Express-Estate-car-768x374.png 768w\" sizes=\"(max-width: 800px) 100vw, 800px\" \/>\t\t\t\t\t\t\t\t\t\t\t\t\t\t\t<\/div>\n\t\t\t\t<\/div>\n\t\t\t\t\t<\/div>\n\t\t<\/div>\n\t\t\t\t<div class=\"elementor-column elementor-col-50 elementor-top-column elementor-element elementor-element-213236b\" data-id=\"213236b\" data-element_type=\"column\" data-settings=\"{&quot;background_background&quot;:&quot;classic&quot;}\">\n\t\t\t<div class=\"elementor-widget-wrap elementor-element-populated\">\n\t\t\t\t\t\t<div class=\"elementor-element elementor-element-e9c050a elementor-widget elementor-widget-text-editor\" data-id=\"e9c050a\" data-element_type=\"widget\" data-widget_type=\"text-editor.default\">\n\t\t\t\t<div class=\"elementor-widget-container\">\n\t\t\t\t\t\t\t\t\t<h2>Was ist eine Zoll Auktion?<\/h2>\t\t\t\t\t\t\t\t<\/div>\n\t\t\t\t<\/div>\n\t\t\t\t<div class=\"elementor-element elementor-element-8d896a4 elementor-widget elementor-widget-text-editor\" data-id=\"8d896a4\" data-element_type=\"widget\" data-widget_type=\"text-editor.default\">\n\t\t\t\t<div class=\"elementor-widget-container\">\n\t\t\t\t\t\t\t\t\t<p>Die Zoll Auktion ist eine \u00f6ffentliche Versteigerung von Artikeln durch die Bundeszollverwaltung, die dem Bundesministerium f\u00fcr Finanzen unterstellt ist. Teilnehmende Einsteller der Zoll Auktion sind \u00fcber 4000 Beh\u00f6rden aus dem gesamten Bundesgebiet. Das Angebot an versteigerten Waren reicht von Elektronik \u00fcber Textilien und Bekleidung, Wertsachen und Schmuck bis hin zu Fahrzeugen jeglicher Art. Immobilien werden bei der Zoll Auktion nicht versteigert. Anders als die Bezeichnung vermuten l\u00e4sst, handelt es sich bei den versteigerten Gegenst\u00e4nden nicht ausschlie\u00dflich um Beschlagnahmungen, sondern es werden auch ausrangierte, gepf\u00e4ndete und nicht mehr ben\u00f6tigte Gegenst\u00e4nde versteigert. W\u00e4hrend in fr\u00fcheren Zeiten Zoll Auktionen in Form einer \u00f6ffentlichen Versteigerung zu bestimmten Terminen durchgef\u00fchrt wurden, hat die Beh\u00f6rde die Versteigerungen zum gr\u00f6\u00dften Teil ins Internet verlagert. Teilweise werden aber noch immer \u00f6ffentliche Versteigerungen durchgef\u00fchrt. Teilnahmeberechtigt sind alle unbeschr\u00e4nkt gesch\u00e4ftsf\u00e4higen nat\u00fcrlichen und juristischen Personen. Um an der Zoll Auktion teilzunehmen, ist eine Registrierung auf der Plattform notwendig. Grunds\u00e4tzlich unterscheidet sich der Ablauf der Zoll Auktion nicht von anderen Online-Auktionen: Jeder versteigerte Gegenstand wird mit einem Mindestgebot in das Portal eingestellt und kann \u00fcber einen bestimmten Zeitraum ersteigert werden. Der H\u00f6chstbietende erh\u00e4lt nach Ablauf der Zeit den Zuschlag.<\/p>\t\t\t\t\t\t\t\t<\/div>\n\t\t\t\t<\/div>\n\t\t\t\t<div class=\"elementor-element elementor-element-b3d2cf9 elementor-widget elementor-widget-text-editor\" data-id=\"b3d2cf9\" data-element_type=\"widget\" data-widget_type=\"text-editor.default\">\n\t\t\t\t<div class=\"elementor-widget-container\">\n\t\t\t\t\t\t\t\t\t<h2>Besonderheiten der Zoll Auktion<\/h2>\t\t\t\t\t\t\t\t<\/div>\n\t\t\t\t<\/div>\n\t\t\t\t<div class=\"elementor-element elementor-element-437aafb elementor-widget elementor-widget-text-editor\" data-id=\"437aafb\" data-element_type=\"widget\" data-widget_type=\"text-editor.default\">\n\t\t\t\t<div class=\"elementor-widget-container\">\n\t\t\t\t\t\t\t\t\t<p>W\u00e4hrend sich die Zoll Auktion im Angebotsspektrum und Ablauf nicht ma\u00dfgeblich von anderen Auktionen unterscheidet, sind doch einige Besonderheiten zu ber\u00fccksichtigen. Ein zentraler Punkt ist in diesem Zusammenhang, dass es sich bei den in der Zoll Auktion ver\u00e4u\u00dferten Gegenst\u00e4nden teilweise um Pf\u00e4ndungen handelt. Damit besteht die M\u00f6glichkeit, dass Gegenst\u00e4nde oder auch Fahrzeuge noch w\u00e4hrend des Versteigerungsvorgangs vom urspr\u00fcnglichen Besitzer ausgel\u00f6st werden. In diesem Fall wird die Versteigerung vor Ablauf der Bietfrist abgebrochen und ein Erwerb des Gegenstandes ist nicht mehr m\u00f6glich. Eine weitere Besonderheit ist der Wegfall der Gew\u00e4hrleistung. Diese ist gesetzlich ausgeschlossen und der K\u00e4ufer hat \u2013 auch bei Fahrzeugen \u2013 keinerlei Reklamationsrecht. Umso wichtiger ist f\u00fcr Interessenten im Vorfeld eine m\u00f6glichst intensive Besichtigung der Gegenst\u00e4nde und vorliegender Gutachten. Bei Fahrzeugen \u2013 und auch dies ist eine Besonderheit der Zoll Auktion \u2013 ist allerdings eine vorherige Probefahrt in der Regel nicht m\u00f6glich.<\/p>\t\t\t\t\t\t\t\t<\/div>\n\t\t\t\t<\/div>\n\t\t\t\t<div class=\"elementor-element elementor-element-661735a elementor-widget elementor-widget-text-editor\" data-id=\"661735a\" data-element_type=\"widget\" data-widget_type=\"text-editor.default\">\n\t\t\t\t<div class=\"elementor-widget-container\">\n\t\t\t\t\t\t\t\t\t<h2>Lohnt sich der Fahrzeugkauf bei der Zoll Auktion?<\/h2>\t\t\t\t\t\t\t\t<\/div>\n\t\t\t\t<\/div>\n\t\t\t\t<div class=\"elementor-element elementor-element-76f2c0f elementor-widget elementor-widget-text-editor\" data-id=\"76f2c0f\" data-element_type=\"widget\" data-widget_type=\"text-editor.default\">\n\t\t\t\t<div class=\"elementor-widget-container\">\n\t\t\t\t\t\t\t\t\t<p>Grunds\u00e4tzlich kann von der Ersteigerung von Fahrzeugen bei der Zoll Auktion weder ausdr\u00fccklich abgeraten werden, noch kann sie uneingeschr\u00e4nkt empfohlen werden. Sicherlich l\u00e4sst sich bei dieser Versteigerungsform immer mal wieder ein gebrauchtes Fahrzeug unter dem markt\u00fcblichen Preis ersteigern. Sehr spektakul\u00e4re Niedrigpreise sind aber auch nicht zu erwarten, da alle Gegenst\u00e4nde vor der Versteigerung von den beh\u00f6rdlichen Gutachtern in Zustand und Wert gesch\u00e4tzt werden. Wichtig ist, dass der Bieter wei\u00df, worauf er sich bei einer Zoll Auktion einl\u00e4sst, \u2013 insbesondere der Wegfall der Gew\u00e4hrleistung sollte ber\u00fccksichtigt werden. K\u00e4ufer, die sich f\u00fcr ausgefallene Fahrzeuge wie M\u00fcllwagen, alte Feuerwehr- oder Polizeifahrzeuge und andere Kuriosit\u00e4ten interessieren, k\u00f6nnen hier aber mitunter f\u00fcndig werden.<\/p>\t\t\t\t\t\t\t\t<\/div>\n\t\t\t\t<\/div>\n\t\t\t\t<div class=\"elementor-element elementor-element-e87a77c elementor-widget elementor-widget-text-editor\" data-id=\"e87a77c\" data-element_type=\"widget\" data-widget_type=\"text-editor.default\">\n\t\t\t\t<div class=\"elementor-widget-container\">\n\t\t\t\t\t\t\t\t\t<h2>Fazit Zoll Auktion<\/h2>\t\t\t\t\t\t\t\t<\/div>\n\t\t\t\t<\/div>\n\t\t\t\t<div class=\"elementor-element elementor-element-ddfd599 elementor-widget elementor-widget-text-editor\" data-id=\"ddfd599\" data-element_type=\"widget\" data-widget_type=\"text-editor.default\">\n\t\t\t\t<div class=\"elementor-widget-container\">\n\t\t\t\t\t\t\t\t\t<p>Welches Fazit bez\u00fcglich der Zoll Auktion l\u00e4sst sich f\u00fcr gewerbliche K\u00e4ufer ziehen? Zun\u00e4chst sollte sich jeder H\u00e4ndler klarmachen, dass es sich bei einer Zoll Auktion grunds\u00e4tzlich um eine von der \u00f6ffentlichen Hand durchgef\u00fchrte, konventionelle Versteigerung handelt. Die Aura der ganz besonderen Gelegenheiten, die sich auf der Zoll Auktion bieten, mag noch aus einer Zeit stammen, als Auktionen mit Gebrauchtwagen rar waren und selten genutzt wurden. Zu dieser Zeit war die Zoll Auktion eine besondere Gelegenheit, an au\u00dfergew\u00f6hnliche Fahrzeuge zu gelangen. Durch den Aufstieg von Online-Portalen wie pkwNOW hat die Zoll Auktion allerdings im Laufe der Zeit viel von ihrer Sonderstellung verloren. Die Zoll Auktion mag vor einigen Jahren ein Geheimtipp f\u00fcr Insider gewesen sein \u2013 heute steht sie im Wettbewerb zu zahlreichen professionellen Portalen mit ausgezeichnetem Service und gro\u00dfer Auswahl. Hinzu kommt, dass das Angebot an Fahrzeugen der Zoll Auktion im Vergleich zu professionellen Portalen f\u00fcr Gebrauchtwagen bescheiden ausf\u00e4llt. H\u00e4ndler, die gezielt nach bestimmten Modellen f\u00fcr Ihre Kunden suchen, werden daher mit h\u00f6herer Wahrscheinlichkeit auf der Seite von pkwNOW f\u00fcndig werden und dort zudem einen erheblich besseren Service nutzen k\u00f6nnen.<\/p>\t\t\t\t\t\t\t\t<\/div>\n\t\t\t\t<\/div>\n\t\t\t\t\t<\/div>\n\t\t<\/div>\n\t\t\t\t\t<\/div>\n\t\t<\/section>\n\t\t\t\t<\/div>\n\t\t","protected":false},"excerpt":{"rendered":"<p>Sie haben Interesse an einer Zoll Auktion? Erfahren Sie mit Manheim Express, worauf Sie achten m\u00fcssen. Um das Thema Zoll Auktion kursieren einige Mythen, Ger\u00fcchte und leider auch Fehlinformationen. Daher m\u00f6chten wir Ihnen an dieser Stelle erkl\u00e4ren, was genau eine Zoll Auktion ist und welche Chancen und Risiken damit verbunden sind. Auf der Plattform Manheim [&hellip;]<\/p>\n","protected":false},"author":12,"featured_media":0,"parent":11571,"menu_order":0,"comment_status":"closed","ping_status":"closed","template":"","meta":{"_acf_changed":false,"footnotes":""},"wf_page_folders":[156],"class_list":["post-16054","page","type-page","status-publish","hentry"],"acf":[],"yoast_head":"<!-- This site is optimized with the Yoast SEO plugin v25.8 - https:\/\/yoast.com\/wordpress\/plugins\/seo\/ -->\n<title>Zoll Auktion - Manheim Express die neue Auktionsplattform f\u00fcr den KFZ Handel<\/title>\n<meta name=\"description\" content=\"Die zeitgem\u00e4\u00dfe Alternative zur Zoll Auktion! Fahrzeuge mit Manheim Express schnell und effektiv kaufen und verkaufen. Exklusiv f\u00fcr H\u00e4ndler und Autoh\u00e4user.\" \/>\n<meta name=\"robots\" content=\"index, follow, max-snippet:-1, max-image-preview:large, max-video-preview:-1\" \/>\n<link rel=\"canonical\" href=\"https:\/\/www.manheim-express.eu\/de\/glossar\/zoll-auktion\/\" \/>\n<meta property=\"og:locale\" content=\"de_DE\" \/>\n<meta property=\"og:type\" content=\"article\" \/>\n<meta property=\"og:title\" content=\"Zoll Auktion - Manheim Express die neue Auktionsplattform f\u00fcr den KFZ Handel\" \/>\n<meta property=\"og:description\" content=\"Die zeitgem\u00e4\u00dfe Alternative zur Zoll Auktion! Fahrzeuge mit Manheim Express schnell und effektiv kaufen und verkaufen. Exklusiv f\u00fcr H\u00e4ndler und Autoh\u00e4user.\" \/>\n<meta property=\"og:url\" content=\"https:\/\/www.manheim-express.eu\/de\/glossar\/zoll-auktion\/\" \/>\n<meta property=\"og:site_name\" content=\"Manheim Express\" \/>\n<meta property=\"article:publisher\" content=\"https:\/\/www.facebook.com\/manheimexpresseurope\/\" \/>\n<meta property=\"article:modified_time\" content=\"2024-01-15T17:01:12+00:00\" \/>\n<meta property=\"og:image\" content=\"https:\/\/www.manheim-express.eu\/wp-content\/uploads\/2022\/11\/Manheim-Express-Estate-car.png\" \/>\n<meta name=\"twitter:card\" content=\"summary_large_image\" \/>\n<meta name=\"twitter:label1\" content=\"Gesch\u00e4tzte Lesezeit\" \/>\n\t<meta name=\"twitter:data1\" content=\"4\u00a0Minuten\" \/>\n<script type=\"application\/ld+json\" class=\"yoast-schema-graph\">{\"@context\":\"https:\/\/schema.org\",\"@graph\":[{\"@type\":\"WebPage\",\"@id\":\"https:\/\/www.manheim-express.eu\/de\/glossar\/zoll-auktion\/\",\"url\":\"https:\/\/www.manheim-express.eu\/de\/glossar\/zoll-auktion\/\",\"name\":\"Zoll Auktion - Manheim Express die neue Auktionsplattform f\u00fcr den KFZ Handel\",\"isPartOf\":{\"@id\":\"https:\/\/www.manheim-express.eu\/de\/#website\"},\"primaryImageOfPage\":{\"@id\":\"https:\/\/www.manheim-express.eu\/de\/glossar\/zoll-auktion\/#primaryimage\"},\"image\":{\"@id\":\"https:\/\/www.manheim-express.eu\/de\/glossar\/zoll-auktion\/#primaryimage\"},\"thumbnailUrl\":\"https:\/\/www.manheim-express.eu\/wp-content\/uploads\/2022\/11\/Manheim-Express-Estate-car.png\",\"datePublished\":\"2023-11-20T11:27:12+00:00\",\"dateModified\":\"2024-01-15T17:01:12+00:00\",\"description\":\"Die zeitgem\u00e4\u00dfe Alternative zur Zoll Auktion! Fahrzeuge mit Manheim Express schnell und effektiv kaufen und verkaufen. Exklusiv f\u00fcr H\u00e4ndler und Autoh\u00e4user.\",\"breadcrumb\":{\"@id\":\"https:\/\/www.manheim-express.eu\/de\/glossar\/zoll-auktion\/#breadcrumb\"},\"inLanguage\":\"de\",\"potentialAction\":[{\"@type\":\"ReadAction\",\"target\":[\"https:\/\/www.manheim-express.eu\/de\/glossar\/zoll-auktion\/\"]}]},{\"@type\":\"ImageObject\",\"inLanguage\":\"de\",\"@id\":\"https:\/\/www.manheim-express.eu\/de\/glossar\/zoll-auktion\/#primaryimage\",\"url\":\"https:\/\/www.manheim-express.eu\/wp-content\/uploads\/2022\/11\/Manheim-Express-Estate-car.png\",\"contentUrl\":\"https:\/\/www.manheim-express.eu\/wp-content\/uploads\/2022\/11\/Manheim-Express-Estate-car.png\"},{\"@type\":\"BreadcrumbList\",\"@id\":\"https:\/\/www.manheim-express.eu\/de\/glossar\/zoll-auktion\/#breadcrumb\",\"itemListElement\":[{\"@type\":\"ListItem\",\"position\":1,\"name\":\"Home\",\"item\":\"https:\/\/www.manheim-express.eu\/de\/\"},{\"@type\":\"ListItem\",\"position\":2,\"name\":\"Glossar\",\"item\":\"https:\/\/www.manheim-express.eu\/de\/glossar\/\"},{\"@type\":\"ListItem\",\"position\":3,\"name\":\"Zoll Auktion\"}]},{\"@type\":\"WebSite\",\"@id\":\"https:\/\/www.manheim-express.eu\/de\/#website\",\"url\":\"https:\/\/www.manheim-express.eu\/de\/\",\"name\":\"Manheim Express\",\"description\":\"\",\"publisher\":{\"@id\":\"https:\/\/www.manheim-express.eu\/de\/#organization\"},\"potentialAction\":[{\"@type\":\"SearchAction\",\"target\":{\"@type\":\"EntryPoint\",\"urlTemplate\":\"https:\/\/www.manheim-express.eu\/de\/?s={search_term_string}\"},\"query-input\":{\"@type\":\"PropertyValueSpecification\",\"valueRequired\":true,\"valueName\":\"search_term_string\"}}],\"inLanguage\":\"de\"},{\"@type\":\"Organization\",\"@id\":\"https:\/\/www.manheim-express.eu\/de\/#organization\",\"name\":\"Manheim Express\",\"url\":\"https:\/\/www.manheim-express.eu\/de\/\",\"logo\":{\"@type\":\"ImageObject\",\"inLanguage\":\"de\",\"@id\":\"https:\/\/www.manheim-express.eu\/de\/#\/schema\/logo\/image\/\",\"url\":\"https:\/\/www.manheim-express.eu\/wp-content\/uploads\/2021\/07\/manheim-express-logo-light.png\",\"contentUrl\":\"https:\/\/www.manheim-express.eu\/wp-content\/uploads\/2021\/07\/manheim-express-logo-light.png\",\"width\":1163,\"height\":392,\"caption\":\"Manheim Express\"},\"image\":{\"@id\":\"https:\/\/www.manheim-express.eu\/de\/#\/schema\/logo\/image\/\"},\"sameAs\":[\"https:\/\/www.facebook.com\/manheimexpresseurope\/\",\"https:\/\/www.instagram.com\/manheim.express\",\"https:\/\/www.linkedin.com\/company\/manheim-express\/\",\"https:\/\/www.youtube.com\/channel\/UCRKJajJPvJv-ao7Tk7qra5Q\/\"]}]}<\/script>\n<!-- \/ Yoast SEO plugin. -->","yoast_head_json":{"title":"Zoll Auktion - Manheim Express die neue Auktionsplattform f\u00fcr den KFZ Handel","description":"Die zeitgem\u00e4\u00dfe Alternative zur Zoll Auktion! Fahrzeuge mit Manheim Express schnell und effektiv kaufen und verkaufen. Exklusiv f\u00fcr H\u00e4ndler und Autoh\u00e4user.","robots":{"index":"index","follow":"follow","max-snippet":"max-snippet:-1","max-image-preview":"max-image-preview:large","max-video-preview":"max-video-preview:-1"},"canonical":"https:\/\/www.manheim-express.eu\/de\/glossar\/zoll-auktion\/","og_locale":"de_DE","og_type":"article","og_title":"Zoll Auktion - Manheim Express die neue Auktionsplattform f\u00fcr den KFZ Handel","og_description":"Die zeitgem\u00e4\u00dfe Alternative zur Zoll Auktion! Fahrzeuge mit Manheim Express schnell und effektiv kaufen und verkaufen. Exklusiv f\u00fcr H\u00e4ndler und Autoh\u00e4user.","og_url":"https:\/\/www.manheim-express.eu\/de\/glossar\/zoll-auktion\/","og_site_name":"Manheim Express","article_publisher":"https:\/\/www.facebook.com\/manheimexpresseurope\/","article_modified_time":"2024-01-15T17:01:12+00:00","og_image":[{"url":"https:\/\/www.manheim-express.eu\/wp-content\/uploads\/2022\/11\/Manheim-Express-Estate-car.png","type":"","width":"","height":""}],"twitter_card":"summary_large_image","twitter_misc":{"Gesch\u00e4tzte Lesezeit":"4\u00a0Minuten"},"schema":{"@context":"https:\/\/schema.org","@graph":[{"@type":"WebPage","@id":"https:\/\/www.manheim-express.eu\/de\/glossar\/zoll-auktion\/","url":"https:\/\/www.manheim-express.eu\/de\/glossar\/zoll-auktion\/","name":"Zoll Auktion - Manheim Express die neue Auktionsplattform f\u00fcr den KFZ Handel","isPartOf":{"@id":"https:\/\/www.manheim-express.eu\/de\/#website"},"primaryImageOfPage":{"@id":"https:\/\/www.manheim-express.eu\/de\/glossar\/zoll-auktion\/#primaryimage"},"image":{"@id":"https:\/\/www.manheim-express.eu\/de\/glossar\/zoll-auktion\/#primaryimage"},"thumbnailUrl":"https:\/\/www.manheim-express.eu\/wp-content\/uploads\/2022\/11\/Manheim-Express-Estate-car.png","datePublished":"2023-11-20T11:27:12+00:00","dateModified":"2024-01-15T17:01:12+00:00","description":"Die zeitgem\u00e4\u00dfe Alternative zur Zoll Auktion! Fahrzeuge mit Manheim Express schnell und effektiv kaufen und verkaufen. Exklusiv f\u00fcr H\u00e4ndler und Autoh\u00e4user.","breadcrumb":{"@id":"https:\/\/www.manheim-express.eu\/de\/glossar\/zoll-auktion\/#breadcrumb"},"inLanguage":"de","potentialAction":[{"@type":"ReadAction","target":["https:\/\/www.manheim-express.eu\/de\/glossar\/zoll-auktion\/"]}]},{"@type":"ImageObject","inLanguage":"de","@id":"https:\/\/www.manheim-express.eu\/de\/glossar\/zoll-auktion\/#primaryimage","url":"https:\/\/www.manheim-express.eu\/wp-content\/uploads\/2022\/11\/Manheim-Express-Estate-car.png","contentUrl":"https:\/\/www.manheim-express.eu\/wp-content\/uploads\/2022\/11\/Manheim-Express-Estate-car.png"},{"@type":"BreadcrumbList","@id":"https:\/\/www.manheim-express.eu\/de\/glossar\/zoll-auktion\/#breadcrumb","itemListElement":[{"@type":"ListItem","position":1,"name":"Home","item":"https:\/\/www.manheim-express.eu\/de\/"},{"@type":"ListItem","position":2,"name":"Glossar","item":"https:\/\/www.manheim-express.eu\/de\/glossar\/"},{"@type":"ListItem","position":3,"name":"Zoll Auktion"}]},{"@type":"WebSite","@id":"https:\/\/www.manheim-express.eu\/de\/#website","url":"https:\/\/www.manheim-express.eu\/de\/","name":"Manheim Express","description":"","publisher":{"@id":"https:\/\/www.manheim-express.eu\/de\/#organization"},"potentialAction":[{"@type":"SearchAction","target":{"@type":"EntryPoint","urlTemplate":"https:\/\/www.manheim-express.eu\/de\/?s={search_term_string}"},"query-input":{"@type":"PropertyValueSpecification","valueRequired":true,"valueName":"search_term_string"}}],"inLanguage":"de"},{"@type":"Organization","@id":"https:\/\/www.manheim-express.eu\/de\/#organization","name":"Manheim Express","url":"https:\/\/www.manheim-express.eu\/de\/","logo":{"@type":"ImageObject","inLanguage":"de","@id":"https:\/\/www.manheim-express.eu\/de\/#\/schema\/logo\/image\/","url":"https:\/\/www.manheim-express.eu\/wp-content\/uploads\/2021\/07\/manheim-express-logo-light.png","contentUrl":"https:\/\/www.manheim-express.eu\/wp-content\/uploads\/2021\/07\/manheim-express-logo-light.png","width":1163,"height":392,"caption":"Manheim Express"},"image":{"@id":"https:\/\/www.manheim-express.eu\/de\/#\/schema\/logo\/image\/"},"sameAs":["https:\/\/www.facebook.com\/manheimexpresseurope\/","https:\/\/www.instagram.com\/manheim.express","https:\/\/www.linkedin.com\/company\/manheim-express\/","https:\/\/www.youtube.com\/channel\/UCRKJajJPvJv-ao7Tk7qra5Q\/"]}]}},"_links":{"self":[{"href":"https:\/\/www.manheim-express.eu\/de\/wp-json\/wp\/v2\/pages\/16054","targetHints":{"allow":["GET"]}}],"collection":[{"href":"https:\/\/www.manheim-express.eu\/de\/wp-json\/wp\/v2\/pages"}],"about":[{"href":"https:\/\/www.manheim-express.eu\/de\/wp-json\/wp\/v2\/types\/page"}],"author":[{"embeddable":true,"href":"https:\/\/www.manheim-express.eu\/de\/wp-json\/wp\/v2\/users\/12"}],"replies":[{"embeddable":true,"href":"https:\/\/www.manheim-express.eu\/de\/wp-json\/wp\/v2\/comments?post=16054"}],"version-history":[{"count":15,"href":"https:\/\/www.manheim-express.eu\/de\/wp-json\/wp\/v2\/pages\/16054\/revisions"}],"predecessor-version":[{"id":17189,"href":"https:\/\/www.manheim-express.eu\/de\/wp-json\/wp\/v2\/pages\/16054\/revisions\/17189"}],"up":[{"embeddable":true,"href":"https:\/\/www.manheim-express.eu\/de\/wp-json\/wp\/v2\/pages\/11571"}],"wp:attachment":[{"href":"https:\/\/www.manheim-express.eu\/de\/wp-json\/wp\/v2\/media?parent=16054"}],"wp:term":[{"taxonomy":"wf_page_folders","embeddable":true,"href":"https:\/\/www.manheim-express.eu\/de\/wp-json\/wp\/v2\/wf_page_folders?post=16054"}],"curies":[{"name":"wp","href":"https:\/\/api.w.org\/{rel}","templated":true}]}}