{"id":15915,"date":"2023-10-25T15:40:09","date_gmt":"2023-10-25T14:40:09","guid":{"rendered":"https:\/\/www.manheim-express.eu\/?page_id=15915"},"modified":"2025-03-11T10:47:34","modified_gmt":"2025-03-11T10:47:34","slug":"whitepaper","status":"publish","type":"page","link":"https:\/\/www.manheim-express.eu\/de\/whitepaper\/","title":{"rendered":"Manheim Express Whitepaper"},"content":{"rendered":"\t\t<div data-elementor-type=\"wp-page\" data-elementor-id=\"15915\" class=\"elementor elementor-15915\" data-elementor-post-type=\"page\">\n\t\t\t\t\t\t<section class=\"elementor-section elementor-top-section elementor-element elementor-element-e89cf0c elementor-section-height-min-height elementor-section-boxed elementor-section-height-default elementor-section-items-middle\" data-id=\"e89cf0c\" data-element_type=\"section\" data-settings=\"{&quot;background_background&quot;:&quot;classic&quot;}\">\n\t\t\t\t\t\t\t<div class=\"elementor-background-overlay\"><\/div>\n\t\t\t\t\t\t\t<div class=\"elementor-container elementor-column-gap-default\">\n\t\t\t\t\t<div class=\"elementor-column elementor-col-100 elementor-top-column elementor-element elementor-element-ce307b8\" data-id=\"ce307b8\" data-element_type=\"column\">\n\t\t\t<div class=\"elementor-widget-wrap\">\n\t\t\t\t\t\t\t<\/div>\n\t\t<\/div>\n\t\t\t\t\t<\/div>\n\t\t<\/section>\n\t\t\t\t<section class=\"elementor-section elementor-top-section elementor-element elementor-element-aa4810a elementor-section-boxed elementor-section-height-default elementor-section-height-default\" data-id=\"aa4810a\" data-element_type=\"section\">\n\t\t\t\t\t\t<div class=\"elementor-container elementor-column-gap-default\">\n\t\t\t\t\t<div class=\"elementor-column elementor-col-100 elementor-top-column elementor-element elementor-element-2ae466d\" data-id=\"2ae466d\" data-element_type=\"column\">\n\t\t\t<div class=\"elementor-widget-wrap elementor-element-populated\">\n\t\t\t\t\t\t<div class=\"elementor-element elementor-element-432d3be elementor-widget-divider--view-line elementor-widget elementor-widget-divider\" data-id=\"432d3be\" data-element_type=\"widget\" data-widget_type=\"divider.default\">\n\t\t\t\t<div class=\"elementor-widget-container\">\n\t\t\t\t\t\t\t<div class=\"elementor-divider\">\n\t\t\t<span class=\"elementor-divider-separator\">\n\t\t\t\t\t\t<\/span>\n\t\t<\/div>\n\t\t\t\t\t\t<\/div>\n\t\t\t\t<\/div>\n\t\t\t\t<section class=\"elementor-section elementor-inner-section elementor-element elementor-element-3d9fa9b elementor-section-boxed elementor-section-height-default elementor-section-height-default\" data-id=\"3d9fa9b\" data-element_type=\"section\">\n\t\t\t\t\t\t<div class=\"elementor-container elementor-column-gap-default\">\n\t\t\t\t\t<div class=\"elementor-column elementor-col-50 elementor-inner-column elementor-element elementor-element-67f9f27\" data-id=\"67f9f27\" data-element_type=\"column\">\n\t\t\t<div class=\"elementor-widget-wrap elementor-element-populated\">\n\t\t\t\t\t\t<div class=\"elementor-element elementor-element-c631f53 elementor-widget elementor-widget-heading\" data-id=\"c631f53\" data-element_type=\"widget\" data-widget_type=\"heading.default\">\n\t\t\t\t<div class=\"elementor-widget-container\">\n\t\t\t\t\t<h2 class=\"elementor-heading-title elementor-size-default\">SCHNELLER, BESSER, WEITER<\/h2>\t\t\t\t<\/div>\n\t\t\t\t<\/div>\n\t\t\t\t<div class=\"elementor-element elementor-element-3560b98 elementor-widget elementor-widget-heading\" data-id=\"3560b98\" data-element_type=\"widget\" data-widget_type=\"heading.default\">\n\t\t\t\t<div class=\"elementor-widget-container\">\n\t\t\t\t\t<h1 class=\"elementor-heading-title elementor-size-default\">Manheim Express - wo der Kunde K\u00f6nig ist<\/h1>\t\t\t\t<\/div>\n\t\t\t\t<\/div>\n\t\t\t\t<div class=\"elementor-element elementor-element-83393e9 elementor-widget elementor-widget-text-editor\" data-id=\"83393e9\" data-element_type=\"widget\" data-widget_type=\"text-editor.default\">\n\t\t\t\t<div class=\"elementor-widget-container\">\n\t\t\t\t\t\t\t\t\t<p>In dem Whitepaper stellt Manheim Express seine B2B-Plattform vor und informiert H\u00e4ndler dar\u00fcber, wie sie diese nutzen k\u00f6nnen, um von h\u00f6heren Ertr\u00e4gen, Zeit- und Kosteneinsparungen sowie einer h\u00f6heren Transparenz zu profitieren. Die Auktionsplattform bietet ein einfaches und pr\u00e4zises Handling und eine schnelle, flexible Probleml\u00f6sung, sowie Einsichtnahme der Auktionsergebnisse in Echtzeit. Kunden sind sehr zufrieden mit der Plattform und loben die partnerschaftliche Zusammenarbeit. Zudem bietet Manheim Express ein Trade-Desk-Team und eine Transportl\u00f6sung, um Vertragsabschl\u00fcsse zu erleichtern und den Verkauf von Autos zu beschleunigen. Die Autohausgruppe Thomas nutzt die Plattform und berichtet von Verkaufserfolgen und einer hohen Bedeutung des B2B-Gesch\u00e4fts im Gebrauchtwagensegment. Wenn Sie mehr dar\u00fcber erfahren m\u00f6chten, wie Manheim Express Ihrem Unternehmen helfen kann, laden Sie jetzt das Whitepaper herunter.<\/p><p>\u00a0<\/p>\t\t\t\t\t\t\t\t<\/div>\n\t\t\t\t<\/div>\n\t\t\t\t\t<\/div>\n\t\t<\/div>\n\t\t\t\t<div class=\"elementor-column elementor-col-50 elementor-inner-column elementor-element elementor-element-dc08a6a\" data-id=\"dc08a6a\" data-element_type=\"column\">\n\t\t\t<div class=\"elementor-widget-wrap elementor-element-populated\">\n\t\t\t\t\t\t<div class=\"elementor-element elementor-element-8e79efb elementor-widget elementor-widget-heading\" data-id=\"8e79efb\" data-element_type=\"widget\" data-widget_type=\"heading.default\">\n\t\t\t\t<div class=\"elementor-widget-container\">\n\t\t\t\t\t<h2 class=\"elementor-heading-title elementor-size-default\">FASTER, BETTER, ADVANCED<br><\/h2>\t\t\t\t<\/div>\n\t\t\t\t<\/div>\n\t\t\t\t<div class=\"elementor-element elementor-element-c4e19c9 elementor-widget elementor-widget-heading\" data-id=\"c4e19c9\" data-element_type=\"widget\" data-widget_type=\"heading.default\">\n\t\t\t\t<div class=\"elementor-widget-container\">\n\t\t\t\t\t<h1 class=\"elementor-heading-title elementor-size-default\">Manheim Express - where the customer is king<\/h1>\t\t\t\t<\/div>\n\t\t\t\t<\/div>\n\t\t\t\t<div class=\"elementor-element elementor-element-16d1378 elementor-widget elementor-widget-text-editor\" data-id=\"16d1378\" data-element_type=\"widget\" data-widget_type=\"text-editor.default\">\n\t\t\t\t<div class=\"elementor-widget-container\">\n\t\t\t\t\t\t\t\t\tIn the whitepaper, Manheim Express introduces its B2B platform and provides information to dealers on how they can utilize it to benefit from increased revenues, time and cost savings, and greater transparency. The auction platform offers a straightforward and precise handling process, quick and flexible issue resolution, as well as real-time access to auction results. Customers are highly satisfied with the platform and praise the collaborative partnership. Additionally, Manheim Express offers a Trade Desk team and a transportation solution to facilitate contract closures and expedite car sales. The Thomas Auto Group is utilizing the platform and reports successful sales and the significance of B2B transactions in the used car segment. If you&#8217;d like to learn more about how Manheim Express can assist your business, download the whitepaper now.<\/span><\/p>\t\t\t\t\t\t\t\t<\/div>\n\t\t\t\t<\/div>\n\t\t\t\t\t<\/div>\n\t\t<\/div>\n\t\t\t\t\t<\/div>\n\t\t<\/section>\n\t\t\t\t<div class=\"elementor-element elementor-element-39b6d32 elementor-widget elementor-widget-image\" data-id=\"39b6d32\" data-element_type=\"widget\" data-widget_type=\"image.default\">\n\t\t\t\t<div class=\"elementor-widget-container\">\n\t\t\t\t\t\t\t\t\t\t\t\t\t\t\t<img fetchpriority=\"high\" decoding=\"async\" width=\"1536\" height=\"737\" src=\"https:\/\/www.manheim-express.eu\/wp-content\/uploads\/2023\/10\/02-ME-Whitepaper-MockUp-DE-1536x737.png\" class=\"attachment-1536x1536 size-1536x1536 wp-image-15931\" alt=\"\" srcset=\"https:\/\/www.manheim-express.eu\/wp-content\/uploads\/2023\/10\/02-ME-Whitepaper-MockUp-DE-1536x737.png 1536w, https:\/\/www.manheim-express.eu\/wp-content\/uploads\/2023\/10\/02-ME-Whitepaper-MockUp-DE-300x144.png 300w, https:\/\/www.manheim-express.eu\/wp-content\/uploads\/2023\/10\/02-ME-Whitepaper-MockUp-DE-1024x491.png 1024w, https:\/\/www.manheim-express.eu\/wp-content\/uploads\/2023\/10\/02-ME-Whitepaper-MockUp-DE-768x369.png 768w, https:\/\/www.manheim-express.eu\/wp-content\/uploads\/2023\/10\/02-ME-Whitepaper-MockUp-DE-2048x983.png 2048w\" sizes=\"(max-width: 1536px) 100vw, 1536px\" \/>\t\t\t\t\t\t\t\t\t\t\t\t\t\t\t<\/div>\n\t\t\t\t<\/div>\n\t\t\t\t\t<\/div>\n\t\t<\/div>\n\t\t\t\t\t<\/div>\n\t\t<\/section>\n\t\t\t\t<section class=\"elementor-section elementor-top-section elementor-element elementor-element-65034d2 elementor-section-boxed elementor-section-height-default elementor-section-height-default\" data-id=\"65034d2\" data-element_type=\"section\">\n\t\t\t\t\t\t<div class=\"elementor-container elementor-column-gap-default\">\n\t\t\t\t\t<div class=\"elementor-column elementor-col-100 elementor-top-column elementor-element elementor-element-c0f4e78\" data-id=\"c0f4e78\" data-element_type=\"column\">\n\t\t\t<div class=\"elementor-widget-wrap elementor-element-populated\">\n\t\t\t\t\t\t<div class=\"elementor-element elementor-element-f938eb0 elementor-widget elementor-widget-heading\" data-id=\"f938eb0\" data-element_type=\"widget\" data-widget_type=\"heading.default\">\n\t\t\t\t<div class=\"elementor-widget-container\">\n\t\t\t\t\t<h1 class=\"elementor-heading-title elementor-size-default\"><br>JETZT HERUNTERLADEN!<br><br><div>DOWNLOAD NOW!<\/div><br> \u2b07\ufe0f \u2b07\ufe0f \u2b07\ufe0f<div><\/div><\/h1>\t\t\t\t<\/div>\n\t\t\t\t<\/div>\n\t\t\t\t<div class=\"elementor-element elementor-element-b064072 elementor-widget__width-initial elementor-button-align-stretch elementor-widget elementor-widget-form\" data-id=\"b064072\" data-element_type=\"widget\" data-settings=\"{&quot;step_next_label&quot;:&quot;N\\u00e4chster&quot;,&quot;step_previous_label&quot;:&quot;Voriger&quot;,&quot;button_width&quot;:&quot;100&quot;,&quot;step_type&quot;:&quot;number_text&quot;,&quot;step_icon_shape&quot;:&quot;circle&quot;}\" data-widget_type=\"form.default\">\n\t\t\t\t<div class=\"elementor-widget-container\">\n\t\t\t\t\t\t\t<form class=\"elementor-form\" method=\"post\" id=\"whitepaper_kunde_koenig\" name=\"Warum der Kunde K\u00f6nig ist\" aria-label=\"Warum der Kunde K\u00f6nig ist\">\n\t\t\t<input type=\"hidden\" name=\"post_id\" value=\"15915\"\/>\n\t\t\t<input type=\"hidden\" name=\"form_id\" value=\"b064072\"\/>\n\t\t\t<input type=\"hidden\" name=\"referer_title\" value=\"White Paper\" \/>\n\n\t\t\t\t\t\t\t<input type=\"hidden\" name=\"queried_id\" value=\"15915\"\/>\n\t\t\t\n\t\t\t<div class=\"elementor-form-fields-wrapper elementor-labels-above\">\n\t\t\t\t\t\t\t\t<div class=\"elementor-field-type-text elementor-field-group elementor-column elementor-field-group-name elementor-col-100 elementor-field-required\">\n\t\t\t\t\t\t\t\t\t\t\t\t<label for=\"form-field-name\" class=\"elementor-field-label\">\n\t\t\t\t\t\t\t\tVorname \/ First Name*\t\t\t\t\t\t\t<\/label>\n\t\t\t\t\t\t\t\t\t\t\t\t\t\t<input size=\"1\" type=\"text\" name=\"form_fields[name]\" id=\"form-field-name\" class=\"elementor-field elementor-size-sm  elementor-field-textual\" required=\"required\">\n\t\t\t\t\t\t\t\t\t\t\t<\/div>\n\t\t\t\t\t\t\t\t<div class=\"elementor-field-type-text elementor-field-group elementor-column elementor-field-group-field_cc71d51 elementor-col-100 elementor-field-required\">\n\t\t\t\t\t\t\t\t\t\t\t\t<label for=\"form-field-field_cc71d51\" class=\"elementor-field-label\">\n\t\t\t\t\t\t\t\tNachname \/ Last Name*\t\t\t\t\t\t\t<\/label>\n\t\t\t\t\t\t\t\t\t\t\t\t\t\t<input size=\"1\" type=\"text\" name=\"form_fields[field_cc71d51]\" id=\"form-field-field_cc71d51\" class=\"elementor-field elementor-size-sm  elementor-field-textual\" required=\"required\">\n\t\t\t\t\t\t\t\t\t\t\t<\/div>\n\t\t\t\t\t\t\t\t<div class=\"elementor-field-type-tel elementor-field-group elementor-column elementor-field-group-field_2be7f7b elementor-col-100\">\n\t\t\t\t\t\t\t\t\t\t\t\t<label for=\"form-field-field_2be7f7b\" class=\"elementor-field-label\">\n\t\t\t\t\t\t\t\tTelefonnummer \/ Phone Number*\t\t\t\t\t\t\t<\/label>\n\t\t\t\t\t\t\t\t<input size=\"1\" type=\"tel\" name=\"form_fields[field_2be7f7b]\" id=\"form-field-field_2be7f7b\" class=\"elementor-field elementor-size-sm  elementor-field-textual\" pattern=\"[0-9()#&amp;+*-=.]+\" title=\"Nur Nummern oder Telefon-Zeichen (#, -, *, etc) werden akzeptiert.\">\n\n\t\t\t\t\t\t<\/div>\n\t\t\t\t\t\t\t\t<div class=\"elementor-field-type-text elementor-field-group elementor-column elementor-field-group-field_25ad924 elementor-col-100 elementor-field-required\">\n\t\t\t\t\t\t\t\t\t\t\t\t<label for=\"form-field-field_25ad924\" class=\"elementor-field-label\">\n\t\t\t\t\t\t\t\tName des Unternehmens \/ Company Name*\t\t\t\t\t\t\t<\/label>\n\t\t\t\t\t\t\t\t\t\t\t\t\t\t<input size=\"1\" type=\"text\" name=\"form_fields[field_25ad924]\" id=\"form-field-field_25ad924\" class=\"elementor-field elementor-size-sm  elementor-field-textual\" required=\"required\">\n\t\t\t\t\t\t\t\t\t\t\t<\/div>\n\t\t\t\t\t\t\t\t<div class=\"elementor-field-type-email elementor-field-group elementor-column elementor-field-group-email elementor-col-100 elementor-field-required\">\n\t\t\t\t\t\t\t\t\t\t\t\t<label for=\"form-field-email\" class=\"elementor-field-label\">\n\t\t\t\t\t\t\t\tE-Mail*\t\t\t\t\t\t\t<\/label>\n\t\t\t\t\t\t\t\t\t\t\t\t\t\t<input size=\"1\" type=\"email\" name=\"form_fields[email]\" id=\"form-field-email\" class=\"elementor-field elementor-size-sm  elementor-field-textual\" required=\"required\">\n\t\t\t\t\t\t\t\t\t\t\t<\/div>\n\t\t\t\t\t\t\t\t<div class=\"elementor-field-type-text elementor-field-group elementor-column elementor-field-group-field_c31f58e elementor-col-100 elementor-field-required\">\n\t\t\t\t\t\t\t\t\t\t\t\t<label for=\"form-field-field_c31f58e\" class=\"elementor-field-label\">\n\t\t\t\t\t\t\t\tPLZ \/ Zip code*\t\t\t\t\t\t\t<\/label>\n\t\t\t\t\t\t\t\t\t\t\t\t\t\t<input size=\"1\" type=\"text\" name=\"form_fields[field_c31f58e]\" id=\"form-field-field_c31f58e\" class=\"elementor-field elementor-size-sm  elementor-field-textual\" required=\"required\">\n\t\t\t\t\t\t\t\t\t\t\t<\/div>\n\t\t\t\t\t\t\t\t<div class=\"elementor-field-group elementor-column elementor-field-type-submit elementor-col-100 e-form__buttons\">\n\t\t\t\t\t<button class=\"elementor-button elementor-size-md\" type=\"submit\">\n\t\t\t\t\t\t<span class=\"elementor-button-content-wrapper\">\n\t\t\t\t\t\t\t\t\t\t\t\t\t\t\t\t\t\t\t\t\t\t<span class=\"elementor-button-text\">Senden<\/span>\n\t\t\t\t\t\t\t\t\t\t\t\t\t<\/span>\n\t\t\t\t\t<\/button>\n\t\t\t\t<\/div>\n\t\t\t<\/div>\n\t\t<\/form>\n\t\t\t\t\t\t<\/div>\n\t\t\t\t<\/div>\n\t\t\t\t<div class=\"elementor-element elementor-element-ca7f9e5 elementor-widget elementor-widget-text-editor\" data-id=\"ca7f9e5\" data-element_type=\"widget\" data-widget_type=\"text-editor.default\">\n\t\t\t\t<div class=\"elementor-widget-container\">\n\t\t\t\t\t\t\t\t\t<p><span style=\"color: #435262;\"><span style=\"text-decoration: underline;\"><a style=\"color: #435262; text-decoration: underline;\" href=\"https:\/\/www.manheim-express.eu\/de\/agb\/\" target=\"_blank\" rel=\"noopener\">Es gelten unsere Allgemeinen Gesch\u00e4ftsbedingungen (AGB)<\/a> <\/span>sowie folgende <a style=\"color: #435262;\" href=\"https:\/\/www.manheim-express.eu\/de\/datenschutz\/\"><span style=\"text-decoration: underline;\">Datenschutzerkl\u00e4rung<\/span>.<\/a><\/span><\/p><p><span style=\"color: #435262;\">Our <span style=\"text-decoration: underline;\"><a style=\"color: #435262; text-decoration: underline;\" href=\"https:\/\/www.manheim-express.eu\/conditions\/\">General Terms and Conditions<\/a><\/span> (GTC) and the following <span style=\"text-decoration: underline;\"><a style=\"color: #435262; text-decoration: underline;\" href=\"https:\/\/www.manheim-express.eu\/de\/datenschutz\/https:\/\/www.manheim-express.eu\/data-protection\/\">privacy policy<\/a><\/span> apply.<\/span><\/p>\t\t\t\t\t\t\t\t<\/div>\n\t\t\t\t<\/div>\n\t\t\t\t\t<\/div>\n\t\t<\/div>\n\t\t\t\t\t<\/div>\n\t\t<\/section>\n\t\t\t\t<\/div>\n\t\t","protected":false},"excerpt":{"rendered":"<p>SCHNELLER, BESSER, WEITER Manheim Express &#8211; wo der Kunde K\u00f6nig ist In dem Whitepaper stellt Manheim Express seine B2B-Plattform vor und informiert H\u00e4ndler dar\u00fcber, wie sie diese nutzen k\u00f6nnen, um von h\u00f6heren Ertr\u00e4gen, Zeit- und Kosteneinsparungen sowie einer h\u00f6heren Transparenz zu profitieren. Die Auktionsplattform bietet ein einfaches und pr\u00e4zises Handling und eine schnelle, flexible Probleml\u00f6sung, [&hellip;]<\/p>\n","protected":false},"author":8,"featured_media":0,"parent":0,"menu_order":0,"comment_status":"closed","ping_status":"closed","template":"elementor_header_footer","meta":{"_acf_changed":false,"footnotes":""},"wf_page_folders":[],"class_list":["post-15915","page","type-page","status-publish","hentry"],"acf":[],"yoast_head":"<!-- This site is optimized with the Yoast SEO plugin v25.8 - https:\/\/yoast.com\/wordpress\/plugins\/seo\/ -->\n<title>White Paper<\/title>\n<meta name=\"description\" content=\"Die 2022 umfassende Studie zur Professionalisierung des Gebrauchtwagengesch\u00e4fts durch digitale Auktionsplattformen.\" \/>\n<meta name=\"robots\" content=\"index, follow, max-snippet:-1, max-image-preview:large, max-video-preview:-1\" \/>\n<link rel=\"canonical\" href=\"https:\/\/www.manheim-express.eu\/de\/whitepaper\/\" \/>\n<meta property=\"og:locale\" content=\"de_DE\" \/>\n<meta property=\"og:type\" content=\"article\" \/>\n<meta property=\"og:title\" content=\"White Paper\" \/>\n<meta property=\"og:description\" content=\"Die 2022 umfassende Studie zur Professionalisierung des Gebrauchtwagengesch\u00e4fts durch digitale Auktionsplattformen.\" \/>\n<meta property=\"og:url\" content=\"https:\/\/www.manheim-express.eu\/de\/whitepaper\/\" \/>\n<meta property=\"og:site_name\" content=\"Manheim Express\" \/>\n<meta property=\"article:publisher\" content=\"https:\/\/www.facebook.com\/manheimexpresseurope\/\" \/>\n<meta property=\"article:modified_time\" content=\"2025-03-11T10:47:34+00:00\" \/>\n<meta property=\"og:image\" content=\"https:\/\/www.manheim-express.eu\/wp-content\/uploads\/2023\/10\/02-ME-Whitepaper-MockUp-DE-1536x737.png\" \/>\n<meta name=\"twitter:card\" content=\"summary_large_image\" \/>\n<meta name=\"twitter:label1\" content=\"Gesch\u00e4tzte Lesezeit\" \/>\n\t<meta name=\"twitter:data1\" content=\"3\u00a0Minuten\" \/>\n<script type=\"application\/ld+json\" class=\"yoast-schema-graph\">{\"@context\":\"https:\/\/schema.org\",\"@graph\":[{\"@type\":\"WebPage\",\"@id\":\"https:\/\/www.manheim-express.eu\/de\/whitepaper\/\",\"url\":\"https:\/\/www.manheim-express.eu\/de\/whitepaper\/\",\"name\":\"White Paper\",\"isPartOf\":{\"@id\":\"https:\/\/www.manheim-express.eu\/de\/#website\"},\"primaryImageOfPage\":{\"@id\":\"https:\/\/www.manheim-express.eu\/de\/whitepaper\/#primaryimage\"},\"image\":{\"@id\":\"https:\/\/www.manheim-express.eu\/de\/whitepaper\/#primaryimage\"},\"thumbnailUrl\":\"https:\/\/www.manheim-express.eu\/wp-content\/uploads\/2023\/10\/02-ME-Whitepaper-MockUp-DE-1536x737.png\",\"datePublished\":\"2023-10-25T14:40:09+00:00\",\"dateModified\":\"2025-03-11T10:47:34+00:00\",\"description\":\"Die 2022 umfassende Studie zur Professionalisierung des Gebrauchtwagengesch\u00e4fts durch digitale Auktionsplattformen.\",\"breadcrumb\":{\"@id\":\"https:\/\/www.manheim-express.eu\/de\/whitepaper\/#breadcrumb\"},\"inLanguage\":\"de\",\"potentialAction\":[{\"@type\":\"ReadAction\",\"target\":[\"https:\/\/www.manheim-express.eu\/de\/whitepaper\/\"]}]},{\"@type\":\"ImageObject\",\"inLanguage\":\"de\",\"@id\":\"https:\/\/www.manheim-express.eu\/de\/whitepaper\/#primaryimage\",\"url\":\"https:\/\/www.manheim-express.eu\/wp-content\/uploads\/2023\/10\/02-ME-Whitepaper-MockUp-DE-1536x737.png\",\"contentUrl\":\"https:\/\/www.manheim-express.eu\/wp-content\/uploads\/2023\/10\/02-ME-Whitepaper-MockUp-DE-1536x737.png\"},{\"@type\":\"BreadcrumbList\",\"@id\":\"https:\/\/www.manheim-express.eu\/de\/whitepaper\/#breadcrumb\",\"itemListElement\":[{\"@type\":\"ListItem\",\"position\":1,\"name\":\"Home\",\"item\":\"https:\/\/www.manheim-express.eu\/de\/\"},{\"@type\":\"ListItem\",\"position\":2,\"name\":\"Manheim Express Whitepaper\"}]},{\"@type\":\"WebSite\",\"@id\":\"https:\/\/www.manheim-express.eu\/de\/#website\",\"url\":\"https:\/\/www.manheim-express.eu\/de\/\",\"name\":\"Manheim Express\",\"description\":\"\",\"publisher\":{\"@id\":\"https:\/\/www.manheim-express.eu\/de\/#organization\"},\"potentialAction\":[{\"@type\":\"SearchAction\",\"target\":{\"@type\":\"EntryPoint\",\"urlTemplate\":\"https:\/\/www.manheim-express.eu\/de\/?s={search_term_string}\"},\"query-input\":{\"@type\":\"PropertyValueSpecification\",\"valueRequired\":true,\"valueName\":\"search_term_string\"}}],\"inLanguage\":\"de\"},{\"@type\":\"Organization\",\"@id\":\"https:\/\/www.manheim-express.eu\/de\/#organization\",\"name\":\"Manheim Express\",\"url\":\"https:\/\/www.manheim-express.eu\/de\/\",\"logo\":{\"@type\":\"ImageObject\",\"inLanguage\":\"de\",\"@id\":\"https:\/\/www.manheim-express.eu\/de\/#\/schema\/logo\/image\/\",\"url\":\"https:\/\/www.manheim-express.eu\/wp-content\/uploads\/2021\/07\/manheim-express-logo-light.png\",\"contentUrl\":\"https:\/\/www.manheim-express.eu\/wp-content\/uploads\/2021\/07\/manheim-express-logo-light.png\",\"width\":1163,\"height\":392,\"caption\":\"Manheim Express\"},\"image\":{\"@id\":\"https:\/\/www.manheim-express.eu\/de\/#\/schema\/logo\/image\/\"},\"sameAs\":[\"https:\/\/www.facebook.com\/manheimexpresseurope\/\",\"https:\/\/www.instagram.com\/manheim.express\",\"https:\/\/www.linkedin.com\/company\/manheim-express\/\",\"https:\/\/www.youtube.com\/channel\/UCRKJajJPvJv-ao7Tk7qra5Q\/\"]}]}<\/script>\n<!-- \/ Yoast SEO plugin. -->","yoast_head_json":{"title":"White Paper","description":"Die 2022 umfassende Studie zur Professionalisierung des Gebrauchtwagengesch\u00e4fts durch digitale Auktionsplattformen.","robots":{"index":"index","follow":"follow","max-snippet":"max-snippet:-1","max-image-preview":"max-image-preview:large","max-video-preview":"max-video-preview:-1"},"canonical":"https:\/\/www.manheim-express.eu\/de\/whitepaper\/","og_locale":"de_DE","og_type":"article","og_title":"White Paper","og_description":"Die 2022 umfassende Studie zur Professionalisierung des Gebrauchtwagengesch\u00e4fts durch digitale Auktionsplattformen.","og_url":"https:\/\/www.manheim-express.eu\/de\/whitepaper\/","og_site_name":"Manheim Express","article_publisher":"https:\/\/www.facebook.com\/manheimexpresseurope\/","article_modified_time":"2025-03-11T10:47:34+00:00","og_image":[{"url":"https:\/\/www.manheim-express.eu\/wp-content\/uploads\/2023\/10\/02-ME-Whitepaper-MockUp-DE-1536x737.png","type":"","width":"","height":""}],"twitter_card":"summary_large_image","twitter_misc":{"Gesch\u00e4tzte Lesezeit":"3\u00a0Minuten"},"schema":{"@context":"https:\/\/schema.org","@graph":[{"@type":"WebPage","@id":"https:\/\/www.manheim-express.eu\/de\/whitepaper\/","url":"https:\/\/www.manheim-express.eu\/de\/whitepaper\/","name":"White Paper","isPartOf":{"@id":"https:\/\/www.manheim-express.eu\/de\/#website"},"primaryImageOfPage":{"@id":"https:\/\/www.manheim-express.eu\/de\/whitepaper\/#primaryimage"},"image":{"@id":"https:\/\/www.manheim-express.eu\/de\/whitepaper\/#primaryimage"},"thumbnailUrl":"https:\/\/www.manheim-express.eu\/wp-content\/uploads\/2023\/10\/02-ME-Whitepaper-MockUp-DE-1536x737.png","datePublished":"2023-10-25T14:40:09+00:00","dateModified":"2025-03-11T10:47:34+00:00","description":"Die 2022 umfassende Studie zur Professionalisierung des Gebrauchtwagengesch\u00e4fts durch digitale Auktionsplattformen.","breadcrumb":{"@id":"https:\/\/www.manheim-express.eu\/de\/whitepaper\/#breadcrumb"},"inLanguage":"de","potentialAction":[{"@type":"ReadAction","target":["https:\/\/www.manheim-express.eu\/de\/whitepaper\/"]}]},{"@type":"ImageObject","inLanguage":"de","@id":"https:\/\/www.manheim-express.eu\/de\/whitepaper\/#primaryimage","url":"https:\/\/www.manheim-express.eu\/wp-content\/uploads\/2023\/10\/02-ME-Whitepaper-MockUp-DE-1536x737.png","contentUrl":"https:\/\/www.manheim-express.eu\/wp-content\/uploads\/2023\/10\/02-ME-Whitepaper-MockUp-DE-1536x737.png"},{"@type":"BreadcrumbList","@id":"https:\/\/www.manheim-express.eu\/de\/whitepaper\/#breadcrumb","itemListElement":[{"@type":"ListItem","position":1,"name":"Home","item":"https:\/\/www.manheim-express.eu\/de\/"},{"@type":"ListItem","position":2,"name":"Manheim Express Whitepaper"}]},{"@type":"WebSite","@id":"https:\/\/www.manheim-express.eu\/de\/#website","url":"https:\/\/www.manheim-express.eu\/de\/","name":"Manheim Express","description":"","publisher":{"@id":"https:\/\/www.manheim-express.eu\/de\/#organization"},"potentialAction":[{"@type":"SearchAction","target":{"@type":"EntryPoint","urlTemplate":"https:\/\/www.manheim-express.eu\/de\/?s={search_term_string}"},"query-input":{"@type":"PropertyValueSpecification","valueRequired":true,"valueName":"search_term_string"}}],"inLanguage":"de"},{"@type":"Organization","@id":"https:\/\/www.manheim-express.eu\/de\/#organization","name":"Manheim Express","url":"https:\/\/www.manheim-express.eu\/de\/","logo":{"@type":"ImageObject","inLanguage":"de","@id":"https:\/\/www.manheim-express.eu\/de\/#\/schema\/logo\/image\/","url":"https:\/\/www.manheim-express.eu\/wp-content\/uploads\/2021\/07\/manheim-express-logo-light.png","contentUrl":"https:\/\/www.manheim-express.eu\/wp-content\/uploads\/2021\/07\/manheim-express-logo-light.png","width":1163,"height":392,"caption":"Manheim Express"},"image":{"@id":"https:\/\/www.manheim-express.eu\/de\/#\/schema\/logo\/image\/"},"sameAs":["https:\/\/www.facebook.com\/manheimexpresseurope\/","https:\/\/www.instagram.com\/manheim.express","https:\/\/www.linkedin.com\/company\/manheim-express\/","https:\/\/www.youtube.com\/channel\/UCRKJajJPvJv-ao7Tk7qra5Q\/"]}]}},"_links":{"self":[{"href":"https:\/\/www.manheim-express.eu\/de\/wp-json\/wp\/v2\/pages\/15915","targetHints":{"allow":["GET"]}}],"collection":[{"href":"https:\/\/www.manheim-express.eu\/de\/wp-json\/wp\/v2\/pages"}],"about":[{"href":"https:\/\/www.manheim-express.eu\/de\/wp-json\/wp\/v2\/types\/page"}],"author":[{"embeddable":true,"href":"https:\/\/www.manheim-express.eu\/de\/wp-json\/wp\/v2\/users\/8"}],"replies":[{"embeddable":true,"href":"https:\/\/www.manheim-express.eu\/de\/wp-json\/wp\/v2\/comments?post=15915"}],"version-history":[{"count":64,"href":"https:\/\/www.manheim-express.eu\/de\/wp-json\/wp\/v2\/pages\/15915\/revisions"}],"predecessor-version":[{"id":19815,"href":"https:\/\/www.manheim-express.eu\/de\/wp-json\/wp\/v2\/pages\/15915\/revisions\/19815"}],"wp:attachment":[{"href":"https:\/\/www.manheim-express.eu\/de\/wp-json\/wp\/v2\/media?parent=15915"}],"wp:term":[{"taxonomy":"wf_page_folders","embeddable":true,"href":"https:\/\/www.manheim-express.eu\/de\/wp-json\/wp\/v2\/wf_page_folders?post=15915"}],"curies":[{"name":"wp","href":"https:\/\/api.w.org\/{rel}","templated":true}]}}