{"id":11985,"date":"2022-06-27T10:14:21","date_gmt":"2022-06-27T09:14:21","guid":{"rendered":"https:\/\/www.manheim-express.eu\/?page_id=11985"},"modified":"2024-07-29T13:14:41","modified_gmt":"2024-07-29T12:14:41","slug":"preise","status":"publish","type":"page","link":"https:\/\/www.manheim-express.eu\/de\/preise\/","title":{"rendered":"PREISE"},"content":{"rendered":"\t\t<div data-elementor-type=\"wp-page\" data-elementor-id=\"11985\" class=\"elementor elementor-11985\" data-elementor-post-type=\"page\">\n\t\t\t\t\t\t<section class=\"elementor-section elementor-top-section elementor-element elementor-element-e89cf0c elementor-section-height-min-height elementor-section-boxed elementor-section-height-default elementor-section-items-middle\" data-id=\"e89cf0c\" data-element_type=\"section\" data-settings=\"{&quot;background_background&quot;:&quot;classic&quot;}\">\n\t\t\t\t\t\t\t<div class=\"elementor-background-overlay\"><\/div>\n\t\t\t\t\t\t\t<div class=\"elementor-container elementor-column-gap-default\">\n\t\t\t\t\t<div class=\"elementor-column elementor-col-100 elementor-top-column elementor-element elementor-element-ce307b8\" data-id=\"ce307b8\" data-element_type=\"column\">\n\t\t\t<div class=\"elementor-widget-wrap\">\n\t\t\t\t\t\t\t<\/div>\n\t\t<\/div>\n\t\t\t\t\t<\/div>\n\t\t<\/section>\n\t\t\t\t<section class=\"elementor-section elementor-top-section elementor-element elementor-element-2ea48e4 elementor-section-boxed elementor-section-height-default elementor-section-height-default\" data-id=\"2ea48e4\" data-element_type=\"section\">\n\t\t\t\t\t\t<div class=\"elementor-container elementor-column-gap-default\">\n\t\t\t\t\t<div class=\"elementor-column elementor-col-100 elementor-top-column elementor-element elementor-element-8772149\" data-id=\"8772149\" data-element_type=\"column\">\n\t\t\t<div class=\"elementor-widget-wrap elementor-element-populated\">\n\t\t\t\t\t\t<div class=\"elementor-element elementor-element-f7e988f elementor-widget-divider--view-line elementor-widget elementor-widget-divider\" data-id=\"f7e988f\" data-element_type=\"widget\" data-widget_type=\"divider.default\">\n\t\t\t\t<div class=\"elementor-widget-container\">\n\t\t\t\t\t\t\t<div class=\"elementor-divider\">\n\t\t\t<span class=\"elementor-divider-separator\">\n\t\t\t\t\t\t<\/span>\n\t\t<\/div>\n\t\t\t\t\t\t<\/div>\n\t\t\t\t<\/div>\n\t\t\t\t\t<\/div>\n\t\t<\/div>\n\t\t\t\t\t<\/div>\n\t\t<\/section>\n\t\t\t\t<section class=\"elementor-section elementor-top-section elementor-element elementor-element-68f2a13 elementor-section-boxed elementor-section-height-default elementor-section-height-default\" data-id=\"68f2a13\" data-element_type=\"section\">\n\t\t\t\t\t\t<div class=\"elementor-container elementor-column-gap-default\">\n\t\t\t\t\t<div class=\"elementor-column elementor-col-100 elementor-top-column elementor-element elementor-element-255e568\" data-id=\"255e568\" data-element_type=\"column\">\n\t\t\t<div class=\"elementor-widget-wrap elementor-element-populated\">\n\t\t\t\t\t\t<section class=\"elementor-section elementor-inner-section elementor-element elementor-element-17c1dd1 elementor-section-full_width elementor-section-height-default elementor-section-height-default\" data-id=\"17c1dd1\" data-element_type=\"section\">\n\t\t\t\t\t\t<div class=\"elementor-container elementor-column-gap-default\">\n\t\t\t\t\t<div class=\"elementor-column elementor-col-100 elementor-inner-column elementor-element elementor-element-57ff3bf\" data-id=\"57ff3bf\" data-element_type=\"column\">\n\t\t\t<div class=\"elementor-widget-wrap elementor-element-populated\">\n\t\t\t\t\t\t<div class=\"elementor-element elementor-element-f909cda elementor-widget elementor-widget-heading\" data-id=\"f909cda\" data-element_type=\"widget\" data-widget_type=\"heading.default\">\n\t\t\t\t<div class=\"elementor-widget-container\">\n\t\t\t\t\t<p class=\"elementor-heading-title elementor-size-default\">KEIN RISIKO, KEINE STARTGEB\u00dcHR\n<\/p>\t\t\t\t<\/div>\n\t\t\t\t<\/div>\n\t\t\t\t<div class=\"elementor-element elementor-element-77dc765 elementor-widget elementor-widget-spacer\" data-id=\"77dc765\" data-element_type=\"widget\" data-widget_type=\"spacer.default\">\n\t\t\t\t<div class=\"elementor-widget-container\">\n\t\t\t\t\t\t\t<div class=\"elementor-spacer\">\n\t\t\t<div class=\"elementor-spacer-inner\"><\/div>\n\t\t<\/div>\n\t\t\t\t\t\t<\/div>\n\t\t\t\t<\/div>\n\t\t\t\t<div class=\"elementor-element elementor-element-62f5f59 elementor-widget elementor-widget-heading\" data-id=\"62f5f59\" data-element_type=\"widget\" data-widget_type=\"heading.default\">\n\t\t\t\t<div class=\"elementor-widget-container\">\n\t\t\t\t\t<h1 class=\"elementor-heading-title elementor-size-default\">PREISE BEI MANHEIM EXPRESS<\/h1>\t\t\t\t<\/div>\n\t\t\t\t<\/div>\n\t\t\t\t<div class=\"elementor-element elementor-element-463f5e1 elementor-widget elementor-widget-text-editor\" data-id=\"463f5e1\" data-element_type=\"widget\" data-widget_type=\"text-editor.default\">\n\t\t\t\t<div class=\"elementor-widget-container\">\n\t\t\t\t\t\t\t\t\t<p>Unser Preismodell bietet attraktive Konditionen f\u00fcr jeden Anspruch:\u00a0<strong>Keine Startgeb\u00fchr<\/strong>,<strong>\u00a0keine Geb\u00fchr f\u00fcr Fahrzeuglistung<\/strong>,\u00a0<strong>keine<\/strong>\u00a0<strong>monatliche Grundgeb\u00fchr<\/strong>\u00a0&#8211; eine\u00a0<strong>attraktive Auktionsgeb\u00fchr<\/strong>, die\u00a0<strong>nur bei erfolgreichem Abschluss<\/strong>\u00a0f\u00e4llig wird. Ein unschlagbares Angebot!<\/p>\t\t\t\t\t\t\t\t<\/div>\n\t\t\t\t<\/div>\n\t\t\t\t\t<\/div>\n\t\t<\/div>\n\t\t\t\t\t<\/div>\n\t\t<\/section>\n\t\t\t\t<div class=\"elementor-element elementor-element-cc1d870 elementor-widget elementor-widget-heading\" data-id=\"cc1d870\" data-element_type=\"widget\" data-widget_type=\"heading.default\">\n\t\t\t\t<div class=\"elementor-widget-container\">\n\t\t\t\t\t<h2 class=\"elementor-heading-title elementor-size-default\"><i>Preise f\u00fcr K\u00e4ufer in Deutschland<\/i><\/h2>\t\t\t\t<\/div>\n\t\t\t\t<\/div>\n\t\t\t\t<div class=\"elementor-element elementor-element-5421a5e elementor-widget elementor-widget-image\" data-id=\"5421a5e\" data-element_type=\"widget\" data-widget_type=\"image.default\">\n\t\t\t\t<div class=\"elementor-widget-container\">\n\t\t\t\t\t\t\t\t\t\t\t\t\t\t\t<img fetchpriority=\"high\" decoding=\"async\" width=\"800\" height=\"789\" src=\"https:\/\/www.manheim-express.eu\/wp-content\/uploads\/2023\/12\/Manheim-Express-Gebuehren-1024x1010.jpg\" class=\"attachment-large size-large wp-image-16938\" alt=\"\" srcset=\"https:\/\/www.manheim-express.eu\/wp-content\/uploads\/2023\/12\/Manheim-Express-Gebuehren-1024x1010.jpg 1024w, https:\/\/www.manheim-express.eu\/wp-content\/uploads\/2023\/12\/Manheim-Express-Gebuehren-300x296.jpg 300w, https:\/\/www.manheim-express.eu\/wp-content\/uploads\/2023\/12\/Manheim-Express-Gebuehren-768x758.jpg 768w, https:\/\/www.manheim-express.eu\/wp-content\/uploads\/2023\/12\/Manheim-Express-Gebuehren-1536x1515.jpg 1536w, https:\/\/www.manheim-express.eu\/wp-content\/uploads\/2023\/12\/Manheim-Express-Gebuehren-2048x2020.jpg 2048w\" sizes=\"(max-width: 800px) 100vw, 800px\" \/>\t\t\t\t\t\t\t\t\t\t\t\t\t\t\t<\/div>\n\t\t\t\t<\/div>\n\t\t\t\t\t<\/div>\n\t\t<\/div>\n\t\t\t\t\t<\/div>\n\t\t<\/section>\n\t\t\t\t<section class=\"elementor-section elementor-top-section elementor-element elementor-element-cfdd541 elementor-section-boxed elementor-section-height-default elementor-section-height-default\" data-id=\"cfdd541\" data-element_type=\"section\">\n\t\t\t\t\t\t<div class=\"elementor-container elementor-column-gap-default\">\n\t\t\t\t\t<div class=\"elementor-column elementor-col-100 elementor-top-column elementor-element elementor-element-0e9c493\" data-id=\"0e9c493\" data-element_type=\"column\">\n\t\t\t<div class=\"elementor-widget-wrap elementor-element-populated\">\n\t\t\t\t\t\t<div class=\"elementor-element elementor-element-ba5186e elementor-widget__width-initial elementor-widget elementor-widget-image\" data-id=\"ba5186e\" data-element_type=\"widget\" data-widget_type=\"image.default\">\n\t\t\t\t<div class=\"elementor-widget-container\">\n\t\t\t\t\t\t\t\t\t\t\t\t\t\t\t<img decoding=\"async\" width=\"800\" height=\"363\" src=\"https:\/\/www.manheim-express.eu\/wp-content\/uploads\/2024\/01\/ManEx-preise-fuer-einlieferer-2v2-1024x465.png\" class=\"attachment-large size-large wp-image-16973\" alt=\"\" srcset=\"https:\/\/www.manheim-express.eu\/wp-content\/uploads\/2024\/01\/ManEx-preise-fuer-einlieferer-2v2-1024x465.png 1024w, https:\/\/www.manheim-express.eu\/wp-content\/uploads\/2024\/01\/ManEx-preise-fuer-einlieferer-2v2-300x136.png 300w, https:\/\/www.manheim-express.eu\/wp-content\/uploads\/2024\/01\/ManEx-preise-fuer-einlieferer-2v2-768x349.png 768w, https:\/\/www.manheim-express.eu\/wp-content\/uploads\/2024\/01\/ManEx-preise-fuer-einlieferer-2v2-1536x698.png 1536w, https:\/\/www.manheim-express.eu\/wp-content\/uploads\/2024\/01\/ManEx-preise-fuer-einlieferer-2v2-2048x930.png 2048w\" sizes=\"(max-width: 800px) 100vw, 800px\" \/>\t\t\t\t\t\t\t\t\t\t\t\t\t\t\t<\/div>\n\t\t\t\t<\/div>\n\t\t\t\t<div class=\"elementor-element elementor-element-7da5b2c elementor-widget elementor-widget-text-editor\" data-id=\"7da5b2c\" data-element_type=\"widget\" data-widget_type=\"text-editor.default\">\n\t\t\t\t<div class=\"elementor-widget-container\">\n\t\t\t\t\t\t\t\t\t<p>*<span style=\"color: var( --e-global-color-text ); font-family: var( --e-global-typography-text-font-family ), Sans-serif; font-weight: var( --e-global-typography-text-font-weight ); font-size: 1rem;\">f\u00e4llig vom Netto Verkaufspreis, b<\/span><span dir=\"ltr\" style=\"color: var( --e-global-color-text ); font-family: var( --e-global-typography-text-font-family ), Sans-serif; font-weight: var( --e-global-typography-text-font-weight ); font-size: 1rem;\">ei einem Fahrzeugkaufpreis von &lt; 1.000\u20ac f\u00e4llt eine Geb\u00fchr in H\u00f6he von nur 99,00\u20ac an, anstelle der 2,5%<\/span><\/p>\t\t\t\t\t\t\t\t<\/div>\n\t\t\t\t<\/div>\n\t\t\t\t<div class=\"elementor-element elementor-element-47d17ac elementor-align-center topbut elementor-widget__width-auto elementor-widget elementor-widget-button\" data-id=\"47d17ac\" data-element_type=\"widget\" data-widget_type=\"button.default\">\n\t\t\t\t<div class=\"elementor-widget-container\">\n\t\t\t\t\t\t\t\t\t<div class=\"elementor-button-wrapper\">\n\t\t\t\t\t<a class=\"elementor-button elementor-button-link elementor-size-xs\" href=\"https:\/\/www.pkwnow.de\/registrieren\/\">\n\t\t\t\t\t\t<span class=\"elementor-button-content-wrapper\">\n\t\t\t\t\t\t\t\t\t<span class=\"elementor-button-text\">JETZT OHNE RISIKO REGISTRIEREN<\/span>\n\t\t\t\t\t<\/span>\n\t\t\t\t\t<\/a>\n\t\t\t\t<\/div>\n\t\t\t\t\t\t\t\t<\/div>\n\t\t\t\t<\/div>\n\t\t\t\t\t<\/div>\n\t\t<\/div>\n\t\t\t\t\t<\/div>\n\t\t<\/section>\n\t\t\t\t<section class=\"elementor-section elementor-top-section elementor-element elementor-element-5c633de elementor-section-height-min-height elementor-section-boxed elementor-section-height-default elementor-section-items-middle\" data-id=\"5c633de\" data-element_type=\"section\" data-settings=\"{&quot;background_background&quot;:&quot;classic&quot;}\">\n\t\t\t\t\t\t<div class=\"elementor-container elementor-column-gap-default\">\n\t\t\t\t\t<div class=\"elementor-column elementor-col-100 elementor-top-column elementor-element elementor-element-5d7dca5\" data-id=\"5d7dca5\" data-element_type=\"column\">\n\t\t\t<div class=\"elementor-widget-wrap elementor-element-populated\">\n\t\t\t\t\t\t<div class=\"elementor-element elementor-element-99acaf3 elementor-widget elementor-widget-heading\" data-id=\"99acaf3\" data-element_type=\"widget\" data-widget_type=\"heading.default\">\n\t\t\t\t<div class=\"elementor-widget-container\">\n\t\t\t\t\t<p class=\"elementor-heading-title elementor-size-default\">INTERESSIERT?<\/p>\t\t\t\t<\/div>\n\t\t\t\t<\/div>\n\t\t\t\t<div class=\"elementor-element elementor-element-4b0b14f elementor-widget elementor-widget-heading\" data-id=\"4b0b14f\" data-element_type=\"widget\" data-widget_type=\"heading.default\">\n\t\t\t\t<div class=\"elementor-widget-container\">\n\t\t\t\t\t<p class=\"elementor-heading-title elementor-size-default\">JETZT EINSTEIGEN UND UMSATZ MIT <bR>GEBRAUCHTWAGEN STEIGERN.<\/p>\t\t\t\t<\/div>\n\t\t\t\t<\/div>\n\t\t\t\t<div class=\"elementor-element elementor-element-141419a elementor-align-center topbut elementor-widget__width-auto elementor-widget elementor-widget-button\" data-id=\"141419a\" data-element_type=\"widget\" data-widget_type=\"button.default\">\n\t\t\t\t<div class=\"elementor-widget-container\">\n\t\t\t\t\t\t\t\t\t<div class=\"elementor-button-wrapper\">\n\t\t\t\t\t<a class=\"elementor-button elementor-button-link elementor-size-xs\" href=\"mailto:info@manheim-express.de\" target=\"_blank\">\n\t\t\t\t\t\t<span class=\"elementor-button-content-wrapper\">\n\t\t\t\t\t\t\t\t\t<span class=\"elementor-button-text\">JETZT ANFRAGEN<\/span>\n\t\t\t\t\t<\/span>\n\t\t\t\t\t<\/a>\n\t\t\t\t<\/div>\n\t\t\t\t\t\t\t\t<\/div>\n\t\t\t\t<\/div>\n\t\t\t\t\t<\/div>\n\t\t<\/div>\n\t\t\t\t\t<\/div>\n\t\t<\/section>\n\t\t\t\t<\/div>\n\t\t","protected":false},"excerpt":{"rendered":"<p>KEIN RISIKO, KEINE STARTGEB\u00dcHR PREISE BEI MANHEIM EXPRESS Unser Preismodell bietet attraktive Konditionen f\u00fcr jeden Anspruch:\u00a0Keine Startgeb\u00fchr,\u00a0keine Geb\u00fchr f\u00fcr Fahrzeuglistung,\u00a0keine\u00a0monatliche Grundgeb\u00fchr\u00a0&#8211; eine\u00a0attraktive Auktionsgeb\u00fchr, die\u00a0nur bei erfolgreichem Abschluss\u00a0f\u00e4llig wird. Ein unschlagbares Angebot! Preise f\u00fcr K\u00e4ufer in Deutschland *f\u00e4llig vom Netto Verkaufspreis, bei einem Fahrzeugkaufpreis von &lt; 1.000\u20ac f\u00e4llt eine Geb\u00fchr in H\u00f6he von nur 99,00\u20ac an, [&hellip;]<\/p>\n","protected":false},"author":7,"featured_media":0,"parent":0,"menu_order":0,"comment_status":"closed","ping_status":"closed","template":"elementor_header_footer","meta":{"_acf_changed":false,"footnotes":""},"wf_page_folders":[],"class_list":["post-11985","page","type-page","status-publish","hentry"],"acf":[],"yoast_head":"<!-- This site is optimized with the Yoast SEO plugin v25.8 - https:\/\/yoast.com\/wordpress\/plugins\/seo\/ -->\n<title>Preise 2022 - Manheim Express<\/title>\n<meta name=\"description\" content=\"Preise bei Manheim Express - Interessiert? Werde jetzt Mitglied und steiger Deinen Umsatz mit Gebrauchtwagen. Kein Risiko, keine Startgeb\u00fchr\" \/>\n<meta name=\"robots\" content=\"index, follow, max-snippet:-1, max-image-preview:large, max-video-preview:-1\" \/>\n<link rel=\"canonical\" href=\"https:\/\/www.manheim-express.eu\/de\/preise\/\" \/>\n<meta property=\"og:locale\" content=\"de_DE\" \/>\n<meta property=\"og:type\" content=\"article\" \/>\n<meta property=\"og:title\" content=\"Preise 2022 - Manheim Express\" \/>\n<meta property=\"og:description\" content=\"Preise bei Manheim Express - Interessiert? Werde jetzt Mitglied und steiger Deinen Umsatz mit Gebrauchtwagen. Kein Risiko, keine Startgeb\u00fchr\" \/>\n<meta property=\"og:url\" content=\"https:\/\/www.manheim-express.eu\/de\/preise\/\" \/>\n<meta property=\"og:site_name\" content=\"Manheim Express\" \/>\n<meta property=\"article:publisher\" content=\"https:\/\/www.facebook.com\/manheimexpresseurope\/\" \/>\n<meta property=\"article:modified_time\" content=\"2024-07-29T12:14:41+00:00\" \/>\n<meta property=\"og:image\" content=\"https:\/\/www.manheim-express.eu\/wp-content\/uploads\/2023\/12\/Manheim-Express-Gebuehren-1024x1010.jpg\" \/>\n<meta name=\"twitter:card\" content=\"summary_large_image\" \/>\n<meta name=\"twitter:label1\" content=\"Gesch\u00e4tzte Lesezeit\" \/>\n\t<meta name=\"twitter:data1\" content=\"4\u00a0Minuten\" \/>\n<script type=\"application\/ld+json\" class=\"yoast-schema-graph\">{\"@context\":\"https:\/\/schema.org\",\"@graph\":[{\"@type\":\"WebPage\",\"@id\":\"https:\/\/www.manheim-express.eu\/de\/preise\/\",\"url\":\"https:\/\/www.manheim-express.eu\/de\/preise\/\",\"name\":\"Preise 2022 - Manheim Express\",\"isPartOf\":{\"@id\":\"https:\/\/www.manheim-express.eu\/de\/#website\"},\"primaryImageOfPage\":{\"@id\":\"https:\/\/www.manheim-express.eu\/de\/preise\/#primaryimage\"},\"image\":{\"@id\":\"https:\/\/www.manheim-express.eu\/de\/preise\/#primaryimage\"},\"thumbnailUrl\":\"https:\/\/www.manheim-express.eu\/wp-content\/uploads\/2023\/12\/Manheim-Express-Gebuehren-1024x1010.jpg\",\"datePublished\":\"2022-06-27T09:14:21+00:00\",\"dateModified\":\"2024-07-29T12:14:41+00:00\",\"description\":\"Preise bei Manheim Express - Interessiert? Werde jetzt Mitglied und steiger Deinen Umsatz mit Gebrauchtwagen. Kein Risiko, keine Startgeb\u00fchr\",\"breadcrumb\":{\"@id\":\"https:\/\/www.manheim-express.eu\/de\/preise\/#breadcrumb\"},\"inLanguage\":\"de\",\"potentialAction\":[{\"@type\":\"ReadAction\",\"target\":[\"https:\/\/www.manheim-express.eu\/de\/preise\/\"]}]},{\"@type\":\"ImageObject\",\"inLanguage\":\"de\",\"@id\":\"https:\/\/www.manheim-express.eu\/de\/preise\/#primaryimage\",\"url\":\"https:\/\/www.manheim-express.eu\/wp-content\/uploads\/2023\/12\/Manheim-Express-Gebuehren-1024x1010.jpg\",\"contentUrl\":\"https:\/\/www.manheim-express.eu\/wp-content\/uploads\/2023\/12\/Manheim-Express-Gebuehren-1024x1010.jpg\"},{\"@type\":\"BreadcrumbList\",\"@id\":\"https:\/\/www.manheim-express.eu\/de\/preise\/#breadcrumb\",\"itemListElement\":[{\"@type\":\"ListItem\",\"position\":1,\"name\":\"Home\",\"item\":\"https:\/\/www.manheim-express.eu\/de\/\"},{\"@type\":\"ListItem\",\"position\":2,\"name\":\"PREISE\"}]},{\"@type\":\"WebSite\",\"@id\":\"https:\/\/www.manheim-express.eu\/de\/#website\",\"url\":\"https:\/\/www.manheim-express.eu\/de\/\",\"name\":\"Manheim Express\",\"description\":\"\",\"publisher\":{\"@id\":\"https:\/\/www.manheim-express.eu\/de\/#organization\"},\"potentialAction\":[{\"@type\":\"SearchAction\",\"target\":{\"@type\":\"EntryPoint\",\"urlTemplate\":\"https:\/\/www.manheim-express.eu\/de\/?s={search_term_string}\"},\"query-input\":{\"@type\":\"PropertyValueSpecification\",\"valueRequired\":true,\"valueName\":\"search_term_string\"}}],\"inLanguage\":\"de\"},{\"@type\":\"Organization\",\"@id\":\"https:\/\/www.manheim-express.eu\/de\/#organization\",\"name\":\"Manheim Express\",\"url\":\"https:\/\/www.manheim-express.eu\/de\/\",\"logo\":{\"@type\":\"ImageObject\",\"inLanguage\":\"de\",\"@id\":\"https:\/\/www.manheim-express.eu\/de\/#\/schema\/logo\/image\/\",\"url\":\"https:\/\/www.manheim-express.eu\/wp-content\/uploads\/2021\/07\/manheim-express-logo-light.png\",\"contentUrl\":\"https:\/\/www.manheim-express.eu\/wp-content\/uploads\/2021\/07\/manheim-express-logo-light.png\",\"width\":1163,\"height\":392,\"caption\":\"Manheim Express\"},\"image\":{\"@id\":\"https:\/\/www.manheim-express.eu\/de\/#\/schema\/logo\/image\/\"},\"sameAs\":[\"https:\/\/www.facebook.com\/manheimexpresseurope\/\",\"https:\/\/www.instagram.com\/manheim.express\",\"https:\/\/www.linkedin.com\/company\/manheim-express\/\",\"https:\/\/www.youtube.com\/channel\/UCRKJajJPvJv-ao7Tk7qra5Q\/\"]}]}<\/script>\n<!-- \/ Yoast SEO plugin. -->","yoast_head_json":{"title":"Preise 2022 - Manheim Express","description":"Preise bei Manheim Express - Interessiert? Werde jetzt Mitglied und steiger Deinen Umsatz mit Gebrauchtwagen. Kein Risiko, keine Startgeb\u00fchr","robots":{"index":"index","follow":"follow","max-snippet":"max-snippet:-1","max-image-preview":"max-image-preview:large","max-video-preview":"max-video-preview:-1"},"canonical":"https:\/\/www.manheim-express.eu\/de\/preise\/","og_locale":"de_DE","og_type":"article","og_title":"Preise 2022 - Manheim Express","og_description":"Preise bei Manheim Express - Interessiert? Werde jetzt Mitglied und steiger Deinen Umsatz mit Gebrauchtwagen. Kein Risiko, keine Startgeb\u00fchr","og_url":"https:\/\/www.manheim-express.eu\/de\/preise\/","og_site_name":"Manheim Express","article_publisher":"https:\/\/www.facebook.com\/manheimexpresseurope\/","article_modified_time":"2024-07-29T12:14:41+00:00","og_image":[{"url":"https:\/\/www.manheim-express.eu\/wp-content\/uploads\/2023\/12\/Manheim-Express-Gebuehren-1024x1010.jpg","type":"","width":"","height":""}],"twitter_card":"summary_large_image","twitter_misc":{"Gesch\u00e4tzte Lesezeit":"4\u00a0Minuten"},"schema":{"@context":"https:\/\/schema.org","@graph":[{"@type":"WebPage","@id":"https:\/\/www.manheim-express.eu\/de\/preise\/","url":"https:\/\/www.manheim-express.eu\/de\/preise\/","name":"Preise 2022 - Manheim Express","isPartOf":{"@id":"https:\/\/www.manheim-express.eu\/de\/#website"},"primaryImageOfPage":{"@id":"https:\/\/www.manheim-express.eu\/de\/preise\/#primaryimage"},"image":{"@id":"https:\/\/www.manheim-express.eu\/de\/preise\/#primaryimage"},"thumbnailUrl":"https:\/\/www.manheim-express.eu\/wp-content\/uploads\/2023\/12\/Manheim-Express-Gebuehren-1024x1010.jpg","datePublished":"2022-06-27T09:14:21+00:00","dateModified":"2024-07-29T12:14:41+00:00","description":"Preise bei Manheim Express - Interessiert? Werde jetzt Mitglied und steiger Deinen Umsatz mit Gebrauchtwagen. Kein Risiko, keine Startgeb\u00fchr","breadcrumb":{"@id":"https:\/\/www.manheim-express.eu\/de\/preise\/#breadcrumb"},"inLanguage":"de","potentialAction":[{"@type":"ReadAction","target":["https:\/\/www.manheim-express.eu\/de\/preise\/"]}]},{"@type":"ImageObject","inLanguage":"de","@id":"https:\/\/www.manheim-express.eu\/de\/preise\/#primaryimage","url":"https:\/\/www.manheim-express.eu\/wp-content\/uploads\/2023\/12\/Manheim-Express-Gebuehren-1024x1010.jpg","contentUrl":"https:\/\/www.manheim-express.eu\/wp-content\/uploads\/2023\/12\/Manheim-Express-Gebuehren-1024x1010.jpg"},{"@type":"BreadcrumbList","@id":"https:\/\/www.manheim-express.eu\/de\/preise\/#breadcrumb","itemListElement":[{"@type":"ListItem","position":1,"name":"Home","item":"https:\/\/www.manheim-express.eu\/de\/"},{"@type":"ListItem","position":2,"name":"PREISE"}]},{"@type":"WebSite","@id":"https:\/\/www.manheim-express.eu\/de\/#website","url":"https:\/\/www.manheim-express.eu\/de\/","name":"Manheim Express","description":"","publisher":{"@id":"https:\/\/www.manheim-express.eu\/de\/#organization"},"potentialAction":[{"@type":"SearchAction","target":{"@type":"EntryPoint","urlTemplate":"https:\/\/www.manheim-express.eu\/de\/?s={search_term_string}"},"query-input":{"@type":"PropertyValueSpecification","valueRequired":true,"valueName":"search_term_string"}}],"inLanguage":"de"},{"@type":"Organization","@id":"https:\/\/www.manheim-express.eu\/de\/#organization","name":"Manheim Express","url":"https:\/\/www.manheim-express.eu\/de\/","logo":{"@type":"ImageObject","inLanguage":"de","@id":"https:\/\/www.manheim-express.eu\/de\/#\/schema\/logo\/image\/","url":"https:\/\/www.manheim-express.eu\/wp-content\/uploads\/2021\/07\/manheim-express-logo-light.png","contentUrl":"https:\/\/www.manheim-express.eu\/wp-content\/uploads\/2021\/07\/manheim-express-logo-light.png","width":1163,"height":392,"caption":"Manheim Express"},"image":{"@id":"https:\/\/www.manheim-express.eu\/de\/#\/schema\/logo\/image\/"},"sameAs":["https:\/\/www.facebook.com\/manheimexpresseurope\/","https:\/\/www.instagram.com\/manheim.express","https:\/\/www.linkedin.com\/company\/manheim-express\/","https:\/\/www.youtube.com\/channel\/UCRKJajJPvJv-ao7Tk7qra5Q\/"]}]}},"_links":{"self":[{"href":"https:\/\/www.manheim-express.eu\/de\/wp-json\/wp\/v2\/pages\/11985","targetHints":{"allow":["GET"]}}],"collection":[{"href":"https:\/\/www.manheim-express.eu\/de\/wp-json\/wp\/v2\/pages"}],"about":[{"href":"https:\/\/www.manheim-express.eu\/de\/wp-json\/wp\/v2\/types\/page"}],"author":[{"embeddable":true,"href":"https:\/\/www.manheim-express.eu\/de\/wp-json\/wp\/v2\/users\/7"}],"replies":[{"embeddable":true,"href":"https:\/\/www.manheim-express.eu\/de\/wp-json\/wp\/v2\/comments?post=11985"}],"version-history":[{"count":102,"href":"https:\/\/www.manheim-express.eu\/de\/wp-json\/wp\/v2\/pages\/11985\/revisions"}],"predecessor-version":[{"id":18842,"href":"https:\/\/www.manheim-express.eu\/de\/wp-json\/wp\/v2\/pages\/11985\/revisions\/18842"}],"wp:attachment":[{"href":"https:\/\/www.manheim-express.eu\/de\/wp-json\/wp\/v2\/media?parent=11985"}],"wp:term":[{"taxonomy":"wf_page_folders","embeddable":true,"href":"https:\/\/www.manheim-express.eu\/de\/wp-json\/wp\/v2\/wf_page_folders?post=11985"}],"curies":[{"name":"wp","href":"https:\/\/api.w.org\/{rel}","templated":true}]}}